{"id":293217,"date":"2025-12-02T08:44:56","date_gmt":"2025-12-02T06:44:56","guid":{"rendered":"https:\/\/www.huntersfriend.eu\/product\/grundens-distant-harbor-jacke-anchor\/"},"modified":"2025-12-16T15:14:32","modified_gmt":"2025-12-16T13:14:32","slug":"grundens-distant-harbor-jacke-anchor","status":"publish","type":"product","link":"https:\/\/www.huntersfriend.eu\/de\/produkt\/grundens-distant-harbor-jacke-anchor\/","title":{"rendered":"Grundens Distant Harbor Jacke Anchor"},"content":{"rendered":"<p data-start=\"39\" data-end=\"417\">Ob Sie eine bequeme Zwischenschicht oder eine eigenst\u00e4ndige Jacke ben\u00f6tigen, um W\u00e4rme zu spenden und Feuchtigkeit abzuhalten, die <strong data-start=\"141\" data-end=\"159\">Distant Harbor<\/strong> ist die perfekte L\u00f6sung. Dank ihrer PrimaLoft\u00ae-Isolierung und des leichten Designs bietet diese Jacke eine erstklassige Alternative zu nat\u00fcrlichen Daunen. Mit geringer Wasseraufnahme beh\u00e4lt sie auch im nassen Zustand ihre W\u00e4rme und hilft, Ihre K\u00f6rperw\u00e4rme unter allen Bedingungen zu bewahren.  <\/p>\n<p data-start=\"419\" data-end=\"448\"><strong data-start=\"419\" data-end=\"448\">Technische Daten:<\/strong><\/p>\n<ul data-start=\"450\" data-end=\"777\">\n<li data-start=\"450\" data-end=\"538\">\n<p data-start=\"452\" data-end=\"538\">100 % Nylon-Au\u00dfenmaterial mit DWR-Behandlung f\u00fcr zus\u00e4tzliche Strapazierf\u00e4higkeit und Wasserabweisung<\/p>\n<\/li>\n<li data-start=\"539\" data-end=\"566\">\n<p data-start=\"541\" data-end=\"566\">Hochleistungs-Frontrei\u00dfverschluss<\/p>\n<\/li>\n<li data-start=\"567\" data-end=\"635\">\n<p data-start=\"569\" data-end=\"635\">80 g PrimaLoft\u00ae-Isolierung bietet ausgezeichnete W\u00e4rme und Komfort<\/p>\n<\/li>\n<li data-start=\"636\" data-end=\"656\">\n<p data-start=\"638\" data-end=\"656\">Zwei Handw\u00e4rmertaschen<\/p>\n<\/li>\n<li data-start=\"657\" data-end=\"680\">\n<p data-start=\"659\" data-end=\"680\">Innere Rei\u00dfverschlusstasche<\/p>\n<\/li>\n<li data-start=\"681\" data-end=\"699\">\n<p data-start=\"683\" data-end=\"699\">Verstellbarer Saum<\/p>\n<\/li>\n<li data-start=\"700\" data-end=\"728\">\n<p data-start=\"702\" data-end=\"728\">Reflektierendes Grund\u00e9ns-Logo<\/p>\n<\/li>\n<li data-start=\"729\" data-end=\"777\">\n<p data-start=\"731\" data-end=\"777\">Atmungsaktiv, leicht und einfach zu verstauen<\/p>\n<\/li>\n<\/ul>\n","protected":false},"excerpt":{"rendered":"<p>Ob Sie eine bequeme Zwischenschicht oder eine eigenst\u00e4ndige Jacke ben\u00f6tigen, um W\u00e4rme zu spenden und Feuchtigkeit abzuhalten, die Distant Harbor ist die perfekte L\u00f6sung. Dank ihrer PrimaLoft\u00ae-Isolierung und des leichten Designs bietet diese Jacke eine erstklassige Alternative zu nat\u00fcrlichen Daunen. Mit geringer Wasseraufnahme beh\u00e4lt sie auch im nassen Zustand ihre W\u00e4rme und hilft, Ihre K\u00f6rperw\u00e4rme [&#8230;]\n","protected":false},"featured_media":292789,"comment_status":"open","ping_status":"closed","template":"","meta":[],"product_brand":[],"product_cat":[1384],"product_tag":[],"class_list":{"0":"post-293217","1":"product","2":"type-product","3":"status-publish","4":"has-post-thumbnail","6":"product_cat-jacken","8":"first","9":"instock","10":"taxable","11":"shipping-taxable","12":"purchasable","13":"product-type-variable"},"composite_virtual":false,"composite_layout":"","composite_add_to_cart_form_location":"","composite_editable_in_cart":false,"composite_sold_individually_context":"","composite_shop_price_calc":"","composite_components":[],"composite_scenarios":[],"group_of_quantity":0,"min_quantity":0,"max_quantity":"","exclude_order_quantity_value_rules":"no","exclude_category_quantity_rules":"no","combine_variations":"no","exclude_global_add_ons":[],"addons":[],"_links":{"self":[{"href":"https:\/\/www.huntersfriend.eu\/de\/wp-json\/wp\/v2\/product\/293217","targetHints":{"allow":["GET"]}}],"collection":[{"href":"https:\/\/www.huntersfriend.eu\/de\/wp-json\/wp\/v2\/product"}],"about":[{"href":"https:\/\/www.huntersfriend.eu\/de\/wp-json\/wp\/v2\/types\/product"}],"replies":[{"embeddable":true,"href":"https:\/\/www.huntersfriend.eu\/de\/wp-json\/wp\/v2\/comments?post=293217"}],"wp:featuredmedia":[{"embeddable":true,"href":"https:\/\/www.huntersfriend.eu\/de\/wp-json\/wp\/v2\/media\/292789"}],"wp:attachment":[{"href":"https:\/\/www.huntersfriend.eu\/de\/wp-json\/wp\/v2\/media?parent=293217"}],"wp:term":[{"taxonomy":"product_brand","embeddable":true,"href":"https:\/\/www.huntersfriend.eu\/de\/wp-json\/wp\/v2\/product_brand?post=293217"},{"taxonomy":"product_cat","embeddable":true,"href":"https:\/\/www.huntersfriend.eu\/de\/wp-json\/wp\/v2\/product_cat?post=293217"},{"taxonomy":"product_tag","embeddable":true,"href":"https:\/\/www.huntersfriend.eu\/de\/wp-json\/wp\/v2\/product_tag?post=293217"}],"curies":[{"name":"wp","href":"https:\/\/api.w.org\/{rel}","templated":true}]}}