{"id":293216,"date":"2025-12-02T08:44:57","date_gmt":"2025-12-02T06:44:57","guid":{"rendered":"https:\/\/www.huntersfriend.eu\/product\/grundens-bering-fleece-pro-weste\/"},"modified":"2025-12-16T15:14:18","modified_gmt":"2025-12-16T13:14:18","slug":"grundens-bering-fleece-pro-weste","status":"publish","type":"product","link":"https:\/\/www.huntersfriend.eu\/de\/produkt\/grundens-bering-fleece-pro-weste\/","title":{"rendered":"Grundens Bering Fleece Pro Weste"},"content":{"rendered":"<p data-start=\"39\" data-end=\"395\">Die <strong data-start=\"43\" data-end=\"74\">Grund\u00e9ns Bering Fleece Weste<\/strong> wurde entwickelt, um optimale W\u00e4rme, Strapazierf\u00e4higkeit und Funktionalit\u00e4t sowohl f\u00fcr Outdoor-Aktivit\u00e4ten als auch f\u00fcr den Alltag zu bieten. Diese hochwertige Fleeceweste ist eine ausgezeichnete Wahl zum Layern oder als leichte Au\u00dfenschicht an k\u00fchleren Tagen. Die Grund\u00e9ns Bering Fleece Weste bietet zuverl\u00e4ssige Leistung und Komfort in jeder Situation.  <\/p>\n<p data-start=\"397\" data-end=\"439\"><strong data-start=\"397\" data-end=\"439\">Eigenschaften und technische Spezifikationen:<\/strong><\/p>\n<ul data-start=\"441\" data-end=\"904\">\n<li data-start=\"441\" data-end=\"526\">\n<p data-start=\"443\" data-end=\"526\"><strong data-start=\"443\" data-end=\"456\">Material:<\/strong> 100 % Polyester \u2013 mittelschweres Fleece, das W\u00e4rme und Atmungsaktivit\u00e4t bietet<\/p>\n<\/li>\n<li data-start=\"527\" data-end=\"664\">\n<p data-start=\"529\" data-end=\"664\"><strong data-start=\"529\" data-end=\"553\">Brustverst\u00e4rkung:<\/strong> Strapazierf\u00e4hige und DWR-behandelte (Durable Water Repellent) Stretch-Polyester-Verst\u00e4rkung, die leichte Feuchtigkeit abweist<\/p>\n<\/li>\n<li data-start=\"665\" data-end=\"837\">\n<p data-start=\"667\" data-end=\"690\"><strong data-start=\"667\" data-end=\"688\">Rei\u00dfverschlusstaschen:<\/strong><\/p>\n<ul data-start=\"693\" data-end=\"837\">\n<li data-start=\"693\" data-end=\"765\">\n<p data-start=\"695\" data-end=\"765\"><strong data-start=\"695\" data-end=\"712\">Handw\u00e4rmertaschen:<\/strong> Warm gef\u00fctterte Rei\u00dfverschlusstaschen, um die H\u00e4nde warm zu halten<\/p>\n<\/li>\n<li data-start=\"768\" data-end=\"837\">\n<p data-start=\"770\" data-end=\"837\"><strong data-start=\"770\" data-end=\"787\">Brusttasche:<\/strong> Praktische Brusttasche mit Rei\u00dfverschluss f\u00fcr kleine Gegenst\u00e4nde<\/p>\n<\/li>\n<\/ul>\n<\/li>\n<li data-start=\"838\" data-end=\"904\">\n<p data-start=\"840\" data-end=\"904\"><strong data-start=\"840\" data-end=\"868\">Leicht und strapazierf\u00e4hig:<\/strong> Ideal zum Layern und f\u00fcr den aktiven Einsatz<\/p>\n<\/li>\n<\/ul>\n","protected":false},"excerpt":{"rendered":"<p>Die Grund\u00e9ns Bering Fleece Weste wurde entwickelt, um optimale W\u00e4rme, Strapazierf\u00e4higkeit und Funktionalit\u00e4t sowohl f\u00fcr Outdoor-Aktivit\u00e4ten als auch f\u00fcr den Alltag zu bieten. Diese hochwertige Fleeceweste ist eine ausgezeichnete Wahl zum Layern oder als leichte Au\u00dfenschicht an k\u00fchleren Tagen. Die Grund\u00e9ns Bering Fleece Weste bietet zuverl\u00e4ssige Leistung und Komfort in jeder Situation. Eigenschaften und technische [&#8230;]\n","protected":false},"featured_media":292799,"comment_status":"open","ping_status":"closed","template":"","meta":[],"product_brand":[],"product_cat":[1386],"product_tag":[],"class_list":{"0":"post-293216","1":"product","2":"type-product","3":"status-publish","4":"has-post-thumbnail","6":"product_cat-westen","8":"first","9":"instock","10":"taxable","11":"shipping-taxable","12":"purchasable","13":"product-type-variable"},"composite_virtual":false,"composite_layout":"","composite_add_to_cart_form_location":"","composite_editable_in_cart":false,"composite_sold_individually_context":"","composite_shop_price_calc":"","composite_components":[],"composite_scenarios":[],"group_of_quantity":0,"min_quantity":0,"max_quantity":"","exclude_order_quantity_value_rules":"no","exclude_category_quantity_rules":"no","combine_variations":"no","exclude_global_add_ons":[],"addons":[],"_links":{"self":[{"href":"https:\/\/www.huntersfriend.eu\/de\/wp-json\/wp\/v2\/product\/293216","targetHints":{"allow":["GET"]}}],"collection":[{"href":"https:\/\/www.huntersfriend.eu\/de\/wp-json\/wp\/v2\/product"}],"about":[{"href":"https:\/\/www.huntersfriend.eu\/de\/wp-json\/wp\/v2\/types\/product"}],"replies":[{"embeddable":true,"href":"https:\/\/www.huntersfriend.eu\/de\/wp-json\/wp\/v2\/comments?post=293216"}],"wp:featuredmedia":[{"embeddable":true,"href":"https:\/\/www.huntersfriend.eu\/de\/wp-json\/wp\/v2\/media\/292799"}],"wp:attachment":[{"href":"https:\/\/www.huntersfriend.eu\/de\/wp-json\/wp\/v2\/media?parent=293216"}],"wp:term":[{"taxonomy":"product_brand","embeddable":true,"href":"https:\/\/www.huntersfriend.eu\/de\/wp-json\/wp\/v2\/product_brand?post=293216"},{"taxonomy":"product_cat","embeddable":true,"href":"https:\/\/www.huntersfriend.eu\/de\/wp-json\/wp\/v2\/product_cat?post=293216"},{"taxonomy":"product_tag","embeddable":true,"href":"https:\/\/www.huntersfriend.eu\/de\/wp-json\/wp\/v2\/product_tag?post=293216"}],"curies":[{"name":"wp","href":"https:\/\/api.w.org\/{rel}","templated":true}]}}