{"id":293193,"date":"2025-12-02T08:45:09","date_gmt":"2025-12-02T06:45:09","guid":{"rendered":"https:\/\/www.huntersfriend.eu\/product\/grundens-logo-boat-kapuzenpullover\/"},"modified":"2025-12-16T15:13:59","modified_gmt":"2025-12-16T13:13:59","slug":"grundens-logo-boat-kapuzenpullover","status":"publish","type":"product","link":"https:\/\/www.huntersfriend.eu\/de\/produkt\/grundens-logo-boat-kapuzenpullover\/","title":{"rendered":"Grundens Logo Boat Kapuzenpullover"},"content":{"rendered":"<article class=\"text-token-text-primary w-full focus:outline-none [--shadow-height:45px] has-data-writing-block:pointer-events-none has-data-writing-block:-mt-(--shadow-height) has-data-writing-block:pt-(--shadow-height) [&amp;:has([data-writing-block])&gt;*]:pointer-events-auto scroll-mt-[calc(var(--header-height)+min(200px,max(70px,20svh)))]\" dir=\"auto\" tabindex=\"-1\" data-turn-id=\"request-WEB:b4209ec9-e01a-4d96-bc2f-6c787cce18e8-2\" data-testid=\"conversation-turn-6\" data-scroll-anchor=\"true\" data-turn=\"assistant\">\n<div class=\"text-base my-auto mx-auto pb-10 [--thread-content-margin:--spacing(4)] thread-sm:[--thread-content-margin:--spacing(6)] thread-lg:[--thread-content-margin:--spacing(16)] px-(--thread-content-margin)\">\n<div class=\"[--thread-content-max-width:40rem] thread-lg:[--thread-content-max-width:48rem] mx-auto max-w-(--thread-content-max-width) flex-1 group\/turn-messages focus-visible:outline-hidden relative flex w-full min-w-0 flex-col agent-turn\" tabindex=\"-1\">\n<div class=\"flex max-w-full flex-col grow\">\n<div class=\"min-h-8 text-message relative flex w-full flex-col items-end gap-2 text-start break-words whitespace-normal [.text-message+&amp;]:mt-1\" dir=\"auto\" data-message-author-role=\"assistant\" data-message-id=\"077825d7-1d25-4337-b521-4d4427c1dc88\" data-message-model-slug=\"gpt-5-1\">\n<div class=\"flex w-full flex-col gap-1 empty:hidden first:pt-[1px]\">\n<div class=\"markdown prose dark:prose-invert w-full break-words light markdown-new-styling\">\n<p data-start=\"39\" data-end=\"378\">Dieser strapazierf\u00e4hige Kapuzenpullover h\u00e4lt Sie warm und gesch\u00fctzt, selbst bei leichtem Regen. Die DWR-Behandlung weist Wasser und Flecken ab und sorgt daf\u00fcr, dass Sie trocken und komfortabel bleiben. Sein robustes und praktisches Design macht ihn zu einem zuverl\u00e4ssigen Begleiter f\u00fcr Arbeit und Freizeit. Der klassische maritime Stil verbindet Funktionalit\u00e4t und Aussehen, egal ob Sie auf dem Wasser oder an Land sind.   <\/p>\n<p data-start=\"380\" data-end=\"389\">Eigenschaften:<\/p>\n<ul data-start=\"391\" data-end=\"583\">\n<li data-start=\"391\" data-end=\"435\">\n<p data-start=\"393\" data-end=\"435\">Ultraweiches 50\/50 Baumwoll-Polyester-Fleece<\/p>\n<\/li>\n<li data-start=\"436\" data-end=\"477\">\n<p data-start=\"438\" data-end=\"477\">DWR-Behandlung weist Wasser und Flecken ab<\/p>\n<\/li>\n<li data-start=\"478\" data-end=\"520\">\n<p data-start=\"480\" data-end=\"520\">K\u00e4ngurutasche zum W\u00e4rmen der H\u00e4nde<\/p>\n<\/li>\n<li data-start=\"521\" data-end=\"583\">\n<p data-start=\"523\" data-end=\"583\">Geeignet zum alleinigen Tragen oder als Teil eines Schichtsystems<\/p>\n<\/li>\n<\/ul>\n<p data-start=\"585\" data-end=\"610\">Technische Daten:<\/p>\n<ul data-start=\"612\" data-end=\"812\" data-is-last-node=\"\" data-is-only-node=\"\">\n<li data-start=\"612\" data-end=\"650\">\n<p data-start=\"614\" data-end=\"650\">Material: 50 % Baumwolle \/ 50 % Polyester<\/p>\n<\/li>\n<li data-start=\"651\" data-end=\"730\">\n<p data-start=\"653\" data-end=\"730\">Pflegehinweise: Maschinenw\u00e4sche bei 40 \u00b0C mit \u00e4hnlichen Farben, Trocknergeeignet bei niedriger Temperatur<\/p>\n<\/li>\n<li data-start=\"731\" data-end=\"812\" data-is-last-node=\"\">\n<p data-start=\"733\" data-end=\"812\" data-is-last-node=\"\">Nicht b\u00fcgeln, chemisch reinigen oder pulverf\u00f6rmige Waschmittel, Weichsp\u00fcler oder Bleichmittel verwenden<\/p>\n<\/li>\n<\/ul>\n<\/div>\n<\/div>\n<\/div>\n<\/div>\n<div class=\"z-0 flex min-h-[46px] justify-start\"><\/div>\n<\/div>\n<\/div>\n<\/article>\n<div class=\"pointer-events-none h-px w-px\" aria-hidden=\"true\" data-edge=\"true\"><\/div>\n","protected":false},"excerpt":{"rendered":"<p>Dieser strapazierf\u00e4hige Kapuzenpullover h\u00e4lt Sie warm und gesch\u00fctzt, selbst bei leichtem Regen. Die DWR-Behandlung weist Wasser und Flecken ab und sorgt daf\u00fcr, dass Sie trocken und komfortabel bleiben. Sein robustes und praktisches Design macht ihn zu einem zuverl\u00e4ssigen Begleiter f\u00fcr Arbeit und Freizeit. Der klassische maritime Stil verbindet Funktionalit\u00e4t und Aussehen, egal ob Sie auf [&#8230;]\n","protected":false},"featured_media":292928,"comment_status":"open","ping_status":"closed","template":"","meta":[],"product_brand":[],"product_cat":[2184],"product_tag":[],"class_list":{"0":"post-293193","1":"product","2":"type-product","3":"status-publish","4":"has-post-thumbnail","6":"product_cat-hemden-kapuzenpullover","8":"first","9":"instock","10":"taxable","11":"shipping-taxable","12":"purchasable","13":"product-type-variable"},"composite_virtual":false,"composite_layout":"","composite_add_to_cart_form_location":"","composite_editable_in_cart":false,"composite_sold_individually_context":"","composite_shop_price_calc":"","composite_components":[],"composite_scenarios":[],"group_of_quantity":0,"min_quantity":0,"max_quantity":"","exclude_order_quantity_value_rules":"no","exclude_category_quantity_rules":"no","combine_variations":"no","exclude_global_add_ons":[],"addons":[],"_links":{"self":[{"href":"https:\/\/www.huntersfriend.eu\/de\/wp-json\/wp\/v2\/product\/293193","targetHints":{"allow":["GET"]}}],"collection":[{"href":"https:\/\/www.huntersfriend.eu\/de\/wp-json\/wp\/v2\/product"}],"about":[{"href":"https:\/\/www.huntersfriend.eu\/de\/wp-json\/wp\/v2\/types\/product"}],"replies":[{"embeddable":true,"href":"https:\/\/www.huntersfriend.eu\/de\/wp-json\/wp\/v2\/comments?post=293193"}],"wp:featuredmedia":[{"embeddable":true,"href":"https:\/\/www.huntersfriend.eu\/de\/wp-json\/wp\/v2\/media\/292928"}],"wp:attachment":[{"href":"https:\/\/www.huntersfriend.eu\/de\/wp-json\/wp\/v2\/media?parent=293193"}],"wp:term":[{"taxonomy":"product_brand","embeddable":true,"href":"https:\/\/www.huntersfriend.eu\/de\/wp-json\/wp\/v2\/product_brand?post=293193"},{"taxonomy":"product_cat","embeddable":true,"href":"https:\/\/www.huntersfriend.eu\/de\/wp-json\/wp\/v2\/product_cat?post=293193"},{"taxonomy":"product_tag","embeddable":true,"href":"https:\/\/www.huntersfriend.eu\/de\/wp-json\/wp\/v2\/product_tag?post=293193"}],"curies":[{"name":"wp","href":"https:\/\/api.w.org\/{rel}","templated":true}]}}