{"id":293192,"date":"2025-12-02T08:45:07","date_gmt":"2025-12-02T06:45:07","guid":{"rendered":"https:\/\/www.huntersfriend.eu\/product\/grundens-bulkhead-softshell-jacke-dunkelblau\/"},"modified":"2026-03-26T13:45:54","modified_gmt":"2026-03-26T11:45:54","slug":"grundens-bulkhead-softshell-jacke-dunkelblau","status":"publish","type":"product","link":"https:\/\/www.huntersfriend.eu\/de\/produkt\/grundens-bulkhead-softshell-jacke-dunkelblau\/","title":{"rendered":"Grundens Bulkhead Softshell Jacke \u2013 Dunkelblau"},"content":{"rendered":"<p data-start=\"39\" data-end=\"124\"><strong data-start=\"39\" data-end=\"122\">Bulkhead Winddichte Softshell Jacke \u2013 Zuverl\u00e4ssiger Schutz vor K\u00e4lte und Wind<\/strong><\/p>\n<p data-start=\"126\" data-end=\"547\">Die Bulkhead Jacke wurde entwickelt, um die K\u00f6rperw\u00e4rme auch unter anspruchsvollen Bedingungen zu speichern. Allein getragen bietet sie einen technischen, robusten Schutz gegen kaltes und nasses Wetter. Als Zwischenschicht verwendet, entsteht ein winddichtes, leistungsstarkes System. Diese mittelschwere Softshell ist ideal f\u00fcr den Einsatz auf See, beim Wandern und bei allt\u00e4glichen Outdoor-Aktivit\u00e4ten. Praktische Taschen und verstellbare Details machen sie zu einer zuverl\u00e4ssigen Wahl f\u00fcr den aktiven Gebrauch.   <\/p>\n<p data-start=\"549\" data-end=\"568\"><strong data-start=\"549\" data-end=\"566\">Hauptmerkmale:<\/strong><\/p>\n<ul data-start=\"569\" data-end=\"759\">\n<li data-start=\"569\" data-end=\"600\">\n<p data-start=\"571\" data-end=\"600\">3-lagige, winddichte Softshell<\/p>\n<\/li>\n<li data-start=\"601\" data-end=\"629\">\n<p data-start=\"603\" data-end=\"629\">Weiches, warmes Fleecefutter<\/p>\n<\/li>\n<li data-start=\"630\" data-end=\"673\">\n<p data-start=\"632\" data-end=\"673\">Vier-Wege-Stretch und gute Atmungsaktivit\u00e4t<\/p>\n<\/li>\n<li data-start=\"674\" data-end=\"729\">\n<p data-start=\"676\" data-end=\"729\">Fleecegef\u00fctterte Handw\u00e4rmertaschen und Brusttasche mit Rei\u00dfverschluss<\/p>\n<\/li>\n<li data-start=\"730\" data-end=\"759\">\n<p data-start=\"732\" data-end=\"759\">Verstellbare Kapuze und \u00c4rmelb\u00fcndchen<\/p>\n<\/li>\n<\/ul>\n<p data-start=\"761\" data-end=\"792\"><strong data-start=\"761\" data-end=\"790\">Technische Daten:<\/strong><\/p>\n<ul data-start=\"793\" data-end=\"1040\">\n<li data-start=\"793\" data-end=\"817\">\n<p data-start=\"795\" data-end=\"817\"><strong data-start=\"795\" data-end=\"805\">Farbe:<\/strong> Dunkelmarine<\/p>\n<\/li>\n<li data-start=\"818\" data-end=\"875\">\n<p data-start=\"820\" data-end=\"875\"><strong data-start=\"820\" data-end=\"833\">Material:<\/strong> 3L Softshell mit geb\u00fcrstetem Fleecefutter<\/p>\n<\/li>\n<li data-start=\"876\" data-end=\"919\">\n<p data-start=\"878\" data-end=\"919\"><strong data-start=\"878\" data-end=\"891\">Eigenschaften:<\/strong> 4-Wege-Stretch, atmungsaktiv<\/p>\n<\/li>\n<li data-start=\"920\" data-end=\"1040\">\n<p data-start=\"922\" data-end=\"1040\"><strong data-start=\"922\" data-end=\"931\">Pflege:<\/strong> Maschinenw\u00e4sche bei 40 \u00b0C mit \u00e4hnlichen Farben, bei niedriger Temperatur im Trockner trocknen, nicht b\u00fcgeln, nicht chemisch reinigen oder scharfe Waschmittel verwenden<\/p>\n<\/li>\n<\/ul>\n","protected":false},"excerpt":{"rendered":"<p>Bulkhead Winddichte Softshell Jacke \u2013 Zuverl\u00e4ssiger Schutz vor K\u00e4lte und Wind Die Bulkhead Jacke wurde entwickelt, um die K\u00f6rperw\u00e4rme auch unter anspruchsvollen Bedingungen zu speichern. Allein getragen bietet sie einen technischen, robusten Schutz gegen kaltes und nasses Wetter. Als Zwischenschicht verwendet, entsteht ein winddichtes, leistungsstarkes System. Diese mittelschwere Softshell ist ideal f\u00fcr den Einsatz auf [&#8230;]\n","protected":false},"featured_media":292887,"comment_status":"open","ping_status":"closed","template":"","meta":[],"product_brand":[],"product_cat":[2741,1384],"product_tag":[],"class_list":{"0":"post-293192","1":"product","2":"type-product","3":"status-publish","4":"has-post-thumbnail","6":"product_cat-jackor","7":"product_cat-jacken","9":"first","10":"instock","11":"taxable","12":"shipping-taxable","13":"purchasable","14":"product-type-variable"},"composite_virtual":false,"composite_layout":"","composite_add_to_cart_form_location":"","composite_editable_in_cart":false,"composite_sold_individually_context":"","composite_shop_price_calc":"","composite_components":[],"composite_scenarios":[],"group_of_quantity":0,"min_quantity":0,"max_quantity":"","exclude_order_quantity_value_rules":"no","exclude_category_quantity_rules":"no","combine_variations":"no","exclude_global_add_ons":[],"addons":[],"_links":{"self":[{"href":"https:\/\/www.huntersfriend.eu\/de\/wp-json\/wp\/v2\/product\/293192","targetHints":{"allow":["GET"]}}],"collection":[{"href":"https:\/\/www.huntersfriend.eu\/de\/wp-json\/wp\/v2\/product"}],"about":[{"href":"https:\/\/www.huntersfriend.eu\/de\/wp-json\/wp\/v2\/types\/product"}],"replies":[{"embeddable":true,"href":"https:\/\/www.huntersfriend.eu\/de\/wp-json\/wp\/v2\/comments?post=293192"}],"wp:featuredmedia":[{"embeddable":true,"href":"https:\/\/www.huntersfriend.eu\/de\/wp-json\/wp\/v2\/media\/292887"}],"wp:attachment":[{"href":"https:\/\/www.huntersfriend.eu\/de\/wp-json\/wp\/v2\/media?parent=293192"}],"wp:term":[{"taxonomy":"product_brand","embeddable":true,"href":"https:\/\/www.huntersfriend.eu\/de\/wp-json\/wp\/v2\/product_brand?post=293192"},{"taxonomy":"product_cat","embeddable":true,"href":"https:\/\/www.huntersfriend.eu\/de\/wp-json\/wp\/v2\/product_cat?post=293192"},{"taxonomy":"product_tag","embeddable":true,"href":"https:\/\/www.huntersfriend.eu\/de\/wp-json\/wp\/v2\/product_tag?post=293192"}],"curies":[{"name":"wp","href":"https:\/\/api.w.org\/{rel}","templated":true}]}}