{"id":293180,"date":"2025-12-02T08:45:03","date_gmt":"2025-12-02T06:45:03","guid":{"rendered":"https:\/\/www.huntersfriend.eu\/product\/grundens-grundies-thermal-1-2-zip-funktionswaesche\/"},"modified":"2025-12-16T15:16:01","modified_gmt":"2025-12-16T13:16:01","slug":"grundens-grundies-thermal-1-2-zip-funktionswaesche","status":"publish","type":"product","link":"https:\/\/www.huntersfriend.eu\/de\/produkt\/grundens-grundies-thermal-1-2-zip-funktionswaesche\/","title":{"rendered":"Grundens Grundies Thermal 1\/2 Zip Funktionsw\u00e4sche"},"content":{"rendered":"<p data-start=\"39\" data-end=\"153\">Das <strong data-start=\"43\" data-end=\"72\">Grund\u00e9ns Grundies Thermal<\/strong> ist ein warmes, hochwertiges Mid-Layer-Shirt, das f\u00fcr kalte und feuchte Bedingungen entwickelt wurde.<\/p>\n<p data-start=\"155\" data-end=\"310\">Das Shirt besteht aus dehnbarem, temperaturregulierendem Fleece. Es verf\u00fcgt \u00fcber eine <strong data-start=\"231\" data-end=\"263\">HeiQ\u2122 Geruchskontrollbehandlung<\/strong>, die Ger\u00fcche auch bei starker Beanspruchung in Schach h\u00e4lt. <\/p>\n<p data-start=\"312\" data-end=\"368\">Perfekt f\u00fcr Angelausfl\u00fcge oder andere Outdoor-Aktivit\u00e4ten.<\/p>\n<ul data-start=\"370\" data-end=\"558\">\n<li data-start=\"370\" data-end=\"438\">\n<p data-start=\"372\" data-end=\"438\">Strapazierf\u00e4higes Stretch-Fleece mit temperaturregulierenden Eigenschaften<\/p>\n<\/li>\n<li data-start=\"439\" data-end=\"484\">\n<p data-start=\"441\" data-end=\"484\">Tiefer Frontrei\u00dfverschluss f\u00fcr maximale Bel\u00fcftung<\/p>\n<\/li>\n<li data-start=\"485\" data-end=\"525\">\n<p data-start=\"487\" data-end=\"525\">Brusttasche zur Aufbewahrung kleiner Gegenst\u00e4nde<\/p>\n<\/li>\n<li data-start=\"526\" data-end=\"558\">\n<p data-start=\"528\" data-end=\"558\">HeiQ\u2122-Geruchskontrollbehandlung<\/p>\n<\/li>\n<\/ul>\n","protected":false},"excerpt":{"rendered":"<p>Das Grund\u00e9ns Grundies Thermal ist ein warmes, hochwertiges Mid-Layer-Shirt, das f\u00fcr kalte und feuchte Bedingungen entwickelt wurde. Das Shirt besteht aus dehnbarem, temperaturregulierendem Fleece. Es verf\u00fcgt \u00fcber eine HeiQ\u2122 Geruchskontrollbehandlung, die Ger\u00fcche auch bei starker Beanspruchung in Schach h\u00e4lt. Perfekt f\u00fcr Angelausfl\u00fcge oder andere Outdoor-Aktivit\u00e4ten. Strapazierf\u00e4higes Stretch-Fleece mit temperaturregulierenden Eigenschaften Tiefer Frontrei\u00dfverschluss f\u00fcr maximale Bel\u00fcftung [&#8230;]\n","protected":false},"featured_media":292843,"comment_status":"open","ping_status":"closed","template":"","meta":[],"product_brand":[],"product_cat":[1203],"product_tag":[],"class_list":{"0":"post-293180","1":"product","2":"type-product","3":"status-publish","4":"has-post-thumbnail","6":"product_cat-kleidungsschichten","8":"first","9":"instock","10":"taxable","11":"shipping-taxable","12":"purchasable","13":"product-type-variable"},"composite_virtual":false,"composite_layout":"","composite_add_to_cart_form_location":"","composite_editable_in_cart":false,"composite_sold_individually_context":"","composite_shop_price_calc":"","composite_components":[],"composite_scenarios":[],"group_of_quantity":0,"min_quantity":0,"max_quantity":"","exclude_order_quantity_value_rules":"no","exclude_category_quantity_rules":"no","combine_variations":"no","exclude_global_add_ons":[],"addons":[],"_links":{"self":[{"href":"https:\/\/www.huntersfriend.eu\/de\/wp-json\/wp\/v2\/product\/293180","targetHints":{"allow":["GET"]}}],"collection":[{"href":"https:\/\/www.huntersfriend.eu\/de\/wp-json\/wp\/v2\/product"}],"about":[{"href":"https:\/\/www.huntersfriend.eu\/de\/wp-json\/wp\/v2\/types\/product"}],"replies":[{"embeddable":true,"href":"https:\/\/www.huntersfriend.eu\/de\/wp-json\/wp\/v2\/comments?post=293180"}],"wp:featuredmedia":[{"embeddable":true,"href":"https:\/\/www.huntersfriend.eu\/de\/wp-json\/wp\/v2\/media\/292843"}],"wp:attachment":[{"href":"https:\/\/www.huntersfriend.eu\/de\/wp-json\/wp\/v2\/media?parent=293180"}],"wp:term":[{"taxonomy":"product_brand","embeddable":true,"href":"https:\/\/www.huntersfriend.eu\/de\/wp-json\/wp\/v2\/product_brand?post=293180"},{"taxonomy":"product_cat","embeddable":true,"href":"https:\/\/www.huntersfriend.eu\/de\/wp-json\/wp\/v2\/product_cat?post=293180"},{"taxonomy":"product_tag","embeddable":true,"href":"https:\/\/www.huntersfriend.eu\/de\/wp-json\/wp\/v2\/product_tag?post=293180"}],"curies":[{"name":"wp","href":"https:\/\/api.w.org\/{rel}","templated":true}]}}