{"id":293171,"date":"2025-12-02T08:45:04","date_gmt":"2025-12-02T06:45:04","guid":{"rendered":"https:\/\/www.huntersfriend.eu\/product\/grundens-grundies-thermal-1-2-zip-deep-depths\/"},"modified":"2025-12-16T15:15:43","modified_gmt":"2025-12-16T13:15:43","slug":"grundens-grundies-thermal-1-2-zip-deep-depths","status":"publish","type":"product","link":"https:\/\/www.huntersfriend.eu\/de\/produkt\/grundens-grundies-thermal-1-2-zip-deep-depths\/","title":{"rendered":"Grundens Grundies Thermal 1\/2 Zip Deep Depths"},"content":{"rendered":"<p data-start=\"39\" data-end=\"147\">Das <strong data-start=\"43\" data-end=\"72\">Grund\u00e9ns Grundies Thermal<\/strong> ist eine warme, hochwertige Zwischenschicht, die f\u00fcr kalte und feuchte Bedingungen entwickelt wurde.<\/p>\n<p data-start=\"149\" data-end=\"306\">Das Shirt ist aus dehnbarem, temperaturregulierendem Fleece gefertigt. Es verf\u00fcgt \u00fcber eine <strong data-start=\"225\" data-end=\"257\">HeiQ\u2122-Geruchskontrollbehandlung<\/strong>, die Ger\u00fcche auch bei starker Beanspruchung fernh\u00e4lt. <\/p>\n<p data-start=\"308\" data-end=\"364\">Perfekt f\u00fcr Angelausfl\u00fcge oder andere Outdoor-Aktivit\u00e4ten.<\/p>\n<ul data-start=\"366\" data-end=\"554\">\n<li data-start=\"366\" data-end=\"434\">\n<p data-start=\"368\" data-end=\"434\">Strapazierf\u00e4higes Stretch-Fleece mit temperaturregulierenden Eigenschaften<\/p>\n<\/li>\n<li data-start=\"435\" data-end=\"480\">\n<p data-start=\"437\" data-end=\"480\">Tiefer Frontrei\u00dfverschluss f\u00fcr maximale Bel\u00fcftung<\/p>\n<\/li>\n<li data-start=\"481\" data-end=\"521\">\n<p data-start=\"483\" data-end=\"521\">Brusttasche zur Aufbewahrung kleiner Gegenst\u00e4nde<\/p>\n<\/li>\n<li data-start=\"522\" data-end=\"554\">\n<p data-start=\"524\" data-end=\"554\">HeiQ\u2122-Geruchskontrollbehandlung<\/p>\n<\/li>\n<\/ul>\n","protected":false},"excerpt":{"rendered":"<p>Das Grund\u00e9ns Grundies Thermal ist eine warme, hochwertige Zwischenschicht, die f\u00fcr kalte und feuchte Bedingungen entwickelt wurde. Das Shirt ist aus dehnbarem, temperaturregulierendem Fleece gefertigt. Es verf\u00fcgt \u00fcber eine HeiQ\u2122-Geruchskontrollbehandlung, die Ger\u00fcche auch bei starker Beanspruchung fernh\u00e4lt. Perfekt f\u00fcr Angelausfl\u00fcge oder andere Outdoor-Aktivit\u00e4ten. Strapazierf\u00e4higes Stretch-Fleece mit temperaturregulierenden Eigenschaften Tiefer Frontrei\u00dfverschluss f\u00fcr maximale Bel\u00fcftung Brusttasche zur [&#8230;]\n","protected":false},"featured_media":292853,"comment_status":"open","ping_status":"closed","template":"","meta":[],"product_brand":[],"product_cat":[1203],"product_tag":[],"class_list":{"0":"post-293171","1":"product","2":"type-product","3":"status-publish","4":"has-post-thumbnail","6":"product_cat-kleidungsschichten","8":"first","9":"instock","10":"taxable","11":"shipping-taxable","12":"purchasable","13":"product-type-variable"},"composite_virtual":false,"composite_layout":"","composite_add_to_cart_form_location":"","composite_editable_in_cart":false,"composite_sold_individually_context":"","composite_shop_price_calc":"","composite_components":[],"composite_scenarios":[],"group_of_quantity":0,"min_quantity":0,"max_quantity":"","exclude_order_quantity_value_rules":"no","exclude_category_quantity_rules":"no","combine_variations":"no","exclude_global_add_ons":[],"addons":[],"_links":{"self":[{"href":"https:\/\/www.huntersfriend.eu\/de\/wp-json\/wp\/v2\/product\/293171","targetHints":{"allow":["GET"]}}],"collection":[{"href":"https:\/\/www.huntersfriend.eu\/de\/wp-json\/wp\/v2\/product"}],"about":[{"href":"https:\/\/www.huntersfriend.eu\/de\/wp-json\/wp\/v2\/types\/product"}],"replies":[{"embeddable":true,"href":"https:\/\/www.huntersfriend.eu\/de\/wp-json\/wp\/v2\/comments?post=293171"}],"wp:featuredmedia":[{"embeddable":true,"href":"https:\/\/www.huntersfriend.eu\/de\/wp-json\/wp\/v2\/media\/292853"}],"wp:attachment":[{"href":"https:\/\/www.huntersfriend.eu\/de\/wp-json\/wp\/v2\/media?parent=293171"}],"wp:term":[{"taxonomy":"product_brand","embeddable":true,"href":"https:\/\/www.huntersfriend.eu\/de\/wp-json\/wp\/v2\/product_brand?post=293171"},{"taxonomy":"product_cat","embeddable":true,"href":"https:\/\/www.huntersfriend.eu\/de\/wp-json\/wp\/v2\/product_cat?post=293171"},{"taxonomy":"product_tag","embeddable":true,"href":"https:\/\/www.huntersfriend.eu\/de\/wp-json\/wp\/v2\/product_tag?post=293171"}],"curies":[{"name":"wp","href":"https:\/\/api.w.org\/{rel}","templated":true}]}}