{"id":293170,"date":"2025-12-02T08:45:05","date_gmt":"2025-12-02T06:45:05","guid":{"rendered":"https:\/\/www.huntersfriend.eu\/product\/grundens-grundies-thermounterwaesche\/"},"modified":"2026-01-19T18:43:27","modified_gmt":"2026-01-19T16:43:27","slug":"grundens-grundies-thermounterwaesche","status":"publish","type":"product","link":"https:\/\/www.huntersfriend.eu\/de\/produkt\/grundens-grundies-thermounterwaesche\/","title":{"rendered":"Grundens Grundies Thermounterw\u00e4sche"},"content":{"rendered":"<p data-start=\"39\" data-end=\"90\"><strong data-start=\"39\" data-end=\"48\">HINWEIS:<\/strong> Gr\u00f6\u00dfe L: voraussichtliche Verf\u00fcgbarkeit im Jahr 2026.<\/p>\n<p data-start=\"92\" data-end=\"218\">Die <strong data-start=\"96\" data-end=\"125\">Grund\u00e9ns Grundies Thermal<\/strong> ist eine hochwertige, warme Mittelschicht-Hose, die speziell f\u00fcr kalte und feuchte Bedingungen entwickelt wurde.<\/p>\n<p data-start=\"220\" data-end=\"429\">Die Grundies\u2122 Thermal Hose ist eine strapazierf\u00e4hige Fleecehose, die auch im nassen Zustand W\u00e4rme spendet. Die dehnbare Fleecehose verf\u00fcgt \u00fcber eine <strong data-start=\"345\" data-end=\"377\">HeiQ\u2122-Geruchskontrollbehandlung<\/strong>, die Ger\u00fcche an langen, anstrengenden Tagen bek\u00e4mpft. <\/p>\n<p data-start=\"431\" data-end=\"584\">Das schmal zulaufende Beindesign passt bequem unter Deckstiefel, Overalls oder Wathosen, und Handw\u00e4rmertaschen mit Rei\u00dfverschluss bieten eine praktische W\u00e4rmequelle.<\/p>\n<p data-start=\"586\" data-end=\"690\">Eine ausgezeichnete Wahl f\u00fcr Angler, J\u00e4ger und Outdoor-Enthusiasten, die Wert auf Komfort und Funktionalit\u00e4t legen.<\/p>\n<ul data-start=\"692\" data-end=\"908\">\n<li data-start=\"692\" data-end=\"760\">\n<p data-start=\"694\" data-end=\"760\">Strapazierf\u00e4higes Stretch-Fleece mit temperaturregulierenden Eigenschaften<\/p>\n<\/li>\n<li data-start=\"761\" data-end=\"822\">\n<p data-start=\"763\" data-end=\"822\">Schmal zulaufende Beine, die unter Deckstiefel und Wathosen passen<\/p>\n<\/li>\n<li data-start=\"823\" data-end=\"875\">\n<p data-start=\"825\" data-end=\"875\">Handw\u00e4rmertaschen mit Rei\u00dfverschluss zur sicheren Aufbewahrung<\/p>\n<\/li>\n<li data-start=\"876\" data-end=\"908\">\n<p data-start=\"878\" data-end=\"908\">HeiQ\u2122-Geruchskontrollbehandlung<\/p>\n<\/li>\n<\/ul>\n","protected":false},"excerpt":{"rendered":"<p>HINWEIS: Gr\u00f6\u00dfe L: voraussichtliche Verf\u00fcgbarkeit im Jahr 2026. Die Grund\u00e9ns Grundies Thermal ist eine hochwertige, warme Mittelschicht-Hose, die speziell f\u00fcr kalte und feuchte Bedingungen entwickelt wurde. Die Grundies\u2122 Thermal Hose ist eine strapazierf\u00e4hige Fleecehose, die auch im nassen Zustand W\u00e4rme spendet. Die dehnbare Fleecehose verf\u00fcgt \u00fcber eine HeiQ\u2122-Geruchskontrollbehandlung, die Ger\u00fcche an langen, anstrengenden Tagen bek\u00e4mpft. [&#8230;]\n","protected":false},"featured_media":292862,"comment_status":"open","ping_status":"closed","template":"","meta":[],"product_brand":[],"product_cat":[1203],"product_tag":[],"class_list":{"0":"post-293170","1":"product","2":"type-product","3":"status-publish","4":"has-post-thumbnail","6":"product_cat-kleidungsschichten","8":"first","9":"instock","10":"taxable","11":"shipping-taxable","12":"purchasable","13":"product-type-variable"},"composite_virtual":false,"composite_layout":"","composite_add_to_cart_form_location":"","composite_editable_in_cart":false,"composite_sold_individually_context":"","composite_shop_price_calc":"","composite_components":[],"composite_scenarios":[],"group_of_quantity":0,"min_quantity":0,"max_quantity":"","exclude_order_quantity_value_rules":"no","exclude_category_quantity_rules":"no","combine_variations":"no","exclude_global_add_ons":[],"addons":[],"_links":{"self":[{"href":"https:\/\/www.huntersfriend.eu\/de\/wp-json\/wp\/v2\/product\/293170","targetHints":{"allow":["GET"]}}],"collection":[{"href":"https:\/\/www.huntersfriend.eu\/de\/wp-json\/wp\/v2\/product"}],"about":[{"href":"https:\/\/www.huntersfriend.eu\/de\/wp-json\/wp\/v2\/types\/product"}],"replies":[{"embeddable":true,"href":"https:\/\/www.huntersfriend.eu\/de\/wp-json\/wp\/v2\/comments?post=293170"}],"wp:featuredmedia":[{"embeddable":true,"href":"https:\/\/www.huntersfriend.eu\/de\/wp-json\/wp\/v2\/media\/292862"}],"wp:attachment":[{"href":"https:\/\/www.huntersfriend.eu\/de\/wp-json\/wp\/v2\/media?parent=293170"}],"wp:term":[{"taxonomy":"product_brand","embeddable":true,"href":"https:\/\/www.huntersfriend.eu\/de\/wp-json\/wp\/v2\/product_brand?post=293170"},{"taxonomy":"product_cat","embeddable":true,"href":"https:\/\/www.huntersfriend.eu\/de\/wp-json\/wp\/v2\/product_cat?post=293170"},{"taxonomy":"product_tag","embeddable":true,"href":"https:\/\/www.huntersfriend.eu\/de\/wp-json\/wp\/v2\/product_tag?post=293170"}],"curies":[{"name":"wp","href":"https:\/\/api.w.org\/{rel}","templated":true}]}}