{"id":293160,"date":"2025-12-02T08:45:19","date_gmt":"2025-12-02T06:45:19","guid":{"rendered":"https:\/\/www.huntersfriend.eu\/product\/grundens-bris-schuerze-398\/"},"modified":"2026-03-04T12:56:14","modified_gmt":"2026-03-04T10:56:14","slug":"grundens-bris-schuerze-398","status":"publish","type":"product","link":"https:\/\/www.huntersfriend.eu\/de\/produkt\/grundens-bris-schuerze-398\/","title":{"rendered":"Grundens Bris Sch\u00fcrze 398"},"content":{"rendered":"<p data-start=\"39\" data-end=\"198\">F\u00fcr besonders schmutzige Arbeiten.<\/p>\n<p data-start=\"39\" data-end=\"198\">Eine hochwertige Sch\u00fcrze mit \u00c4rmeln, flexiblen B\u00fcndchen, einer doppellagigen Vorderseite f\u00fcr zus\u00e4tzliche Strapazierf\u00e4higkeit und einem elastischen G\u00fcrtel mit Schnellverschluss am R\u00fccken.<\/p>\n<p data-start=\"200\" data-end=\"432\">Maschinenw\u00e4sche bei 40 \u00b0C mit mildem Waschmittel<br data-start=\"241\" data-end=\"244\">Mit \u00e4hnlichen Farben waschen<br data-start=\"268\" data-end=\"271\">Trocknergeeignet bei niedriger Temperatur<br data-start=\"300\" data-end=\"303\">Nicht b\u00fcgeln<br data-start=\"314\" data-end=\"317\" data-is-only-node=\"\">Nicht f\u00fcr die chemische Reinigung geeignet<br data-start=\"346\" data-end=\"349\">Kein Pulverwaschmittel, Weichsp\u00fcler oder Bleichmittel verwenden<br data-start=\"406\" data-end=\"409\">Wasserdicht<br data-start=\"419\" data-end=\"422\">PVC-beschichtet<\/p>\n<p data-start=\"434\" data-end=\"471\"><strong data-start=\"434\" data-end=\"446\">Material<\/strong><br data-start=\"446\" data-end=\"449\">Baumwoll-\/Polyestergemisch<\/p>\n","protected":false},"excerpt":{"rendered":"<p>F\u00fcr besonders schmutzige Arbeiten. Eine hochwertige Sch\u00fcrze mit \u00c4rmeln, flexiblen B\u00fcndchen, einer doppellagigen Vorderseite f\u00fcr zus\u00e4tzliche Strapazierf\u00e4higkeit und einem elastischen G\u00fcrtel mit Schnellverschluss am R\u00fccken. Maschinenw\u00e4sche bei 40 \u00b0C mit mildem WaschmittelMit \u00e4hnlichen Farben waschenTrocknergeeignet bei niedriger TemperaturNicht b\u00fcgelnNicht f\u00fcr die chemische Reinigung geeignetKein Pulverwaschmittel, Weichsp\u00fcler oder Bleichmittel verwendenWasserdichtPVC-beschichtet MaterialBaumwoll-\/Polyestergemisch<\/p>\n","protected":false},"featured_media":292761,"comment_status":"open","ping_status":"closed","template":"","meta":[],"product_brand":[],"product_cat":[2620,1356],"product_tag":[],"class_list":{"0":"post-293160","1":"product","2":"type-product","3":"status-publish","4":"has-post-thumbnail","6":"product_cat-viltbearbetning","7":"product_cat-wildverwertung","9":"first","10":"instock","11":"taxable","12":"shipping-taxable","13":"purchasable","14":"product-type-variable"},"composite_virtual":false,"composite_layout":"","composite_add_to_cart_form_location":"","composite_editable_in_cart":false,"composite_sold_individually_context":"","composite_shop_price_calc":"","composite_components":[],"composite_scenarios":[],"group_of_quantity":0,"min_quantity":0,"max_quantity":"","exclude_order_quantity_value_rules":"no","exclude_category_quantity_rules":"no","combine_variations":"no","exclude_global_add_ons":[],"addons":[],"_links":{"self":[{"href":"https:\/\/www.huntersfriend.eu\/de\/wp-json\/wp\/v2\/product\/293160","targetHints":{"allow":["GET"]}}],"collection":[{"href":"https:\/\/www.huntersfriend.eu\/de\/wp-json\/wp\/v2\/product"}],"about":[{"href":"https:\/\/www.huntersfriend.eu\/de\/wp-json\/wp\/v2\/types\/product"}],"replies":[{"embeddable":true,"href":"https:\/\/www.huntersfriend.eu\/de\/wp-json\/wp\/v2\/comments?post=293160"}],"wp:featuredmedia":[{"embeddable":true,"href":"https:\/\/www.huntersfriend.eu\/de\/wp-json\/wp\/v2\/media\/292761"}],"wp:attachment":[{"href":"https:\/\/www.huntersfriend.eu\/de\/wp-json\/wp\/v2\/media?parent=293160"}],"wp:term":[{"taxonomy":"product_brand","embeddable":true,"href":"https:\/\/www.huntersfriend.eu\/de\/wp-json\/wp\/v2\/product_brand?post=293160"},{"taxonomy":"product_cat","embeddable":true,"href":"https:\/\/www.huntersfriend.eu\/de\/wp-json\/wp\/v2\/product_cat?post=293160"},{"taxonomy":"product_tag","embeddable":true,"href":"https:\/\/www.huntersfriend.eu\/de\/wp-json\/wp\/v2\/product_tag?post=293160"}],"curies":[{"name":"wp","href":"https:\/\/api.w.org\/{rel}","templated":true}]}}