{"id":293153,"date":"2025-12-02T08:45:11","date_gmt":"2025-12-02T06:45:11","guid":{"rendered":"https:\/\/www.huntersfriend.eu\/product\/grundens-dark-seas-x-portsmith-kapuzenpullover\/"},"modified":"2025-12-16T15:13:01","modified_gmt":"2025-12-16T13:13:01","slug":"grundens-dark-seas-x-portsmith-kapuzenpullover","status":"publish","type":"product","link":"https:\/\/www.huntersfriend.eu\/de\/produkt\/grundens-dark-seas-x-portsmith-kapuzenpullover\/","title":{"rendered":"Grundens Dark Seas X Portsmith Kapuzenpullover"},"content":{"rendered":"<p data-start=\"39\" data-end=\"109\"><strong data-start=\"39\" data-end=\"109\">Dark Seas X Grund\u00e9ns Portsmith Kapuzenpullover \u2013 Maritimer Komfort und Stil<\/strong><\/p>\n<p data-start=\"111\" data-end=\"218\">Der Portsmith Kapuzenpullover ist f\u00fcr Abenteurer konzipiert, die sowohl Wert auf Komfort als auch auf einen stilvollen, vom Ozean inspirierten Look legen.<\/p>\n<p data-start=\"220\" data-end=\"236\"><strong data-start=\"220\" data-end=\"236\">Hauptmerkmale<\/strong><\/p>\n<ul data-start=\"237\" data-end=\"429\">\n<li data-start=\"237\" data-end=\"309\">\n<p data-start=\"239\" data-end=\"309\">Warme und bequeme Baumwoll\/Polyester-Mischung mit weichem Innenfutter<\/p>\n<\/li>\n<li data-start=\"310\" data-end=\"354\">\n<p data-start=\"312\" data-end=\"354\">Grund\u00e9ns\u2019 hochwertige Passform und strapazierf\u00e4higes Gewebe<\/p>\n<\/li>\n<li data-start=\"355\" data-end=\"377\">\n<p data-start=\"357\" data-end=\"377\">Pflegeleichtes Material<\/p>\n<\/li>\n<li data-start=\"378\" data-end=\"429\">\n<p data-start=\"380\" data-end=\"429\">Entwickelt f\u00fcr vielseitige Alltags- und Outdoor-Aktivit\u00e4ten<\/p>\n<\/li>\n<\/ul>\n<p data-start=\"431\" data-end=\"817\"><strong data-start=\"431\" data-end=\"463\">Zus\u00e4tzliche Informationen &amp; Verwendung<\/strong><br \/>\nDer Portsmith Kapuzenpullover bietet ein Gleichgewicht aus Weichheit, W\u00e4rme und Strapazierf\u00e4higkeit. Die Baumwoll-Polyester-Mischung f\u00fchlt sich angenehm auf der Haut an, w\u00e4hrend das Innenfutter an k\u00fchleren Tagen zus\u00e4tzliche W\u00e4rme spendet. Die Grafiken aus der Dark Seas-Kollaboration spiegeln die maritime Kultur und einen k\u00fchnen Abenteuergeist wider und verleihen dem Kapuzenpullover einen unverwechselbaren und wiedererkennbaren Look.  <\/p>\n<p data-start=\"819\" data-end=\"1003\">Dieser Kapuzenpullover eignet sich sowohl als zuverl\u00e4ssiges Alltagskleidungsst\u00fcck als auch f\u00fcr aktive Outdoor-Aktivit\u00e4ten. Er ist pflegeleicht, schnell trocknend und beh\u00e4lt seine Form auch nach mehrmaligem Tragen. <\/p>\n<p data-start=\"1005\" data-end=\"1033\"><strong data-start=\"1005\" data-end=\"1033\">Technische Daten<\/strong><\/p>\n<ul data-start=\"1034\" data-end=\"1183\">\n<li data-start=\"1034\" data-end=\"1097\">\n<p data-start=\"1036\" data-end=\"1097\"><strong data-start=\"1036\" data-end=\"1049\">Material:<\/strong> Baumwoll\/Polyester-Mischung mit weichem Innenfutter<\/p>\n<\/li>\n<li data-start=\"1098\" data-end=\"1157\">\n<p data-start=\"1100\" data-end=\"1157\"><strong data-start=\"1100\" data-end=\"1113\">Grafiken:<\/strong> Dark Seas X Grund\u00e9ns Kollaborationsdesign<\/p>\n<\/li>\n<li data-start=\"1158\" data-end=\"1183\">\n<p data-start=\"1160\" data-end=\"1183\"><strong data-start=\"1160\" data-end=\"1168\">Passform:<\/strong> Grund\u00e9ns Passform<\/p>\n<\/li>\n<\/ul>\n<p data-start=\"1185\" data-end=\"1207\"><strong data-start=\"1185\" data-end=\"1207\">Pflegehinweise:<\/strong><\/p>\n<ul data-start=\"1208\" data-end=\"1409\">\n<li data-start=\"1208\" data-end=\"1253\">\n<p data-start=\"1210\" data-end=\"1253\">Maschinenw\u00e4sche bei 40 \u00b0C mit Feinwaschmittel<\/p>\n<\/li>\n<li data-start=\"1254\" data-end=\"1282\">\n<p data-start=\"1256\" data-end=\"1282\">Mit \u00e4hnlichen Farben waschen<\/p>\n<\/li>\n<li data-start=\"1283\" data-end=\"1309\">\n<p data-start=\"1285\" data-end=\"1309\">Trocknergeeignet bei niedriger Temperatur<\/p>\n<\/li>\n<li data-start=\"1310\" data-end=\"1325\">\n<p data-start=\"1312\" data-end=\"1325\">Nicht b\u00fcgeln<\/p>\n<\/li>\n<li data-start=\"1326\" data-end=\"1346\">\n<p data-start=\"1328\" data-end=\"1346\">Nicht chemisch reinigen<\/p>\n<\/li>\n<li data-start=\"1347\" data-end=\"1409\">\n<p data-start=\"1349\" data-end=\"1409\">Kein Waschpulver, Weichsp\u00fcler oder Bleichmittel verwenden<\/p>\n<\/li>\n<\/ul>\n","protected":false},"excerpt":{"rendered":"<p>Dark Seas X Grund\u00e9ns Portsmith Kapuzenpullover \u2013 Maritimer Komfort und Stil Der Portsmith Kapuzenpullover ist f\u00fcr Abenteurer konzipiert, die sowohl Wert auf Komfort als auch auf einen stilvollen, vom Ozean inspirierten Look legen. Hauptmerkmale Warme und bequeme Baumwoll\/Polyester-Mischung mit weichem Innenfutter Grund\u00e9ns\u2019 hochwertige Passform und strapazierf\u00e4higes Gewebe Pflegeleichtes Material Entwickelt f\u00fcr vielseitige Alltags- und Outdoor-Aktivit\u00e4ten [&#8230;]\n","protected":false},"featured_media":292772,"comment_status":"open","ping_status":"closed","template":"","meta":[],"product_brand":[],"product_cat":[2184],"product_tag":[],"class_list":{"0":"post-293153","1":"product","2":"type-product","3":"status-publish","4":"has-post-thumbnail","6":"product_cat-hemden-kapuzenpullover","8":"first","9":"instock","10":"taxable","11":"shipping-taxable","12":"purchasable","13":"product-type-variable"},"composite_virtual":false,"composite_layout":"","composite_add_to_cart_form_location":"","composite_editable_in_cart":false,"composite_sold_individually_context":"","composite_shop_price_calc":"","composite_components":[],"composite_scenarios":[],"group_of_quantity":0,"min_quantity":0,"max_quantity":"","exclude_order_quantity_value_rules":"no","exclude_category_quantity_rules":"no","combine_variations":"no","exclude_global_add_ons":[],"addons":[],"_links":{"self":[{"href":"https:\/\/www.huntersfriend.eu\/de\/wp-json\/wp\/v2\/product\/293153","targetHints":{"allow":["GET"]}}],"collection":[{"href":"https:\/\/www.huntersfriend.eu\/de\/wp-json\/wp\/v2\/product"}],"about":[{"href":"https:\/\/www.huntersfriend.eu\/de\/wp-json\/wp\/v2\/types\/product"}],"replies":[{"embeddable":true,"href":"https:\/\/www.huntersfriend.eu\/de\/wp-json\/wp\/v2\/comments?post=293153"}],"wp:featuredmedia":[{"embeddable":true,"href":"https:\/\/www.huntersfriend.eu\/de\/wp-json\/wp\/v2\/media\/292772"}],"wp:attachment":[{"href":"https:\/\/www.huntersfriend.eu\/de\/wp-json\/wp\/v2\/media?parent=293153"}],"wp:term":[{"taxonomy":"product_brand","embeddable":true,"href":"https:\/\/www.huntersfriend.eu\/de\/wp-json\/wp\/v2\/product_brand?post=293153"},{"taxonomy":"product_cat","embeddable":true,"href":"https:\/\/www.huntersfriend.eu\/de\/wp-json\/wp\/v2\/product_cat?post=293153"},{"taxonomy":"product_tag","embeddable":true,"href":"https:\/\/www.huntersfriend.eu\/de\/wp-json\/wp\/v2\/product_tag?post=293153"}],"curies":[{"name":"wp","href":"https:\/\/api.w.org\/{rel}","templated":true}]}}