{"id":293147,"date":"2025-12-02T08:45:09","date_gmt":"2025-12-02T06:45:09","guid":{"rendered":"https:\/\/www.huntersfriend.eu\/product\/grundens-light-crew-unterwaesche\/"},"modified":"2025-12-16T15:12:58","modified_gmt":"2025-12-16T13:12:58","slug":"grundens-light-crew-unterwaesche","status":"publish","type":"product","link":"https:\/\/www.huntersfriend.eu\/de\/produkt\/grundens-light-crew-unterwaesche\/","title":{"rendered":"Grundens Light Crew Unterw\u00e4sche"},"content":{"rendered":"<p data-start=\"39\" data-end=\"354\">Die Grundens Light Crew Baselayer-Hosen sind die perfekte Wahl f\u00fcr den aktiven Einsatz im Freien, zum Angeln oder f\u00fcr jede andere k\u00f6rperliche Aktivit\u00e4t, bei der die erste Schicht entscheidend ist. Hergestellt aus leichtem und atmungsaktivem Material. Die HeiQ\u2122-Geruchskontrolltechnologie hilft, Geruchsbildung zu verhindern und h\u00e4lt das Kleidungsst\u00fcck auch bei l\u00e4ngerem Gebrauch frisch.  <\/p>\n<p data-start=\"356\" data-end=\"680\">Diese Baselayer-Hosen funktionieren sowohl als eigenst\u00e4ndige Schicht bei milden Bedingungen als auch als konstante Basisschicht bei aktiver Bewegung. Komfort, Bewegungsfreiheit und Feuchtigkeitsmanagement wurden auf ein neues Niveau gehoben, sodass Sie sich auf das Wesentliche konzentrieren k\u00f6nnen \u2013 drau\u00dfen zu sein und aktiv zu bleiben \u2013 ohne dass Ihre Basisschicht Sie einschr\u00e4nkt. <\/p>\n<p data-start=\"682\" data-end=\"701\">Technische Details<\/p>\n<ul data-start=\"702\" data-end=\"1090\">\n<li data-start=\"702\" data-end=\"755\">\n<p data-start=\"704\" data-end=\"755\">Leichte und leistungsstarke Baselayer-Hosen<\/p>\n<\/li>\n<li data-start=\"756\" data-end=\"841\">\n<p data-start=\"758\" data-end=\"841\">Die HeiQ\u2122-Geruchskontrolltechnologie verhindert unangenehme Ger\u00fcche, auch bei l\u00e4ngerem Gebrauch<\/p>\n<\/li>\n<li data-start=\"842\" data-end=\"920\">\n<p data-start=\"844\" data-end=\"920\">Das Material leitet Feuchtigkeit von der Haut ab, um Sie bei Aktivit\u00e4t trocken zu halten<\/p>\n<\/li>\n<li data-start=\"921\" data-end=\"946\">\n<p data-start=\"923\" data-end=\"946\">UPF 30 Sonnenschutz<\/p>\n<\/li>\n<li data-start=\"947\" data-end=\"986\">\n<p data-start=\"949\" data-end=\"986\">Elastischer Bund f\u00fcr zus\u00e4tzlichen Komfort<\/p>\n<\/li>\n<li data-start=\"987\" data-end=\"1052\">\n<p data-start=\"989\" data-end=\"1052\">Zwickel im Schritt und B\u00fcndchen an den Bein\u00f6ffnungen f\u00fcr verbesserte Bewegungsfreiheit<\/p>\n<\/li>\n<li data-start=\"1053\" data-end=\"1090\">\n<p data-start=\"1055\" data-end=\"1090\">Flatlock-N\u00e4hte zur Vermeidung von Scheuerstellen<\/p>\n<\/li>\n<\/ul>\n<p data-start=\"1092\" data-end=\"1111\">Pflegehinweise<\/p>\n<ul data-start=\"1112\" data-end=\"1304\" data-is-last-node=\"\" data-is-only-node=\"\">\n<li data-start=\"1112\" data-end=\"1156\">\n<p data-start=\"1114\" data-end=\"1156\">Maschinenw\u00e4sche bei 40 \u00b0C mit Feinwaschmittel<\/p>\n<\/li>\n<li data-start=\"1157\" data-end=\"1185\">\n<p data-start=\"1159\" data-end=\"1185\">Mit \u00e4hnlichen Farben waschen<\/p>\n<\/li>\n<li data-start=\"1186\" data-end=\"1207\">\n<p data-start=\"1188\" data-end=\"1207\">Trocknergeeignet bei niedriger Temperatur<\/p>\n<\/li>\n<li data-start=\"1208\" data-end=\"1223\">\n<p data-start=\"1210\" data-end=\"1223\">Nicht b\u00fcgeln<\/p>\n<\/li>\n<li data-start=\"1224\" data-end=\"1244\">\n<p data-start=\"1226\" data-end=\"1244\">Nicht chemisch reinigen<\/p>\n<\/li>\n<li data-start=\"1245\" data-end=\"1304\" data-is-last-node=\"\">\n<p data-start=\"1247\" data-end=\"1304\" data-is-last-node=\"\">Verwenden Sie kein Pulverwaschmittel, keinen Weichsp\u00fcler oder Bleichmittel<\/p>\n<\/li>\n<\/ul>\n","protected":false},"excerpt":{"rendered":"<p>Die Grundens Light Crew Baselayer-Hosen sind die perfekte Wahl f\u00fcr den aktiven Einsatz im Freien, zum Angeln oder f\u00fcr jede andere k\u00f6rperliche Aktivit\u00e4t, bei der die erste Schicht entscheidend ist. Hergestellt aus leichtem und atmungsaktivem Material. Die HeiQ\u2122-Geruchskontrolltechnologie hilft, Geruchsbildung zu verhindern und h\u00e4lt das Kleidungsst\u00fcck auch bei l\u00e4ngerem Gebrauch frisch. Diese Baselayer-Hosen funktionieren sowohl [&#8230;]\n","protected":false},"featured_media":292942,"comment_status":"open","ping_status":"closed","template":"","meta":[],"product_brand":[],"product_cat":[1203],"product_tag":[],"class_list":{"0":"post-293147","1":"product","2":"type-product","3":"status-publish","4":"has-post-thumbnail","6":"product_cat-kleidungsschichten","8":"first","9":"instock","10":"taxable","11":"shipping-taxable","12":"purchasable","13":"product-type-variable"},"composite_virtual":false,"composite_layout":"","composite_add_to_cart_form_location":"","composite_editable_in_cart":false,"composite_sold_individually_context":"","composite_shop_price_calc":"","composite_components":[],"composite_scenarios":[],"group_of_quantity":0,"min_quantity":0,"max_quantity":"","exclude_order_quantity_value_rules":"no","exclude_category_quantity_rules":"no","combine_variations":"no","exclude_global_add_ons":[],"addons":[],"_links":{"self":[{"href":"https:\/\/www.huntersfriend.eu\/de\/wp-json\/wp\/v2\/product\/293147","targetHints":{"allow":["GET"]}}],"collection":[{"href":"https:\/\/www.huntersfriend.eu\/de\/wp-json\/wp\/v2\/product"}],"about":[{"href":"https:\/\/www.huntersfriend.eu\/de\/wp-json\/wp\/v2\/types\/product"}],"replies":[{"embeddable":true,"href":"https:\/\/www.huntersfriend.eu\/de\/wp-json\/wp\/v2\/comments?post=293147"}],"wp:featuredmedia":[{"embeddable":true,"href":"https:\/\/www.huntersfriend.eu\/de\/wp-json\/wp\/v2\/media\/292942"}],"wp:attachment":[{"href":"https:\/\/www.huntersfriend.eu\/de\/wp-json\/wp\/v2\/media?parent=293147"}],"wp:term":[{"taxonomy":"product_brand","embeddable":true,"href":"https:\/\/www.huntersfriend.eu\/de\/wp-json\/wp\/v2\/product_brand?post=293147"},{"taxonomy":"product_cat","embeddable":true,"href":"https:\/\/www.huntersfriend.eu\/de\/wp-json\/wp\/v2\/product_cat?post=293147"},{"taxonomy":"product_tag","embeddable":true,"href":"https:\/\/www.huntersfriend.eu\/de\/wp-json\/wp\/v2\/product_tag?post=293147"}],"curies":[{"name":"wp","href":"https:\/\/api.w.org\/{rel}","templated":true}]}}