{"id":293143,"date":"2025-12-02T10:43:56","date_gmt":"2025-12-02T08:43:56","guid":{"rendered":"https:\/\/www.huntersfriend.eu\/product\/grundens-shackleton-duffel-105-l\/"},"modified":"2025-12-16T15:12:34","modified_gmt":"2025-12-16T13:12:34","slug":"grundens-shackleton-duffel-105-l","status":"publish","type":"product","link":"https:\/\/www.huntersfriend.eu\/de\/produkt\/grundens-shackleton-duffel-105-l\/","title":{"rendered":"Grundens Shackleton Duffel 105 L"},"content":{"rendered":"<p data-start=\"39\" data-end=\"98\"><strong data-start=\"39\" data-end=\"98\">Shackleton Duffel \u2013 Bereit f\u00fcr jedes Abenteuer, bei jedem Wetter<\/strong><\/p>\n<p data-start=\"100\" data-end=\"392\">Der Shackleton Duffel macht seinem Namen alle Ehre: robust, zuverl\u00e4ssig und gebaut, um anspruchsvollen Bedingungen an Land und auf See standzuhalten. Seine vollst\u00e4ndig wasserdichte Konstruktion und die praktischen Details machen ihn zu einer verl\u00e4sslichen Wahl f\u00fcr Angler, Wanderer und alle, die eine sichere, trockene Aufbewahrungsm\u00f6glichkeit f\u00fcr ihre Ausr\u00fcstung ben\u00f6tigen. <\/p>\n<p data-start=\"394\" data-end=\"778\">Shackleton wurde f\u00fcr Situationen entwickelt, in denen die Ausr\u00fcstung absolut trocken bleiben muss \u2013 egal, ob Sie einen Bootsausflug machen, wandern oder in raueren Umgebungen arbeiten. Verschwei\u00dfte N\u00e4hte und ein Rollverschluss bieten maximalen Schutz vor Wasser, w\u00e4hrend das ger\u00e4umige Innere und separate Stauf\u00e4cher dazu beitragen, Ihre Gegenst\u00e4nde organisiert zu halten. Robuste XL-Gurte erleichtern das Tragen, auch \u00fcber lange Strecken.  <\/p>\n<p data-start=\"780\" data-end=\"796\"><strong data-start=\"780\" data-end=\"796\">Hauptmerkmale<\/strong><\/p>\n<ul data-start=\"798\" data-end=\"1080\">\n<li data-start=\"798\" data-end=\"859\">\n<p data-start=\"800\" data-end=\"859\">100 % wasserdichte Konstruktion, verst\u00e4rkt mit verschwei\u00dften N\u00e4hten<\/p>\n<\/li>\n<li data-start=\"860\" data-end=\"906\">\n<p data-start=\"862\" data-end=\"906\">Rollverschluss f\u00fcr einen dichten und einfachen Verschluss<\/p>\n<\/li>\n<li data-start=\"907\" data-end=\"970\">\n<p data-start=\"909\" data-end=\"970\">XL-Tragegurte, die auch als Schultergurte dienen<\/p>\n<\/li>\n<li data-start=\"971\" data-end=\"1013\">\n<p data-start=\"973\" data-end=\"1013\">Externe Rei\u00dfverschlusstasche f\u00fcr sichere Aufbewahrung<\/p>\n<\/li>\n<li data-start=\"1014\" data-end=\"1080\">\n<p data-start=\"1016\" data-end=\"1080\">Interne und externe F\u00e4cher halten die Ausr\u00fcstung organisiert und trocken<\/p>\n<\/li>\n<\/ul>\n<p data-start=\"1082\" data-end=\"1110\"><strong data-start=\"1082\" data-end=\"1110\">Technische Daten<\/strong><\/p>\n<ul data-start=\"1112\" data-end=\"1274\">\n<li data-start=\"1112\" data-end=\"1159\">\n<p data-start=\"1114\" data-end=\"1159\">Konstruktion: 100 % wasserdicht, verschwei\u00dfte N\u00e4hte<\/p>\n<\/li>\n<li data-start=\"1160\" data-end=\"1181\">\n<p data-start=\"1162\" data-end=\"1181\">Verschluss: Rollverschluss<\/p>\n<\/li>\n<li data-start=\"1182\" data-end=\"1227\">\n<p data-start=\"1184\" data-end=\"1227\">Gurte: XL-Tragegurte \/ Schultergurte<\/p>\n<\/li>\n<li data-start=\"1228\" data-end=\"1274\">\n<p data-start=\"1230\" data-end=\"1274\">Taschen: Externe Sicherheitstasche mit Rei\u00dfverschluss<\/p>\n<\/li>\n<\/ul>\n","protected":false},"excerpt":{"rendered":"<p>Shackleton Duffel \u2013 Bereit f\u00fcr jedes Abenteuer, bei jedem Wetter Der Shackleton Duffel macht seinem Namen alle Ehre: robust, zuverl\u00e4ssig und gebaut, um anspruchsvollen Bedingungen an Land und auf See standzuhalten. Seine vollst\u00e4ndig wasserdichte Konstruktion und die praktischen Details machen ihn zu einer verl\u00e4sslichen Wahl f\u00fcr Angler, Wanderer und alle, die eine sichere, trockene Aufbewahrungsm\u00f6glichkeit [&#8230;]\n","protected":false},"featured_media":292727,"comment_status":"open","ping_status":"closed","template":"","meta":[],"product_brand":[],"product_cat":[1774],"product_tag":[],"class_list":{"0":"post-293143","1":"product","2":"type-product","3":"status-publish","4":"has-post-thumbnail","6":"product_cat-jagd-rucksacke","8":"first","9":"instock","10":"taxable","11":"shipping-taxable","12":"purchasable","13":"product-type-variable"},"composite_virtual":false,"composite_layout":"","composite_add_to_cart_form_location":"","composite_editable_in_cart":false,"composite_sold_individually_context":"","composite_shop_price_calc":"","composite_components":[],"composite_scenarios":[],"group_of_quantity":0,"min_quantity":0,"max_quantity":"","exclude_order_quantity_value_rules":"no","exclude_category_quantity_rules":"no","combine_variations":"no","exclude_global_add_ons":[],"addons":[],"_links":{"self":[{"href":"https:\/\/www.huntersfriend.eu\/de\/wp-json\/wp\/v2\/product\/293143","targetHints":{"allow":["GET"]}}],"collection":[{"href":"https:\/\/www.huntersfriend.eu\/de\/wp-json\/wp\/v2\/product"}],"about":[{"href":"https:\/\/www.huntersfriend.eu\/de\/wp-json\/wp\/v2\/types\/product"}],"replies":[{"embeddable":true,"href":"https:\/\/www.huntersfriend.eu\/de\/wp-json\/wp\/v2\/comments?post=293143"}],"wp:featuredmedia":[{"embeddable":true,"href":"https:\/\/www.huntersfriend.eu\/de\/wp-json\/wp\/v2\/media\/292727"}],"wp:attachment":[{"href":"https:\/\/www.huntersfriend.eu\/de\/wp-json\/wp\/v2\/media?parent=293143"}],"wp:term":[{"taxonomy":"product_brand","embeddable":true,"href":"https:\/\/www.huntersfriend.eu\/de\/wp-json\/wp\/v2\/product_brand?post=293143"},{"taxonomy":"product_cat","embeddable":true,"href":"https:\/\/www.huntersfriend.eu\/de\/wp-json\/wp\/v2\/product_cat?post=293143"},{"taxonomy":"product_tag","embeddable":true,"href":"https:\/\/www.huntersfriend.eu\/de\/wp-json\/wp\/v2\/product_tag?post=293143"}],"curies":[{"name":"wp","href":"https:\/\/api.w.org\/{rel}","templated":true}]}}