{"id":293132,"date":"2025-12-02T11:10:55","date_gmt":"2025-12-02T09:10:55","guid":{"rendered":"https:\/\/www.huntersfriend.eu\/product\/grundens-bris-schuerze-96\/"},"modified":"2026-01-21T22:32:41","modified_gmt":"2026-01-21T20:32:41","slug":"grundens-bris-schuerze-96","status":"publish","type":"product","link":"https:\/\/www.huntersfriend.eu\/de\/produkt\/grundens-bris-schuerze-96\/","title":{"rendered":"Grundens Bris Sch\u00fcrze 96"},"content":{"rendered":"<p data-start=\"39\" data-end=\"321\">Perfekter Schutz bei der Wildverarbeitung.<\/p>\n<p data-start=\"39\" data-end=\"321\">Die <strong data-start=\"43\" data-end=\"60\">Bris 96 Sch\u00fcrze<\/strong> ist f\u00fcr den harten Einsatz in anspruchsvollen Arbeitsumgebungen konzipiert. Verstellbare Schultergurte und Schnellverschl\u00fcsse machen sie einfach und langlebig in der Anwendung. Verst\u00e4rkte Ecken und PFAS-freies PVC-Material machen die Sch\u00fcrze \u00f6labweisend und verhindern ein Versteifen des Materials.  <\/p>\n<p data-start=\"323\" data-end=\"388\">Hergestellt in Portugal in der ISO 9001-zertifizierten Fabrik von Grund\u00e9ns.<\/p>\n<p data-start=\"390\" data-end=\"433\">Materialgewicht: 320 g\/m\u00b2 PVC-beschichtetes Nylon.<\/p>\n<p data-start=\"435\" data-end=\"469\">L\u00e4nge \u00d7 Breite: <strong data-start=\"451\" data-end=\"469\">115 cm \u00d7 90 cm<\/strong><\/p>\n<p data-start=\"471\" data-end=\"474\">und<\/p>\n<p data-start=\"476\" data-end=\"510\">L\u00e4nge \u00d7 Breite: <strong data-start=\"492\" data-end=\"510\">130 cm \u00d7 90 cm<\/strong><\/p>\n","protected":false},"excerpt":{"rendered":"<p>Perfekter Schutz bei der Wildverarbeitung. Die Bris 96 Sch\u00fcrze ist f\u00fcr den harten Einsatz in anspruchsvollen Arbeitsumgebungen konzipiert. Verstellbare Schultergurte und Schnellverschl\u00fcsse machen sie einfach und langlebig in der Anwendung. Verst\u00e4rkte Ecken und PFAS-freies PVC-Material machen die Sch\u00fcrze \u00f6labweisend und verhindern ein Versteifen des Materials. Hergestellt in Portugal in der ISO 9001-zertifizierten Fabrik von Grund\u00e9ns. [&#8230;]\n","protected":false},"featured_media":292744,"comment_status":"open","ping_status":"closed","template":"","meta":[],"product_brand":[],"product_cat":[1260,1356,1409],"product_tag":[],"class_list":{"0":"post-293132","1":"product","2":"type-product","3":"status-publish","4":"has-post-thumbnail","6":"product_cat-kirrmittel","7":"product_cat-wildverwertung","8":"product_cat-tierpraparation","10":"first","11":"instock","12":"taxable","13":"shipping-taxable","14":"purchasable","15":"product-type-variable"},"composite_virtual":false,"composite_layout":"","composite_add_to_cart_form_location":"","composite_editable_in_cart":false,"composite_sold_individually_context":"","composite_shop_price_calc":"","composite_components":[],"composite_scenarios":[],"group_of_quantity":0,"min_quantity":0,"max_quantity":"","exclude_order_quantity_value_rules":"no","exclude_category_quantity_rules":"no","combine_variations":"no","exclude_global_add_ons":[],"addons":[],"_links":{"self":[{"href":"https:\/\/www.huntersfriend.eu\/de\/wp-json\/wp\/v2\/product\/293132","targetHints":{"allow":["GET"]}}],"collection":[{"href":"https:\/\/www.huntersfriend.eu\/de\/wp-json\/wp\/v2\/product"}],"about":[{"href":"https:\/\/www.huntersfriend.eu\/de\/wp-json\/wp\/v2\/types\/product"}],"replies":[{"embeddable":true,"href":"https:\/\/www.huntersfriend.eu\/de\/wp-json\/wp\/v2\/comments?post=293132"}],"wp:featuredmedia":[{"embeddable":true,"href":"https:\/\/www.huntersfriend.eu\/de\/wp-json\/wp\/v2\/media\/292744"}],"wp:attachment":[{"href":"https:\/\/www.huntersfriend.eu\/de\/wp-json\/wp\/v2\/media?parent=293132"}],"wp:term":[{"taxonomy":"product_brand","embeddable":true,"href":"https:\/\/www.huntersfriend.eu\/de\/wp-json\/wp\/v2\/product_brand?post=293132"},{"taxonomy":"product_cat","embeddable":true,"href":"https:\/\/www.huntersfriend.eu\/de\/wp-json\/wp\/v2\/product_cat?post=293132"},{"taxonomy":"product_tag","embeddable":true,"href":"https:\/\/www.huntersfriend.eu\/de\/wp-json\/wp\/v2\/product_tag?post=293132"}],"curies":[{"name":"wp","href":"https:\/\/api.w.org\/{rel}","templated":true}]}}