{"id":293122,"date":"2025-12-02T08:45:11","date_gmt":"2025-12-02T06:45:11","guid":{"rendered":"https:\/\/www.huntersfriend.eu\/product\/grundens-displacement-dwr-kapuzenpullover\/"},"modified":"2025-12-16T15:12:20","modified_gmt":"2025-12-16T13:12:20","slug":"grundens-displacement-dwr-kapuzenpullover","status":"publish","type":"product","link":"https:\/\/www.huntersfriend.eu\/de\/produkt\/grundens-displacement-dwr-kapuzenpullover\/","title":{"rendered":"Grundens Displacement DWR Kapuzenpullover"},"content":{"rendered":"<p data-start=\"39\" data-end=\"324\">Ein hochwertiger Kapuzenpullover aus nachhaltigem Material, der Outdoor-Enthusiasten und Angler warm h\u00e4lt. Die DWR-Beschichtung des Hoodies weist Feuchtigkeit und Flecken ab und sorgt f\u00fcr ein angenehmes Tragegef\u00fchl. Dank der Grund\u00e9ns-Ankergrafik ist der Hoodie eine stilvolle Wahl f\u00fcr Freizeit und Arbeit.  <\/p>\n<p data-start=\"326\" data-end=\"676\" data-is-last-node=\"\" data-is-only-node=\"\">\u00b7 Extrem weich<br data-start=\"350\" data-end=\"353\">\u00b7 50\/50 Baumwoll-Polyester-Fleece-Gewebe<br data-start=\"399\" data-end=\"402\">\u00b7 DWR-Behandlung weist Wasser und Flecken ab<br data-start=\"449\" data-end=\"452\">\u00b7 K\u00e4ngurutasche<br data-start=\"477\" data-end=\"480\">\u00b7 Anker-Logo<br data-start=\"501\" data-end=\"504\">\u00b7 Pflegehinweise: Maschinenw\u00e4sche bei 40 \u00b0C mit \u00e4hnlichen Farben, im Trockner bei niedriger Temperatur trocknen, nicht b\u00fcgeln oder chemisch reinigen<br data-start=\"618\" data-end=\"621\">\u00b7 Farbe: Heather Navy<br data-start=\"650\" data-end=\"653\">\u00b7 Gr\u00f6\u00dfen: S\u20132XL.<\/p>\n","protected":false},"excerpt":{"rendered":"<p>Ein hochwertiger Kapuzenpullover aus nachhaltigem Material, der Outdoor-Enthusiasten und Angler warm h\u00e4lt. Die DWR-Beschichtung des Hoodies weist Feuchtigkeit und Flecken ab und sorgt f\u00fcr ein angenehmes Tragegef\u00fchl. Dank der Grund\u00e9ns-Ankergrafik ist der Hoodie eine stilvolle Wahl f\u00fcr Freizeit und Arbeit. \u00b7 Extrem weich\u00b7 50\/50 Baumwoll-Polyester-Fleece-Gewebe\u00b7 DWR-Behandlung weist Wasser und Flecken ab\u00b7 K\u00e4ngurutasche\u00b7 Anker-Logo\u00b7 Pflegehinweise: Maschinenw\u00e4sche [&#8230;]\n","protected":false},"featured_media":292922,"comment_status":"open","ping_status":"closed","template":"","meta":[],"product_brand":[],"product_cat":[2184],"product_tag":[],"class_list":{"0":"post-293122","1":"product","2":"type-product","3":"status-publish","4":"has-post-thumbnail","6":"product_cat-hemden-kapuzenpullover","8":"first","9":"instock","10":"taxable","11":"shipping-taxable","12":"purchasable","13":"product-type-variable"},"composite_virtual":false,"composite_layout":"","composite_add_to_cart_form_location":"","composite_editable_in_cart":false,"composite_sold_individually_context":"","composite_shop_price_calc":"","composite_components":[],"composite_scenarios":[],"group_of_quantity":0,"min_quantity":0,"max_quantity":"","exclude_order_quantity_value_rules":"no","exclude_category_quantity_rules":"no","combine_variations":"no","exclude_global_add_ons":[],"addons":[],"_links":{"self":[{"href":"https:\/\/www.huntersfriend.eu\/de\/wp-json\/wp\/v2\/product\/293122","targetHints":{"allow":["GET"]}}],"collection":[{"href":"https:\/\/www.huntersfriend.eu\/de\/wp-json\/wp\/v2\/product"}],"about":[{"href":"https:\/\/www.huntersfriend.eu\/de\/wp-json\/wp\/v2\/types\/product"}],"replies":[{"embeddable":true,"href":"https:\/\/www.huntersfriend.eu\/de\/wp-json\/wp\/v2\/comments?post=293122"}],"wp:featuredmedia":[{"embeddable":true,"href":"https:\/\/www.huntersfriend.eu\/de\/wp-json\/wp\/v2\/media\/292922"}],"wp:attachment":[{"href":"https:\/\/www.huntersfriend.eu\/de\/wp-json\/wp\/v2\/media?parent=293122"}],"wp:term":[{"taxonomy":"product_brand","embeddable":true,"href":"https:\/\/www.huntersfriend.eu\/de\/wp-json\/wp\/v2\/product_brand?post=293122"},{"taxonomy":"product_cat","embeddable":true,"href":"https:\/\/www.huntersfriend.eu\/de\/wp-json\/wp\/v2\/product_cat?post=293122"},{"taxonomy":"product_tag","embeddable":true,"href":"https:\/\/www.huntersfriend.eu\/de\/wp-json\/wp\/v2\/product_tag?post=293122"}],"curies":[{"name":"wp","href":"https:\/\/api.w.org\/{rel}","templated":true}]}}