{"id":292017,"date":"2025-11-10T13:29:31","date_gmt":"2025-11-10T11:29:31","guid":{"rendered":"https:\/\/www.huntersfriend.eu\/product\/darton-tritech-31-custom-bogen\/"},"modified":"2026-01-30T10:05:38","modified_gmt":"2026-01-30T08:05:38","slug":"darton-tritech-31-custom-bogen","status":"publish","type":"product","link":"https:\/\/www.huntersfriend.eu\/de\/produkt\/darton-tritech-31-custom-bogen\/","title":{"rendered":"Darton Tritech 31 Custom Bogen"},"content":{"rendered":"<p><span data-text-color=\"alert\"><strong>Bitte \u00fcberpr\u00fcfen Sie unsere Darton Tritech 31 &#8211; Auf Lager Seite, um zu sehen, ob wir den Bogen haben, bevor Sie von hier aus bestellen. Sie k\u00f6nnen uns auch direkt kontaktieren, um weitere Informationen \u00fcber Verf\u00fcgbarkeit und Lieferzeiten zu erhalten. <\/strong><\/span><\/p>\n<p style=\"font-weight: 400;\"><span data-fontfamily=\"Oswald\"><b><strong>76 Jahre Exzellenz und Innovation im Bogensport: Der Tritech 31 wurde enth\u00fcllt<\/strong><\/b><b><strong data-start=\"198\" data-end=\"246\">             <\/strong><\/b><\/span><\/p>\n<p style=\"font-weight: 400;\" data-start=\"198\" data-end=\"248\"><span data-fontfamily=\"Oswald\"><b><strong data-start=\"198\" data-end=\"246\"><span style=\"font-weight: 400;\" data-fontweight=\"400\">Der TriTech 31: ein pr\u00e4zisionsabgestimmtes Kraftpaket<\/span><\/strong><\/b><\/span><\/p>\n<p style=\"font-weight: 400;\" data-start=\"198\" data-end=\"248\"><span style=\"font-weight: 300;\" data-fontweight=\"300\" data-fontfamily=\"Oswald\"><span style=\"font-weight: 400;\" data-fontweight=\"400\">Dartons neueste Innovation, der <b><strong>TriTech 31<\/strong><\/b>, verf\u00fcgt \u00fcber drei zum Patent angemeldete Technologien und unterstreicht den unerm\u00fcdlichen Drang der Marke nach Leistung und Pr\u00e4zision. Mit einem zum Patent angemeldeten Dual-Funktions-Micro-Adjust-Rollenschutz, verbesserten, zum Patent angemeldeten Perfect-Timing-verstellbaren Gabelaufh\u00e4ngungen und dem zum Patent angemeldeten Perfect-Tune\u2122 verstellbaren Wurfarmtaschensystem, ausgestattet mit Standard-Mods, einschlie\u00dflich Speed-Mods, 1\/4 Zoll verstellbaren Auszugsl\u00e4ngen, zwei Auszugsstopp-Punkten und einer Picatinny-Visierhalterung, setzt dieser Bogen einen neuen Standard in puncto Abstimmbarkeit und Funktionalit\u00e4t. Diese Spitzentechnologien erm\u00f6glichen den sanftesten Auszugszyklus und eine un\u00fcbertroffene Konsistenz \u2013 was die TriTech-Serie zu den am besten abstimmbaren B\u00f6gen auf dem heutigen Markt macht. Dartons branchenf\u00fchrende Innovationen machen das absolut perfekte Tuning und Timing eines Bogens m\u00f6glich. Zus\u00e4tzlich sorgt der neue, weichere Sanoprene-Griff-Einsatz f\u00fcr mehr Komfort bei unseren B\u00f6gen, besonders an k\u00fchlen Morgen. Es gibt drei Griffoptionen: Neutral (am Bogen installiert), 2,5 Grad und 5 Grad, wodurch der am besten abstimmbare Bogen der Welt auch der bequemste wird und sich perfekt an Sie und Ihren Schie\u00dfstil anpasst.      <\/span><\/span><\/p>\n<p style=\"font-weight: 400;\" data-start=\"802\" data-end=\"842\"><span style=\"font-weight: 400;\" data-fontweight=\"400\" data-fontfamily=\"Oswald\">M\u00fchelose Abstimmung f\u00fcr jeden Sch\u00fctzen<\/span><\/p>\n<p style=\"font-weight: 400;\"><span style=\"font-weight: 400;\" data-fontfamily=\"Oswald\" data-fontweight=\"400\">Der <b><strong>TriTech 31<\/strong><\/b> ist nicht nur eine Hochleistungsmaschine \u2013 er wurde mit Blick auf Einfachheit entwickelt. Schnelle, stufenlose Anpassungen, mit neuen zus\u00e4tzlichen Lasergravuren, machen das Tuning und Timing einfacher denn je, sodass Bogensch\u00fctzen aller Erfahrungsstufen weniger Zeit mit Feineinstellungen und mehr Zeit mit dem Schie\u00dfen verbringen k\u00f6nnen. Ob Sie f\u00fcr den Wettkampf feinabstimmen oder sich f\u00fcr die Jagd vorbereiten, der <b><strong>TriTech 31<\/strong><\/b> liefert Pr\u00e4zision, Komfort und Vertrauen Schuss f\u00fcr Schuss.  <\/span><\/p>\n<p>PR\u00c4ZISIONSSPEZIFIKATIONEN<\/p>\n<p><strong>GESCHWINDIGKEIT:<\/strong> TATS\u00c4CHLICH 334-335 FPS<\/p>\n<p><strong>GESCHWINDIGKEIT mit SPEED MOD:<\/strong> TATS\u00c4CHLICH 339-341 FPS<\/p>\n<p><strong>GESCHWINDIGKEIT mit 75% MOD:<\/strong> TATS\u00c4CHLICH 341-343 FPS<br \/>\n(75% MOD SEPARAT ERH\u00c4LTLICH)<\/p>\n<p><strong>ACHSABSTAND:<\/strong> 31 3\/16&#8243;<\/p>\n<p><strong>STANDH\u00d6HE:<\/strong> 6 3\/8&#8243;<\/p>\n<p><strong>GEWICHT: <\/strong>4,5 LBS<br \/>\n(ohne installiertes LVS; im Lieferumfang des Bogens enthalten)<\/p>\n<p><strong>AUSZUGSL\u00c4NGEN: <\/strong>25&#8243;-30.5&#8243;<\/p>\n<p><strong>Zuggewichte: <\/strong>50, 60, 70 und 80<\/p>\n<p><strong>LET-OFF:<\/strong> 83-75% einstellbar mit Draw-Stop-Pfosten<br \/>\nund 75% MOD (separat erh\u00e4ltlich)<\/p>\n<p><strong>Ma\u00dfgefertigte Bogensehnen<\/strong><\/p>\n<p><strong>Hergestellt in den USA<\/strong><\/p>\n<p><strong>Funktionen umfassen<\/strong><\/p>\n<p><strong>GESCHWINDIGKEIT:<\/strong> TATS\u00c4CHLICH 334-335 FPS<\/p>\n<p><strong>GESCHWINDIGKEIT mit SPEED MOD:<\/strong> TATS\u00c4CHLICH 339-341 FPS<\/p>\n<p><strong>GESCHWINDIGKEIT mit 75% MOD:<\/strong> TATS\u00c4CHLICH 341-343 FPS<br \/>\n(75% MOD SEPARAT ERH\u00c4LTLICH)<\/p>\n<p><strong>ACHSABSTAND:<\/strong> 31 3\/16&#8243;<\/p>\n<p><strong>STANDH\u00d6HE:<\/strong> 6 3\/8&#8243;<\/p>\n<p><strong>GEWICHT: <\/strong>4,5 LBS<br \/>\n(ohne installiertes LVS; im Lieferumfang des Bogens enthalten)<\/p>\n<p><strong>AUSZUGSL\u00c4NGEN: <\/strong>25&#8243;-30.5&#8243;<\/p>\n<p><strong>Zuggewichte: <\/strong>50, 60, 70 und 80<\/p>\n<p><strong>LET-OFF:<\/strong> 83-75% einstellbar mit Draw-Stop-Pfosten<br \/>\nund 75% MOD (separat erh\u00e4ltlich)<\/p>\n","protected":false},"excerpt":{"rendered":"<p>Bitte \u00fcberpr\u00fcfen Sie unsere Darton Tritech 31 &#8211; Auf Lager Seite, um zu sehen, ob wir den Bogen haben, bevor Sie von hier aus bestellen. Sie k\u00f6nnen uns auch direkt kontaktieren, um weitere Informationen \u00fcber Verf\u00fcgbarkeit und Lieferzeiten zu erhalten. 76 Jahre Exzellenz und Innovation im Bogensport: Der Tritech 31 wurde enth\u00fcllt Der TriTech 31: [&#8230;]\n","protected":false},"featured_media":291917,"comment_status":"open","ping_status":"closed","template":"","meta":[],"product_brand":[],"product_cat":[1125],"product_tag":[],"class_list":{"0":"post-292017","1":"product","2":"type-product","3":"status-publish","4":"has-post-thumbnail","6":"product_cat-compoundbogen-blank","7":"product_shipping_class-big-de","9":"first","10":"onbackorder","11":"taxable","12":"shipping-taxable","13":"purchasable","14":"product-type-simple"},"composite_virtual":false,"composite_layout":"","composite_add_to_cart_form_location":"","composite_editable_in_cart":false,"composite_sold_individually_context":"","composite_shop_price_calc":"","composite_components":[],"composite_scenarios":[],"group_of_quantity":0,"min_quantity":0,"max_quantity":"","exclude_order_quantity_value_rules":"no","exclude_category_quantity_rules":"no","combine_variations":"no","exclude_global_add_ons":false,"addons":[{"name":"Bogenhand","type":"multiple_choice","position":0,"required":true,"title_format":"label","default":"","description_enable":false,"description":null,"placeholder_enable":false,"placeholder":null,"display":"select","restrictions_type":"any_text","adjust_price":false,"price":"","price_type":"flat_fee","restrictions":false,"min":"0","max":"0","options":[{"label":"Rechte Hand","price":"","price_type":"flat_fee","image":0,"visibility":true},{"label":"Linke Hand","price":"","price_type":"flat_fee","image":0,"visibility":true}],"id":1762865082},{"name":"Zuggewicht","type":"multiple_choice","position":1,"required":true,"title_format":"label","default":"","description_enable":false,"description":null,"placeholder_enable":false,"placeholder":null,"display":"select","restrictions_type":"any_text","adjust_price":false,"price":"","price_type":"flat_fee","restrictions":false,"min":"0","max":"0","options":[{"label":"40-50#","price":"","price_type":"flat_fee","image":0,"visibility":true},{"label":"50-60#","price":"","price_type":"flat_fee","image":0,"visibility":true},{"label":"60-70#","price":"","price_type":"flat_fee","image":0,"visibility":true},{"label":"70-80#","price":"","price_type":"flat_fee","image":0,"visibility":true}],"id":1762865083},{"name":"Farbe","type":"multiple_choice","position":2,"required":true,"title_format":"label","default":"","description_enable":false,"description":null,"placeholder_enable":false,"placeholder":null,"display":"select","restrictions_type":"any_text","adjust_price":false,"price":"","price_type":"flat_fee","restrictions":false,"min":"0","max":"0","options":[{"label":"Schwarz mit schwarzen Wurfarmen","price":"","price_type":"flat_fee","image":0,"visibility":true},{"label":"Flat Dark Earth mit schwarzen Wurfarmen","price":"","price_type":"flat_fee","image":0,"visibility":true},{"label":"Stone Grey mit schwarzen Wurfarmen","price":"","price_type":"flat_fee","image":0,"visibility":true},{"label":"OD Green mit schwarzen Wurfarmen","price":"","price_type":"flat_fee","image":0,"visibility":true},{"label":"Firstlite Spectre Camo mit schwarzen Wurfarmen","price":"","price_type":"flat_fee","image":0,"visibility":true},{"label":"Firstlite Fusion mit schwarzen Wurfarmen","price":"","price_type":"flat_fee","image":0,"visibility":true},{"label":"Mossy Oak Bottom Land Camo mit schwarzen Wurfarmen","price":"","price_type":"flat_fee","image":0,"visibility":false}],"id":1762865084}],"_links":{"self":[{"href":"https:\/\/www.huntersfriend.eu\/de\/wp-json\/wp\/v2\/product\/292017","targetHints":{"allow":["GET"]}}],"collection":[{"href":"https:\/\/www.huntersfriend.eu\/de\/wp-json\/wp\/v2\/product"}],"about":[{"href":"https:\/\/www.huntersfriend.eu\/de\/wp-json\/wp\/v2\/types\/product"}],"replies":[{"embeddable":true,"href":"https:\/\/www.huntersfriend.eu\/de\/wp-json\/wp\/v2\/comments?post=292017"}],"wp:featuredmedia":[{"embeddable":true,"href":"https:\/\/www.huntersfriend.eu\/de\/wp-json\/wp\/v2\/media\/291917"}],"wp:attachment":[{"href":"https:\/\/www.huntersfriend.eu\/de\/wp-json\/wp\/v2\/media?parent=292017"}],"wp:term":[{"taxonomy":"product_brand","embeddable":true,"href":"https:\/\/www.huntersfriend.eu\/de\/wp-json\/wp\/v2\/product_brand?post=292017"},{"taxonomy":"product_cat","embeddable":true,"href":"https:\/\/www.huntersfriend.eu\/de\/wp-json\/wp\/v2\/product_cat?post=292017"},{"taxonomy":"product_tag","embeddable":true,"href":"https:\/\/www.huntersfriend.eu\/de\/wp-json\/wp\/v2\/product_tag?post=292017"}],"curies":[{"name":"wp","href":"https:\/\/api.w.org\/{rel}","templated":true}]}}