{"id":292001,"date":"2025-09-17T08:17:50","date_gmt":"2025-09-17T06:17:50","guid":{"rendered":"https:\/\/www.huntersfriend.eu\/product\/fleischsucher-jagdhandschuhe-moos-eiche\/"},"modified":"2026-04-10T11:40:04","modified_gmt":"2026-04-10T09:40:04","slug":"fleischsucher-jagdhandschuhe-moos-eiche","status":"publish","type":"product","link":"https:\/\/www.huntersfriend.eu\/de\/produkt\/fleischsucher-jagdhandschuhe-moos-eiche\/","title":{"rendered":"Fleischsucher-Jagdhandschuhe &#8211; Moos-Eiche"},"content":{"rendered":"<p>Ein warmer, handgefertigter Camouflage-Handschuh f\u00fcr den Einsatz bei k\u00e4lterem Wetter. Das Handfl\u00e4chenmaterial ist nat\u00fcrliches Ziegenleder, das von Natur aus wasserdicht ist. In den Handschuh eingen\u00e4ht ist ein Hipora-Handschuh-Einsatz, der wasserdicht und winddicht, aber dennoch atmungsaktiv ist. Er erm\u00f6glicht es dem Handschuh, bei st\u00e4rkerer Anstrengung Schwei\u00df abzuleiten und Sie warm zu halten, nachdem Sie sich nicht mehr bewegen.   <\/p>\n<p>Die Schie\u00dffinger haben L\u00f6cher, die die Benutzung Ihres Mobiltelefons erm\u00f6glichen. Das Fingerende wird durch einen Magnetverschluss aus dem Weg gehalten. <\/p>\n<p>Wir haben bei diesem Handschuh an alles gedacht.<\/p>\n","protected":false},"excerpt":{"rendered":"<p>Ein warmer, handgefertigter Camouflage-Handschuh f\u00fcr den Einsatz bei k\u00e4lterem Wetter. Das Handfl\u00e4chenmaterial ist nat\u00fcrliches Ziegenleder, das von Natur aus wasserdicht ist. In den Handschuh eingen\u00e4ht ist ein Hipora-Handschuh-Einsatz, der wasserdicht und winddicht, aber dennoch atmungsaktiv ist. Er erm\u00f6glicht es dem Handschuh, bei st\u00e4rkerer Anstrengung Schwei\u00df abzuleiten und Sie warm zu halten, nachdem Sie sich nicht [&#8230;]\n","protected":false},"featured_media":291888,"comment_status":"open","ping_status":"closed","template":"","meta":[],"product_brand":[],"product_cat":[2809,1382],"product_tag":[],"class_list":{"0":"post-292001","1":"product","2":"type-product","3":"status-publish","4":"has-post-thumbnail","6":"product_cat-handskar","7":"product_cat-handschuhe","9":"first","10":"instock","11":"sale","12":"featured","13":"taxable","14":"shipping-taxable","15":"purchasable","16":"product-type-variable"},"composite_virtual":false,"composite_layout":"","composite_add_to_cart_form_location":"","composite_editable_in_cart":false,"composite_sold_individually_context":"","composite_shop_price_calc":"","composite_components":[],"composite_scenarios":[],"group_of_quantity":0,"min_quantity":0,"max_quantity":"","exclude_order_quantity_value_rules":"no","exclude_category_quantity_rules":"no","combine_variations":"no","exclude_global_add_ons":[],"addons":[],"_links":{"self":[{"href":"https:\/\/www.huntersfriend.eu\/de\/wp-json\/wp\/v2\/product\/292001","targetHints":{"allow":["GET"]}}],"collection":[{"href":"https:\/\/www.huntersfriend.eu\/de\/wp-json\/wp\/v2\/product"}],"about":[{"href":"https:\/\/www.huntersfriend.eu\/de\/wp-json\/wp\/v2\/types\/product"}],"replies":[{"embeddable":true,"href":"https:\/\/www.huntersfriend.eu\/de\/wp-json\/wp\/v2\/comments?post=292001"}],"wp:featuredmedia":[{"embeddable":true,"href":"https:\/\/www.huntersfriend.eu\/de\/wp-json\/wp\/v2\/media\/291888"}],"wp:attachment":[{"href":"https:\/\/www.huntersfriend.eu\/de\/wp-json\/wp\/v2\/media?parent=292001"}],"wp:term":[{"taxonomy":"product_brand","embeddable":true,"href":"https:\/\/www.huntersfriend.eu\/de\/wp-json\/wp\/v2\/product_brand?post=292001"},{"taxonomy":"product_cat","embeddable":true,"href":"https:\/\/www.huntersfriend.eu\/de\/wp-json\/wp\/v2\/product_cat?post=292001"},{"taxonomy":"product_tag","embeddable":true,"href":"https:\/\/www.huntersfriend.eu\/de\/wp-json\/wp\/v2\/product_tag?post=292001"}],"curies":[{"name":"wp","href":"https:\/\/api.w.org\/{rel}","templated":true}]}}