{"id":291989,"date":"2025-10-30T09:42:34","date_gmt":"2025-10-30T07:42:34","guid":{"rendered":"https:\/\/www.huntersfriend.eu\/product\/darton-tritech-33-auf-lager\/"},"modified":"2026-03-19T08:29:25","modified_gmt":"2026-03-19T06:29:25","slug":"darton-tritech-33-auf-lager","status":"publish","type":"product","link":"https:\/\/www.huntersfriend.eu\/de\/produkt\/darton-tritech-33-auf-lager\/","title":{"rendered":"Darton tritech 33 \u2013 auf Lager"},"content":{"rendered":"<p><span data-text-color=\"alert\"><strong>Wenn Sie den gew\u00fcnschten Bogen hier nicht finden, besuchen Sie bitte unsere Seite f\u00fcr den Darton Tritech 33 Custom Bow oder kontaktieren Sie uns direkt.<\/strong><\/span><\/p>\n<p style=\"font-weight: 400;\"><span data-fontfamily=\"Oswald\"><b><strong>76 Jahre Exzellenz und Innovation im Bogensport: Der Tritech 33 wurde enth\u00fcllt<\/strong><\/b><b><strong data-start=\"198\" data-end=\"246\">             <\/strong><\/b><\/span><\/p>\n<p style=\"font-weight: 400;\" data-start=\"198\" data-end=\"248\"><span data-fontfamily=\"Oswald\"><b><strong data-start=\"198\" data-end=\"246\"><span style=\"font-weight: 400;\" data-fontweight=\"400\">Der TriTech 33: ein pr\u00e4zisionsabgestimmtes Kraftpaket<\/span><\/strong><\/b><\/span><\/p>\n<p style=\"font-weight: 400;\" data-start=\"198\" data-end=\"248\"><span style=\"font-weight: 300;\" data-fontweight=\"300\" data-fontfamily=\"Oswald\"><span style=\"font-weight: 400;\" data-fontweight=\"400\">Darton\u2019s neueste Innovation, der <b><strong>TriTech 33<\/strong><\/b>, verf\u00fcgt \u00fcber drei zum Patent angemeldete Technologien und unterstreicht den unerm\u00fcdlichen Drang der Marke nach Leistung und Pr\u00e4zision. Ein zum Patent angemeldeter Dual-Funktions-Micro-Adjust-Rollenschutz, verbesserte, zum Patent angemeldete Perfect-Timing-verstellbare Gabelaufh\u00e4ngungen, das zum Patent angemeldete Perfect-Tune\u2122 verstellbare Wurfarmtaschensystem, ausgestattet mit Standard-Mods, einschlie\u00dflich Speed-Mods, 1\/4 Zoll verstellbaren Auszugsl\u00e4ngen, zwei Auszugsanschl\u00e4gen und einer Picatinny-Visierhalterung \u2013 dieser Bogen setzt einen neuen Standard in Abstimmbarkeit und Funktionalit\u00e4t. Diese Spitzentechnologien liefern den sanftesten Auszugszyklus, den man sich vorstellen kann, und eine un\u00fcbertroffene Konsistenz \u2013 was die TriTech-Serie zu den abstimmbarsten B\u00f6gen auf dem heutigen Markt macht. Darton\u2019s branchenf\u00fchrende Innovationen machen das perfekte Tuning und Timing eines Bogens m\u00f6glich. Zus\u00e4tzlich macht die neue, weichere Sanoprene-Griffschale unsere B\u00f6gen komfortabler, besonders an k\u00fchlen Morgenstunden. Es gibt drei Griffoptionen: Neutral, am Bogen installiert, 2,5 Grad und 5 Grad, wodurch der abstimmbarste Bogen der Welt auch der komfortabelste wird, der perfekt zu Ihnen und Ihrem Schie\u00dfstil passt.      <\/span><\/span><\/p>\n<p style=\"font-weight: 400;\" data-start=\"802\" data-end=\"842\"><span style=\"font-weight: 400;\" data-fontweight=\"400\" data-fontfamily=\"Oswald\">M\u00fcheloses Tuning f\u00fcr jeden Bogensch\u00fctzen<\/span><\/p>\n<p style=\"font-weight: 400;\"><span data-fontfamily=\"Oswald\">Der <b><strong>TriTech 33<\/strong><\/b> ist nicht nur eine Hochleistungsmaschine \u2013 er wurde mit Blick auf Einfachheit entwickelt. Schnelle, unendliche Anpassungen, mit neuen zus\u00e4tzlichen Lasergravuren, machen das Tuning und Timing einfacher denn je, sodass Bogensch\u00fctzen aller Erfahrungsstufen weniger Zeit mit Feineinstellungen und mehr Zeit mit Schie\u00dfen verbringen k\u00f6nnen. Egal, ob Sie f\u00fcr den Wettkampf feinabstimmen oder sich f\u00fcr die Jagd vorbereiten, der <b><strong>TriTech 33<\/strong><\/b> liefert Pr\u00e4zision, Komfort und Vertrauen Schuss f\u00fcr Schuss.  <\/span><\/p>\n<div id=\"s-c8bdabdf-8860-420e-8966-ea6194092027\" class=\"shg-c \">\n<div class=\"shg-rich-text shg-theme-text-content\">\n<p><strong>PR\u00c4ZISIONSSPEZIFIKATIONEN<\/strong><\/p>\n<p>GESCHWINDIGKEIT: TATS\u00c4CHLICH 334-335 FPS<\/p>\n<p>GESCHWINDIGKEIT mit SPEED-MOD: TATS\u00c4CHLICH 339-341 FPS<\/p>\n<p>GESCHWINDIGKEIT mit 75% MOD: TATS\u00c4CHLICH 341-343 FPS<br \/>\n(75% MOD SEPARAT ERH\u00c4LTLICH)<\/p>\n<p>ACHSABSTAND: 33 3\/16&#8243;<\/p>\n<p>STANDH\u00d6HE: 6 3\/8 &#8220;<\/p>\n<p>GEWICHT: 4.6 LBS<br \/>\n(ohne installiertes LVS; im Lieferumfang des Bogens enthalten)<\/p>\n<p>AUSZUGSL\u00c4NGEN: 25.5&#8243;-31&#8243;<\/p>\n<p>Zuggewichte: 50, 60, 70 und 80<\/p>\n<p>LET-OFF: 83-75% einstellbar mit Auszugsanschl\u00e4gen<br \/>\nund 75% MOD (separat erh\u00e4ltlich)<\/p>\n<p>Ma\u00dfgefertigte Bogensehnen<\/p>\n<p>Hergestellt in den USA<\/p>\n<\/div>\n<\/div>\n<div id=\"s-51ac5ed3-96fb-4bc2-8fa8-c19df2a5d6f2\" class=\"shg-c \">\n<div class=\"shg-rich-text shg-theme-text-content\">\n<p><strong>Merkmale umfassen<\/strong><\/p>\n<p>BBS Dual Sync Cam 1\/4&#8243; Auszugsl\u00e4ngen (auch bekannt als Sequel Cam) (6,990,970 B1)<\/p>\n<p>Patentierte Tiefnut-Cam (#8,714,143)<\/p>\n<p>1\/4&#8243; Knopfkopfachsen<\/p>\n<p>5\/8 Zoll Lager<\/p>\n<p>(perfektes Tuning) verstellbare Wurfarmtaschen (zum Patent angemeldet)<\/p>\n<p>Dual-Funktions-Micro-Adjust-Rollenschutz (Zum Patent angemeldet)<\/p>\n<p>(Perfektes Timing) Verstellbare Gabelaufh\u00e4ngung (zum Patent angemeldet)<\/p>\n<p>Die integrierte QAD Pfeilauflagenhalterung<\/p>\n<p>Ein Speed-Mod ist enthalten, aber nicht installiert, f\u00fcr zus\u00e4tzliche 5-6 FPS.<\/p>\n<p>Zwei S\u00e4tze Auszugsanschl\u00e4ge erm\u00f6glichen Ihnen die Feinjustierung Ihres Let-Offs.<\/p>\n<\/div>\n<\/div>\n","protected":false},"excerpt":{"rendered":"<p>Wenn Sie den gew\u00fcnschten Bogen hier nicht finden, besuchen Sie bitte unsere Seite f\u00fcr den Darton Tritech 33 Custom Bow oder kontaktieren Sie uns direkt. 76 Jahre Exzellenz und Innovation im Bogensport: Der Tritech 33 wurde enth\u00fcllt Der TriTech 33: ein pr\u00e4zisionsabgestimmtes Kraftpaket Darton\u2019s neueste Innovation, der TriTech 33, verf\u00fcgt \u00fcber drei zum Patent angemeldete [&#8230;]\n","protected":false},"featured_media":291948,"comment_status":"open","ping_status":"closed","template":"","meta":[],"product_brand":[],"product_cat":[1125],"product_tag":[],"class_list":{"0":"post-291989","1":"product","2":"type-product","3":"status-publish","4":"has-post-thumbnail","6":"product_cat-compoundbogen-blank","7":"product_shipping_class-big-de","9":"first","10":"instock","11":"taxable","12":"shipping-taxable","13":"purchasable","14":"product-type-variable"},"composite_virtual":false,"composite_layout":"","composite_add_to_cart_form_location":"","composite_editable_in_cart":false,"composite_sold_individually_context":"","composite_shop_price_calc":"","composite_components":[],"composite_scenarios":[],"group_of_quantity":0,"min_quantity":0,"max_quantity":"","exclude_order_quantity_value_rules":"no","exclude_category_quantity_rules":"no","combine_variations":"no","exclude_global_add_ons":[],"addons":[],"_links":{"self":[{"href":"https:\/\/www.huntersfriend.eu\/de\/wp-json\/wp\/v2\/product\/291989","targetHints":{"allow":["GET"]}}],"collection":[{"href":"https:\/\/www.huntersfriend.eu\/de\/wp-json\/wp\/v2\/product"}],"about":[{"href":"https:\/\/www.huntersfriend.eu\/de\/wp-json\/wp\/v2\/types\/product"}],"replies":[{"embeddable":true,"href":"https:\/\/www.huntersfriend.eu\/de\/wp-json\/wp\/v2\/comments?post=291989"}],"wp:featuredmedia":[{"embeddable":true,"href":"https:\/\/www.huntersfriend.eu\/de\/wp-json\/wp\/v2\/media\/291948"}],"wp:attachment":[{"href":"https:\/\/www.huntersfriend.eu\/de\/wp-json\/wp\/v2\/media?parent=291989"}],"wp:term":[{"taxonomy":"product_brand","embeddable":true,"href":"https:\/\/www.huntersfriend.eu\/de\/wp-json\/wp\/v2\/product_brand?post=291989"},{"taxonomy":"product_cat","embeddable":true,"href":"https:\/\/www.huntersfriend.eu\/de\/wp-json\/wp\/v2\/product_cat?post=291989"},{"taxonomy":"product_tag","embeddable":true,"href":"https:\/\/www.huntersfriend.eu\/de\/wp-json\/wp\/v2\/product_tag?post=291989"}],"curies":[{"name":"wp","href":"https:\/\/api.w.org\/{rel}","templated":true}]}}