{"id":291982,"date":"2025-10-30T09:37:29","date_gmt":"2025-10-30T07:37:29","guid":{"rendered":"https:\/\/www.huntersfriend.eu\/product\/darton-consequence-31-auf-lager\/"},"modified":"2025-11-21T18:37:54","modified_gmt":"2025-11-21T16:37:54","slug":"darton-consequence-31-auf-lager","status":"publish","type":"product","link":"https:\/\/www.huntersfriend.eu\/de\/produkt\/darton-consequence-31-auf-lager\/","title":{"rendered":"Darton Consequence 31 \u2013 auf Lager"},"content":{"rendered":"<div id=\"s-666547a8-1dbd-4e55-b506-99bcf24adf94\" class=\"shg-c shg-align-center\">\n<div class=\"shogun-heading-component\">\n<h2><span data-text-color=\"alert\">Wenn Sie den gew\u00fcnschten Bogen hier nicht finden, besuchen Sie bitte unsere Seite f\u00fcr individuelle Consequence 31 B\u00f6gen oder kontaktieren Sie uns direkt.<\/span><\/h2>\n<h2>ENTDECKEN SIE DIE NEUE CONSEQUENCE 31<\/h2>\n<\/div>\n<\/div>\n<div id=\"s-98c59f07-3b50-4b8b-ac33-5eb90de8d0fd\" class=\"shg-c \">\n<div class=\"shg-rich-text shg-theme-text-content\">\n<p><span data-fontfamily=\"Oswald\">Das neueste Angebot von Darton Archery \u2013 die Consequence 31. Dieser neue Compoundbogen kommt auf Wunsch vieler unserer H\u00e4ndler und Kunden, die einen etwas l\u00e4ngeren Bogen von Achse zu Achse w\u00fcnschen, ohne dabei das Budget zu sprengen. <\/span><\/p>\n<p><span data-fontfamily=\"Oswald\">Konstruiert mit einem brandneuen Riser-Design und aus geschmiedetem Aluminium gefertigt, ist die Consequence 31 nicht nur robust, sondern auch leicht. Sie verf\u00fcgt \u00fcber BBS Dual Sync Cams mit 1\/4 Zoll Auszugsl\u00e4ngen, 1\/4 Zoll Achsen und .870 Wurfarmen und Wurfarmtaschen f\u00fcr verbesserte Stabilit\u00e4t. Der Darton Grip sorgt f\u00fcr einen komfortablen und festen Halt, w\u00e4hrend die integrierte QAD Pfeilauflage und der Rollenschutz zu seinem \u00fcberlegenen Design beitragen.  <\/span><\/p>\n<p><span data-fontfamily=\"Oswald\">Aber das ist noch nicht alles. Die Consequence 31 wird mit 2 S\u00e4tzen rotierender MODs geliefert \u2013 einem Standard-Set und einem Performance-Set \u2013, die es Ihnen erm\u00f6glichen, Ihren Bogen nach Ihren Bed\u00fcrfnissen anzupassen. Er ist mit Pr\u00e4zisionsspezifikationen konzipiert, die Genauigkeit bei jedem Schuss gew\u00e4hrleisten. Mit einer Geschwindigkeit von 325 FPS mit dem Standard-Mod und 331 FPS mit dem Speed-Mod sorgt dieser Bogen daf\u00fcr, dass Ihre Pfeile ihr Ziel schnell treffen.   <\/span><\/p>\n<p><span data-fontfamily=\"Oswald\">Die Consequence 31 ist wirklich ein Game-Changer in der Welt des Bogenschie\u00dfens. Egal, ob Sie ein erfahrener Bogensch\u00fctze oder ein Anf\u00e4nger sind, dieser Bogen wurde entwickelt, um Ihr Bogenschie\u00dferlebnis zu verbessern. <\/span><\/p>\n<div id=\"s-fc5190b2-71aa-4551-97a9-de14956c7d6b\" class=\"shg-c \">\n<div class=\"shg-rich-text shg-theme-text-content\">\n<p>BRANDNEUES RISER-DESIGN<\/p>\n<p>BBS Dual Sync Cams 1\/4 Zoll Auszugsl\u00e4ngenanpassungen<\/p>\n<p>1\/4 Zoll Achsen<\/p>\n<p>5\/8 Zoll Lager<\/p>\n<p>.870 Wurfarme und Wurfarmtaschen (Erh\u00f6hen die Stabilit\u00e4t)<\/p>\n<p>DER Darton Grip<\/p>\n<p>Rollenschutz<\/p>\n<p>Die integrierte QAD Pfeilauflagenhalterung<\/p>\n<p>2 S\u00e4tze rotierender MODs<\/p>\n<p>1 Standard-Set und 1 Performance-Set<\/p>\n<\/div>\n<\/div>\n<div id=\"s-2eb2d979-5e26-47fd-b757-c9ed34c0a317\" class=\"shg-c \">\n<div class=\"shg-rich-text shg-theme-text-content\">\n<p>&nbsp;<\/p>\n<p><span data-fontweight=\"400\">PR\u00c4ZISIONSSPEZIFIKATIONEN<\/span><\/p>\n<p>GESCHWINDIGKEIT: 325 FPS Standard-Mod | 331 FPS Performance-Mod<\/p>\n<p>ACHSE-ZU-ACHSE: 31 Zoll<\/p>\n<p>STANDH\u00d6HE: 7 Zoll<\/p>\n<p>GEWICHT: 4,3 LBS.<\/p>\n<p>AUSZUGSL\u00c4NGEN: 26-31,5 Zoll<\/p>\n<p>ZUGGEWICHTE: 50, 60, 70<\/p>\n<p>LET-OFF: 83-75 % (Einstellbar mit Auszugsbegrenzern)<\/p>\n<\/div>\n<\/div>\n<\/div>\n<\/div>\n","protected":false},"excerpt":{"rendered":"<p>Wenn Sie den gew\u00fcnschten Bogen hier nicht finden, besuchen Sie bitte unsere Seite f\u00fcr individuelle Consequence 31 B\u00f6gen oder kontaktieren Sie uns direkt. ENTDECKEN SIE DIE NEUE CONSEQUENCE 31 Das neueste Angebot von Darton Archery \u2013 die Consequence 31. Dieser neue Compoundbogen kommt auf Wunsch vieler unserer H\u00e4ndler und Kunden, die einen etwas l\u00e4ngeren Bogen [&#8230;]\n","protected":false},"featured_media":291859,"comment_status":"open","ping_status":"closed","template":"","meta":[],"product_brand":[],"product_cat":[1125],"product_tag":[],"class_list":{"0":"post-291982","1":"product","2":"type-product","3":"status-publish","4":"has-post-thumbnail","6":"product_cat-compoundbogen-blank","7":"product_shipping_class-big-de","9":"first","10":"instock","11":"sale","12":"taxable","13":"shipping-taxable","14":"purchasable","15":"product-type-variable"},"composite_virtual":false,"composite_layout":"","composite_add_to_cart_form_location":"","composite_editable_in_cart":false,"composite_sold_individually_context":"","composite_shop_price_calc":"","composite_components":[],"composite_scenarios":[],"group_of_quantity":0,"min_quantity":0,"max_quantity":"","exclude_order_quantity_value_rules":"no","exclude_category_quantity_rules":"no","combine_variations":"no","exclude_global_add_ons":[],"addons":[],"_links":{"self":[{"href":"https:\/\/www.huntersfriend.eu\/de\/wp-json\/wp\/v2\/product\/291982","targetHints":{"allow":["GET"]}}],"collection":[{"href":"https:\/\/www.huntersfriend.eu\/de\/wp-json\/wp\/v2\/product"}],"about":[{"href":"https:\/\/www.huntersfriend.eu\/de\/wp-json\/wp\/v2\/types\/product"}],"replies":[{"embeddable":true,"href":"https:\/\/www.huntersfriend.eu\/de\/wp-json\/wp\/v2\/comments?post=291982"}],"wp:featuredmedia":[{"embeddable":true,"href":"https:\/\/www.huntersfriend.eu\/de\/wp-json\/wp\/v2\/media\/291859"}],"wp:attachment":[{"href":"https:\/\/www.huntersfriend.eu\/de\/wp-json\/wp\/v2\/media?parent=291982"}],"wp:term":[{"taxonomy":"product_brand","embeddable":true,"href":"https:\/\/www.huntersfriend.eu\/de\/wp-json\/wp\/v2\/product_brand?post=291982"},{"taxonomy":"product_cat","embeddable":true,"href":"https:\/\/www.huntersfriend.eu\/de\/wp-json\/wp\/v2\/product_cat?post=291982"},{"taxonomy":"product_tag","embeddable":true,"href":"https:\/\/www.huntersfriend.eu\/de\/wp-json\/wp\/v2\/product_tag?post=291982"}],"curies":[{"name":"wp","href":"https:\/\/api.w.org\/{rel}","templated":true}]}}