{"id":291977,"date":"2025-10-30T11:53:52","date_gmt":"2025-10-30T09:53:52","guid":{"rendered":"https:\/\/www.huntersfriend.eu\/product\/darton-consequence-sd-custom-bogen\/"},"modified":"2025-11-14T12:47:51","modified_gmt":"2025-11-14T10:47:51","slug":"darton-consequence-sd-custom-bogen","status":"publish","type":"product","link":"https:\/\/www.huntersfriend.eu\/de\/produkt\/darton-consequence-sd-custom-bogen\/","title":{"rendered":"Darton Consequence SD Custom-Bogen"},"content":{"rendered":"<div id=\"s-68ca3288-8268-4a3a-b16a-928de8f50bfb\" class=\"shg-c shg-align-center\">\n<div class=\"shogun-heading-component\">\n<p><span data-text-color=\"alert\"><strong>Bitte \u00fcberpr\u00fcfen Sie unsere Seite Darton Consequence SD \u2013 Auf Lager, um zu sehen, ob wir den Bogen vorr\u00e4tig haben, bevor Sie ihn hier bestellen. Sie k\u00f6nnen uns auch direkt kontaktieren, um weitere Informationen zu Verf\u00fcgbarkeit und Lieferzeiten zu erhalten. <\/strong><\/span><\/p>\n<h2>ENTDECKEN SIE DEN NEUEN CONSEQUENCE SD<\/h2>\n<\/div>\n<\/div>\n<div id=\"s-f1902256-7dfe-41a0-8a22-2dc202cbb7c5\" class=\"shg-c \">\n<div class=\"shg-rich-text shg-theme-text-content\">\n<p><span data-fontfamily=\"Oswald\">Erleben Sie die Evolution des Bogenschie\u00dfens mit Darton Archerys neuestem Angebot \u2013 dem Consequence SD. Dieser neue Compoundbogen baut auf dem Erfolg seines Vorg\u00e4ngers auf und bietet fortschrittliche Funktionen f\u00fcr eine noch bessere Leistung. <\/span><\/p>\n<p><span data-fontfamily=\"Oswald\">Der Consequence SD ist mit einem brandneuen, aus geschmiedetem Aluminium gefertigten Riser-Design konstruiert und nicht nur robust, sondern auch leicht. Er verf\u00fcgt \u00fcber BBS Dual Sync SD Cam, 1\/4-Zoll-Achsen und 0,870-Zoll-Wurfarme und -Wurfarmtaschen f\u00fcr verbesserte Stabilit\u00e4t. Der Darton-Griff sorgt f\u00fcr einen komfortablen und festen Halt, w\u00e4hrend die QAD Integrate und der Roller Guard das \u00fcberlegene Design erg\u00e4nzen.  <\/span><\/p>\n<p><span data-fontfamily=\"Oswald\">Er wurde mit pr\u00e4zisen Spezifikationen entwickelt, die bei jedem Schuss Genauigkeit gew\u00e4hrleisten. Mit einer Geschwindigkeit von 309 FPS bei 28&#8243; Auszug und einem 300-Grain-Pfeil sorgt dieser Bogen daf\u00fcr, dass Ihre Pfeile ihr Ziel schnell treffen. <\/span><\/p>\n<p><span data-fontfamily=\"Oswald\">Der Consequence SD ist wirklich ein Game-Changer in der Welt des Bogenschie\u00dfens. Egal, ob Sie ein erfahrener Bogensch\u00fctze oder ein Anf\u00e4nger sind, dieser Bogen wurde entwickelt, um Ihr Bogenschie\u00df-Erlebnis zu verbessern. <\/span><\/p>\n<div id=\"s-3c8872e4-88e0-4323-a5fb-3e405cd6eef7\" class=\"shg-c \">\n<div class=\"shg-rich-text shg-theme-text-content\">\n<p>V\u00d6LLIG NEUES RISER-DESIGN<\/p>\n<p>BBS Dual Sync SD Cams<\/p>\n<p>1\/4&#8243; Achsen<\/p>\n<p>5\/8&#8243; Lager<\/p>\n<p>.870 Wurfarme und Wurfarmtaschen (f\u00fcr zus\u00e4tzliche Stabilit\u00e4t)<\/p>\n<p>DER Darton-Griff<\/p>\n<p>Roller Guard<\/p>\n<p>QAD Integrate-Pfeilauflage<\/p>\n<\/div>\n<\/div>\n<div id=\"s-a2e152b8-1724-487e-b51d-a080439d7e27\" class=\"shg-c \">\n<div class=\"shg-rich-text shg-theme-text-content\">\n<p><strong><span data-fontweight=\"300\">PR\u00c4ZISIONSSPEZIFIKATIONEN<\/span><\/strong><\/p>\n<p>GESCHWINDIGKEIT: 309 FPS, 28&#8243; Auszugsl\u00e4nge und ein 300-Grain-Pfeil<\/p>\n<p>ACHSE ZU ACHSE: 30 1\/16&#8243;<\/p>\n<p>STANDH\u00d6HE: 7 1\/16&#8243;<\/p>\n<p>MASSENGEWICHT: 4 LBS.<\/p>\n<p>AUSZUGSL\u00c4NGEN: 22&#8243;-28&#8243;<\/p>\n<p>AUSZUGSGEWICHTE: 50, 60<\/p>\n<p>LET-OFF: 82-75 % (einstellbar mit Draw Stop-Pfosten)<\/p>\n<\/div>\n<\/div>\n<\/div>\n<\/div>\n","protected":false},"excerpt":{"rendered":"<p>Bitte \u00fcberpr\u00fcfen Sie unsere Seite Darton Consequence SD \u2013 Auf Lager, um zu sehen, ob wir den Bogen vorr\u00e4tig haben, bevor Sie ihn hier bestellen. Sie k\u00f6nnen uns auch direkt kontaktieren, um weitere Informationen zu Verf\u00fcgbarkeit und Lieferzeiten zu erhalten. ENTDECKEN SIE DEN NEUEN CONSEQUENCE SD Erleben Sie die Evolution des Bogenschie\u00dfens mit Darton Archerys [&#8230;]\n","protected":false},"featured_media":291838,"comment_status":"open","ping_status":"closed","template":"","meta":[],"product_brand":[],"product_cat":[1125],"product_tag":[],"class_list":{"0":"post-291977","1":"product","2":"type-product","3":"status-publish","4":"has-post-thumbnail","6":"product_cat-compoundbogen-blank","7":"product_shipping_class-big-de","9":"first","10":"onbackorder","11":"taxable","12":"shipping-taxable","13":"purchasable","14":"product-type-simple"},"composite_virtual":false,"composite_layout":"","composite_add_to_cart_form_location":"","composite_editable_in_cart":false,"composite_sold_individually_context":"","composite_shop_price_calc":"","composite_components":[],"composite_scenarios":[],"group_of_quantity":0,"min_quantity":0,"max_quantity":"","exclude_order_quantity_value_rules":"no","exclude_category_quantity_rules":"no","combine_variations":"no","exclude_global_add_ons":false,"addons":{"1":{"name":"Bogenhand","type":"multiple_choice","position":0,"required":true,"title_format":"label","default":"0","description_enable":false,"description":null,"placeholder_enable":false,"placeholder":null,"display":"select","restrictions_type":"any_text","adjust_price":false,"price":"","price_type":"flat_fee","restrictions":false,"min":"0","max":"0","options":[{"label":"Rechte Hand","price":"","price_type":"flat_fee","image":0,"visibility":true},{"label":"Linke Hand","price":"","price_type":"flat_fee","image":0,"visibility":true}],"id":1762770067},"2":{"name":"Zuggewicht","type":"multiple_choice","position":1,"required":true,"title_format":"label","default":"0","description_enable":false,"description":null,"placeholder_enable":false,"placeholder":null,"display":"select","restrictions_type":"any_text","adjust_price":false,"price":"","price_type":"flat_fee","restrictions":false,"min":"0","max":"0","options":[{"label":"30-50#","price":"","price_type":"flat_fee","image":0,"visibility":true},{"label":"40-60#","price":"","price_type":"flat_fee","image":0,"visibility":true}],"id":1762770068},"0":{"name":"Farbe","type":"multiple_choice","position":2,"required":true,"title_format":"label","default":"0","description_enable":false,"description":null,"placeholder_enable":false,"placeholder":null,"display":"select","restrictions_type":"any_text","adjust_price":false,"price":"","price_type":"flat_fee","restrictions":false,"min":"0","max":"0","options":[{"label":"Mattschwarz mit schwarzen Wurfarmen","price":"","price_type":"flat_fee","image":0,"visibility":true},{"label":"Flat Dark Earth mit schwarzen Wurfarmen","price":"","price_type":"flat_fee","image":0,"visibility":true},{"label":"OD Green mit schwarzen Wurfarmen","price":"","price_type":"flat_fee","image":0,"visibility":false},{"label":"Steingrau mit schwarzen Wurfarmen","price":"","price_type":"flat_fee","image":0,"visibility":true},{"label":"Mossy Oak Bottom Land Camo mit schwarzen Wurfarmen","price":"","price_type":"flat_fee","image":0,"visibility":true}],"id":1762770069}},"_links":{"self":[{"href":"https:\/\/www.huntersfriend.eu\/de\/wp-json\/wp\/v2\/product\/291977","targetHints":{"allow":["GET"]}}],"collection":[{"href":"https:\/\/www.huntersfriend.eu\/de\/wp-json\/wp\/v2\/product"}],"about":[{"href":"https:\/\/www.huntersfriend.eu\/de\/wp-json\/wp\/v2\/types\/product"}],"replies":[{"embeddable":true,"href":"https:\/\/www.huntersfriend.eu\/de\/wp-json\/wp\/v2\/comments?post=291977"}],"wp:featuredmedia":[{"embeddable":true,"href":"https:\/\/www.huntersfriend.eu\/de\/wp-json\/wp\/v2\/media\/291838"}],"wp:attachment":[{"href":"https:\/\/www.huntersfriend.eu\/de\/wp-json\/wp\/v2\/media?parent=291977"}],"wp:term":[{"taxonomy":"product_brand","embeddable":true,"href":"https:\/\/www.huntersfriend.eu\/de\/wp-json\/wp\/v2\/product_brand?post=291977"},{"taxonomy":"product_cat","embeddable":true,"href":"https:\/\/www.huntersfriend.eu\/de\/wp-json\/wp\/v2\/product_cat?post=291977"},{"taxonomy":"product_tag","embeddable":true,"href":"https:\/\/www.huntersfriend.eu\/de\/wp-json\/wp\/v2\/product_tag?post=291977"}],"curies":[{"name":"wp","href":"https:\/\/api.w.org\/{rel}","templated":true}]}}