{"id":291973,"date":"2025-11-10T13:30:28","date_gmt":"2025-11-10T11:30:28","guid":{"rendered":"https:\/\/www.huntersfriend.eu\/product\/darton-tritech-35-custom-bogen\/"},"modified":"2026-01-30T10:05:19","modified_gmt":"2026-01-30T08:05:19","slug":"darton-tritech-35-custom-bogen","status":"publish","type":"product","link":"https:\/\/www.huntersfriend.eu\/de\/produkt\/darton-tritech-35-custom-bogen\/","title":{"rendered":"Darton Tritech 35 Custom Bogen"},"content":{"rendered":"<p><span data-text-color=\"alert\"><strong>Bitte pr\u00fcfen Sie unsere Seite Darton Tritech 35 \u2013 Auf Lager, um zu sehen, ob wir den Bogen vor der Bestellung hier haben. Sie k\u00f6nnen uns auch direkt kontaktieren, um weitere Informationen zu Verf\u00fcgbarkeit und Lieferzeiten zu erhalten. <\/strong><\/span><\/p>\n<p style=\"font-weight: 400;\"><span data-fontfamily=\"Oswald\"><span style=\"font-weight: 600;\" data-fontweight=\"600\">76 Jahre Exzellenz und Innovation im Bogenschie\u00dfen: Der Tritech 35 wurde vorgestellt<\/span><b><strong data-start=\"198\" data-end=\"246\">   <\/strong><\/b><b><strong data-start=\"198\" data-end=\"246\">          <\/strong><\/b><\/span><\/p>\n<p style=\"font-weight: 400;\" data-start=\"198\" data-end=\"248\"><span data-fontfamily=\"Oswald\"><b><strong data-start=\"198\" data-end=\"246\"><span style=\"font-weight: 400;\" data-fontweight=\"400\">Der TriTech 35: Ein pr\u00e4zisionsgesteuertes Kraftpaket<\/span><\/strong><\/b><\/span><\/p>\n<p style=\"font-weight: 400;\" data-start=\"198\" data-end=\"248\"><span data-fontfamily=\"Oswald\"><span style=\"font-weight: 300;\" data-fontweight=\"300\"><span style=\"font-weight: 400;\" data-fontweight=\"400\">Darton\u2019s neueste Innovation, der <\/span><span style=\"font-weight: 400;\" data-fontweight=\"400\"><b><strong>TriTech 35<\/strong><\/b>, verf\u00fcgt \u00fcber drei zum Patent angemeldete Technologien und unterstreicht das unerm\u00fcdliche Streben der Marke nach Leistung und Pr\u00e4zision.<\/span><span style=\"font-weight: 400;\" data-fontweight=\"400\"> Ein zum Patent angemeldeter Dual-Function Micro Adjust Roller Guard, verbesserte, zum Patent angemeldete Perfect-Timing Adjustable Yoke Hangers, das zum Patent angemeldete Perfect-Tune\u2122 Adjustable Limb Pocket System, ausgestattet mit Standard-Mods, einschlie\u00dflich Speed-Mods, 1\/4&#8243; verstellbaren Auszugsl\u00e4ngen, zwei Draw-Stop-Pfosten und einer Picatinny-Zielfernrohrmontage, setzt dieser Bogen einen neuen Standard in Bezug auf Abstimmbarkeit und Funktionalit\u00e4t. Diese hochmodernen Technologien sorgen f\u00fcr einen denkbar sanften Auszugzyklus und un\u00fcbertroffene Konsistenz \u2013 was die TriTech-Serie zu den am besten abstimmbaren B\u00f6gen auf dem heutigen Markt macht. Die branchenf\u00fchrenden Innovationen von Darton machen das perfekte Abstimmen und Timing eines Bogens m\u00f6glich. Dar\u00fcber hinaus macht der neue, weichere Sanoprene-Griffeinsatz unsere B\u00f6gen komfortabler, insbesondere an k\u00fchlen Morgenstunden. Es gibt drei Griffoptionen: Neutral, am Bogen montiert, 2,5 Grad und 5 Grad, wodurch der am besten abstimmbare Bogen der Welt perfekt zu Ihnen und Ihrem Schie\u00dfstil passt.     <\/span><\/span><\/span><\/p>\n<p style=\"font-weight: 400;\" data-start=\"802\" data-end=\"842\"><span style=\"font-weight: 400;\" data-fontweight=\"400\" data-fontfamily=\"Oswald\">M\u00fchelose Abstimmung f\u00fcr jeden Sch\u00fctzen<\/span><\/p>\n<p style=\"font-weight: 400;\"><span style=\"font-weight: 400;\" data-fontfamily=\"Oswald\" data-fontweight=\"400\">Der <b><strong>TriTech 35<\/strong><\/b> ist nicht nur eine Hochleistungsmaschine, sondern wurde auch mit Blick auf Einfachheit entwickelt. Schnelle, stufenlose Anpassungen mit neuen zus\u00e4tzlichen Lasergravuren machen das Abstimmen und Timing einfacher denn je, sodass Sch\u00fctzen aller Erfahrungsstufen weniger Zeit mit dem Optimieren und mehr Zeit mit dem Schie\u00dfen verbringen k\u00f6nnen. Ob Sie nun f\u00fcr den Wettkampf feinabstimmen oder sich f\u00fcr die Jagd vorbereiten, der <b><strong>TriTech 35<\/strong><\/b> liefert Schuss f\u00fcr Schuss Pr\u00e4zision, Komfort und Selbstvertrauen.  <\/span><\/p>\n<div id=\"s-70fe2d67-cccd-419f-bff8-0c7aa3a7cc7c\" class=\"shg-c \">\n<div class=\"shg-rich-text shg-theme-text-content\">\n<p><strong>PR\u00c4ZISIONSSPEZIFIKATIONEN<\/strong><\/p>\n<p>GESCHWINDIGKEIT: TATS\u00c4CHLICH 331-332 FPS<\/p>\n<p>GESCHWINDIGKEIT MIT SPEED MOD: TATS\u00c4CHLICH 334-335 FPS<\/p>\n<p>GESCHWINDIGKEIT MIT 75% MOD: TATS\u00c4CHLICH 335-336 FPS<br \/>\n(75% MOD SEPARAT ERH\u00c4LTLICH)<\/p>\n<p>ACHSE ZU ACHSE: 35 1\/8&#8243;<\/p>\n<p>STANDH\u00d6HE: 6 3\/8 &#8220;<\/p>\n<p>MASSENGEWICHT: 4,75 LBS<br \/>\n(ohne installierte LVS; im Lieferumfang des Bogens enthalten)<\/p>\n<p>AUSZUGSL\u00c4NGEN: 26&#8243;-31,5&#8243;<\/p>\n<p>Zuggewichte: 50, 60, 70 und 80<\/p>\n<p>LET-OFF: 83-75% Einstellbar mit Draw Stop Posts<br \/>\nund 75% MOD (separat erh\u00e4ltlich)<\/p>\n<p>Ma\u00dfgefertigte Bogensehnen<\/p>\n<p>Hergestellt in den USA<\/p>\n<\/div>\n<\/div>\n<div id=\"s-9baf1901-be65-418b-afb6-f6cbceab266a\" class=\"shg-c \">\n<div class=\"shg-rich-text shg-theme-text-content\">\n<p><strong>Funktionen umfassen<\/strong><\/p>\n<p>BBS Dual Sync Cam 1\/4&#8243; Auszugsl\u00e4ngen (auch bekannt als Sequel Cam) (6,990,970 B1)<\/p>\n<p>Patentierte Deep Groove Cam (#8,714,143)<\/p>\n<p>1\/4&#8243; Knopfkopfachsen<\/p>\n<p>5\/8&#8243; Lager<\/p>\n<p>(Perfect Tune) Einstellbare Wurfarmtaschen (Patent angemeldet)<\/p>\n<p>Dual-Function Micro-Adjust Rollenf\u00fchrung (Patent angemeldet)<\/p>\n<p>(Perfect Timing) Einstellbarer Gabeltr\u00e4ger (Patent angemeldet)<\/p>\n<p>Die integrierte QAD-Pfeilauflage<\/p>\n<p>Ein Speed-Mod ist enthalten, aber nicht installiert, f\u00fcr zus\u00e4tzliche 5-6 FPS.<\/p>\n<p>Mit zwei S\u00e4tzen von Draw-Stop-Pfosten k\u00f6nnen Sie Ihren Let-Off mikrofein einstellen.<\/p>\n<\/div>\n<\/div>\n","protected":false},"excerpt":{"rendered":"<p>Bitte pr\u00fcfen Sie unsere Seite Darton Tritech 35 \u2013 Auf Lager, um zu sehen, ob wir den Bogen vor der Bestellung hier haben. Sie k\u00f6nnen uns auch direkt kontaktieren, um weitere Informationen zu Verf\u00fcgbarkeit und Lieferzeiten zu erhalten. 76 Jahre Exzellenz und Innovation im Bogenschie\u00dfen: Der Tritech 35 wurde vorgestellt Der TriTech 35: Ein pr\u00e4zisionsgesteuertes [&#8230;]\n","protected":false},"featured_media":291958,"comment_status":"open","ping_status":"closed","template":"","meta":[],"product_brand":[],"product_cat":[1125],"product_tag":[],"class_list":{"0":"post-291973","1":"product","2":"type-product","3":"status-publish","4":"has-post-thumbnail","6":"product_cat-compoundbogen-blank","7":"product_shipping_class-big-de","9":"first","10":"onbackorder","11":"taxable","12":"shipping-taxable","13":"purchasable","14":"product-type-simple"},"composite_virtual":false,"composite_layout":"","composite_add_to_cart_form_location":"","composite_editable_in_cart":false,"composite_sold_individually_context":"","composite_shop_price_calc":"","composite_components":[],"composite_scenarios":[],"group_of_quantity":0,"min_quantity":0,"max_quantity":"","exclude_order_quantity_value_rules":"no","exclude_category_quantity_rules":"no","combine_variations":"no","exclude_global_add_ons":false,"addons":[{"name":"Bogenhand","type":"multiple_choice","position":0,"required":true,"title_format":"label","default":"","description_enable":false,"description":null,"placeholder_enable":false,"placeholder":null,"display":"select","restrictions_type":"any_text","adjust_price":false,"price":"","price_type":"flat_fee","restrictions":false,"min":"0","max":"0","options":[{"label":"Rechte Hand","price":"","price_type":"flat_fee","image":0,"visibility":true},{"label":"Linke Hand","price":"","price_type":"flat_fee","image":0,"visibility":true}],"id":1762866879},{"name":"Farbe","type":"multiple_choice","position":1,"required":true,"title_format":"label","default":"","description_enable":false,"description":null,"placeholder_enable":false,"placeholder":null,"display":"select","restrictions_type":"any_text","adjust_price":false,"price":"","price_type":"flat_fee","restrictions":false,"min":"0","max":"0","options":[{"label":"Schwarz mit schwarzen Wurfarmen","price":"","price_type":"flat_fee","image":0,"visibility":true},{"label":"Flat Dark Earth mit schwarzen Wurfarmen","price":"","price_type":"flat_fee","image":0,"visibility":true},{"label":"Stone Grey mit schwarzen Wurfarmen","price":"","price_type":"flat_fee","image":0,"visibility":true},{"label":"OD Green mit schwarzen Wurfarmen","price":"","price_type":"flat_fee","image":0,"visibility":true},{"label":"Firstlite Spectre Camo mit schwarzen Wurfarmen","price":"","price_type":"flat_fee","image":0,"visibility":true},{"label":"Firstlite Fusion mit schwarzen Wurfarmen","price":"","price_type":"flat_fee","image":0,"visibility":true},{"label":"Mossy Oak Bottom Land Camo mit schwarzen Wurfarmen","price":"","price_type":"flat_fee","image":0,"visibility":false},{"label":"Candy Blue mit schwarzen Wurfarmen","price":"","price_type":"flat_fee","image":0,"visibility":true},{"label":"Candy Red mit schwarzen Wurfarmen","price":"","price_type":"flat_fee","image":0,"visibility":true},{"label":"Candy Purple mit schwarzen Wurfarmen","price":"","price_type":"flat_fee","image":0,"visibility":true}],"id":1762866881},{"name":"Zuggewicht","type":"multiple_choice","position":2,"required":true,"title_format":"label","default":"","description_enable":false,"description":null,"placeholder_enable":false,"placeholder":null,"display":"select","restrictions_type":"any_text","adjust_price":false,"price":"","price_type":"flat_fee","restrictions":false,"min":"0","max":"0","options":[{"label":"40-50#","price":"","price_type":"flat_fee","image":0,"visibility":true},{"label":"50-60#","price":"","price_type":"flat_fee","image":0,"visibility":true},{"label":"60-70#","price":"","price_type":"flat_fee","image":0,"visibility":true},{"label":"70-80#","price":"","price_type":"flat_fee","image":0,"visibility":true}],"id":1762866880}],"_links":{"self":[{"href":"https:\/\/www.huntersfriend.eu\/de\/wp-json\/wp\/v2\/product\/291973","targetHints":{"allow":["GET"]}}],"collection":[{"href":"https:\/\/www.huntersfriend.eu\/de\/wp-json\/wp\/v2\/product"}],"about":[{"href":"https:\/\/www.huntersfriend.eu\/de\/wp-json\/wp\/v2\/types\/product"}],"replies":[{"embeddable":true,"href":"https:\/\/www.huntersfriend.eu\/de\/wp-json\/wp\/v2\/comments?post=291973"}],"wp:featuredmedia":[{"embeddable":true,"href":"https:\/\/www.huntersfriend.eu\/de\/wp-json\/wp\/v2\/media\/291958"}],"wp:attachment":[{"href":"https:\/\/www.huntersfriend.eu\/de\/wp-json\/wp\/v2\/media?parent=291973"}],"wp:term":[{"taxonomy":"product_brand","embeddable":true,"href":"https:\/\/www.huntersfriend.eu\/de\/wp-json\/wp\/v2\/product_brand?post=291973"},{"taxonomy":"product_cat","embeddable":true,"href":"https:\/\/www.huntersfriend.eu\/de\/wp-json\/wp\/v2\/product_cat?post=291973"},{"taxonomy":"product_tag","embeddable":true,"href":"https:\/\/www.huntersfriend.eu\/de\/wp-json\/wp\/v2\/product_tag?post=291973"}],"curies":[{"name":"wp","href":"https:\/\/api.w.org\/{rel}","templated":true}]}}