{"id":291800,"date":"2025-11-04T09:59:19","date_gmt":"2025-11-04T07:59:19","guid":{"rendered":"https:\/\/www.huntersfriend.eu\/product\/sitka-fanatic-jacke-elevated\/"},"modified":"2026-03-11T14:36:56","modified_gmt":"2026-03-11T12:36:56","slug":"sitka-fanatic-jacke-elevated","status":"publish","type":"product","link":"https:\/\/www.huntersfriend.eu\/de\/produkt\/sitka-fanatic-jacke-elevated\/","title":{"rendered":"SITKA Fanatic Jacke &#8211; Elevated"},"content":{"rendered":"<h3 data-start=\"197\" data-end=\"259\"><strong data-start=\"201\" data-end=\"259\">SITKA Fanatic Jacke \u2013 ultimativer Schutz und Ger\u00e4uschlosigkeit<\/strong><\/h3>\n<p data-start=\"261\" data-end=\"559\">Die <strong data-start=\"265\" data-end=\"289\">Sitka Fanatic Jacke<\/strong> wurde f\u00fcr kalte Herbst- und Winter-Ansitzjagden entwickelt, bei denen W\u00e4rme, Ger\u00e4uschlosigkeit und Komfort unerl\u00e4sslich sind.<br data-start=\"390\" data-end=\"393\">Diese Jacke kombiniert hochfloriges Berberfleece, eine winddichte <strong data-start=\"451\" data-end=\"476\">WINDSTOPPER\u00ae-Membran<\/strong> und eine hochwertige <strong data-start=\"490\" data-end=\"515\">PrimaLoft\u00ae-Isolierung<\/strong>, um Sie selbst unter feuchten Bedingungen warm zu halten.<\/p>\n<p data-start=\"561\" data-end=\"832\">Das <strong data-start=\"565\" data-end=\"589\">Optifade Elevated II<\/strong> Tarnmuster wurde speziell entwickelt, um J\u00e4ger in blattlosen Umgebungen, in der Sp\u00e4tsaison und im Winter zu tarnen.<br data-start=\"703\" data-end=\"706\">Gleichzeitig reduziert die <strong data-start=\"717\" data-end=\"737\">Science of Sound<\/strong>-Technologie Bewegungsger\u00e4usche um die H\u00e4lfte, was Ihre Erfolgschancen auf dem Ansitz verbessert.<\/p>\n<hr data-start=\"834\" data-end=\"837\">\n<h3 data-start=\"839\" data-end=\"869\"><strong data-start=\"843\" data-end=\"869\">Zweck und Vorteile<\/strong><\/h3>\n<p data-start=\"871\" data-end=\"1124\">Die <strong data-start=\"875\" data-end=\"893\">Fanatic Jacke<\/strong> ist die perfekte Wahl f\u00fcr die Ansitzjagd auf vorsichtiges Wild im fr\u00fchen Fr\u00fchling, Herbst oder Winter.<br data-start=\"1012\" data-end=\"1015\">Ihr <strong data-start=\"1019\" data-end=\"1057\">diagonaler, ultraleiser YKK\u00ae-Rei\u00dfverschluss<\/strong> sorgt f\u00fcr ger\u00e4uschloses Anziehen und verf\u00fcgt \u00fcber integrierte Handw\u00e4rmertaschen.<\/p>\n<p data-start=\"1126\" data-end=\"1494\">Durchdacht platzierte Aufbewahrungsl\u00f6sungen halten Ihre essentielle Ausr\u00fcstung griffbereit und organisiert, w\u00e4hrend die <strong data-start=\"1216\" data-end=\"1266\">Constant-Connect\u2122 Sicherheitsgurt-Kompatibilit\u00e4t<\/strong> einfaches Schichten ohne unn\u00f6tige Anpassungen erm\u00f6glicht.<br data-start=\"1320\" data-end=\"1323\">Das \u00c4rmeldesign bietet optimale Freig\u00e4ngigkeit f\u00fcr Ihre Bogensehne am linken Arm und reduziert \u00fcbersch\u00fcssiges Volumen am Zugellenbogen f\u00fcr eine geschmeidigere, ergonomischere Schussposition.<\/p>\n<hr data-start=\"1496\" data-end=\"1499\">\n<h3 data-start=\"1501\" data-end=\"1533\"><strong data-start=\"1505\" data-end=\"1533\">Technische Daten<\/strong><\/h3>\n<ul data-start=\"1535\" data-end=\"1623\">\n<li data-start=\"1535\" data-end=\"1570\">\n<p data-start=\"1537\" data-end=\"1570\"><strong data-start=\"1537\" data-end=\"1547\">Farbe:<\/strong> Optifade Elevated II<\/p>\n<\/li>\n<li data-start=\"1571\" data-end=\"1591\">\n<p data-start=\"1573\" data-end=\"1591\"><strong data-start=\"1573\" data-end=\"1583\">Gr\u00f6\u00dfen:<\/strong> M\u20132XL<\/p>\n<\/li>\n<li data-start=\"1592\" data-end=\"1623\">\n<p data-start=\"1594\" data-end=\"1623\"><strong data-start=\"1594\" data-end=\"1605\">Gewicht:<\/strong> 1310 g (Gr\u00f6\u00dfe L)<\/p>\n<\/li>\n<\/ul>\n<p data-start=\"1625\" data-end=\"1988\"><strong data-start=\"1625\" data-end=\"1643\">Obermaterial:<\/strong> Hochfloriges Jacquard-Berberfleece mit DWR-Beschichtung<br data-start=\"1692\" data-end=\"1695\"><strong data-start=\"1695\" data-end=\"1712\">Saum und Ges\u00e4\u00df:<\/strong> Stretch-Polyesterfleece mit DWR-Beschichtung<br data-start=\"1753\" data-end=\"1756\"><strong data-start=\"1756\" data-end=\"1767\">Futter:<\/strong> 2-lagiges <strong data-start=\"1776\" data-end=\"1809\">WINDSTOPPER\u00ae von Gore-Tex Labs<\/strong> mit Polyester-Micro-Grid-Fleece-Innenseite<br data-start=\"1851\" data-end=\"1854\"><strong data-start=\"1854\" data-end=\"1877\">Isolierung (Rumpf):<\/strong> 120 g <strong data-start=\"1884\" data-end=\"1919\">PrimaLoft\u00ae Silver Hi-Loft Ultra<\/strong><br data-start=\"1919\" data-end=\"1922\"><strong data-start=\"1922\" data-end=\"1947\">Isolierung (\u00c4rmel):<\/strong> 80 g <strong data-start=\"1953\" data-end=\"1988\">PrimaLoft\u00ae Silver Hi-Loft Ultra<\/strong><\/p>\n<hr data-start=\"1990\" data-end=\"1993\">\n<h3 data-start=\"1995\" data-end=\"2015\"><strong data-start=\"1999\" data-end=\"2015\">Hauptmerkmale<\/strong><\/h3>\n<ul data-start=\"2017\" data-end=\"2685\">\n<li data-start=\"2017\" data-end=\"2087\">\n<p data-start=\"2019\" data-end=\"2087\">Die <strong data-start=\"2019\" data-end=\"2039\">Science of Sound<\/strong>-Technologie reduziert die Schall\u00fcbertragung um 50 %.<\/p>\n<\/li>\n<li data-start=\"2088\" data-end=\"2140\">\n<p data-start=\"2090\" data-end=\"2140\">Intuitiv gestaltete Taschen f\u00fcr die wichtigsten Ausr\u00fcstungsgegenst\u00e4nde.<\/p>\n<\/li>\n<li data-start=\"2141\" data-end=\"2183\">\n<p data-start=\"2143\" data-end=\"2183\">Sichere <strong data-start=\"2150\" data-end=\"2166\">Brusttasche<\/strong> f\u00fcr Wertsachen.<\/p>\n<\/li>\n<li data-start=\"2184\" data-end=\"2239\">\n<p data-start=\"2186\" data-end=\"2239\">Ultraleiser <strong data-start=\"2198\" data-end=\"2236\">diagonaler YKK\u00ae Vislon\u00ae Frontrei\u00dfverschluss<\/strong>.<\/p>\n<\/li>\n<li data-start=\"2240\" data-end=\"2320\">\n<p data-start=\"2242\" data-end=\"2320\"><strong data-start=\"2242\" data-end=\"2299\">Constant-Connect\u2122 SITKA\u00ae Sicherheitsgurt-Kompatibilit\u00e4t<\/strong> f\u00fcr einfaches Schichten.<\/p>\n<\/li>\n<li data-start=\"2321\" data-end=\"2397\">\n<p data-start=\"2323\" data-end=\"2397\">\u00c4rmeldesign optimiert f\u00fcr <strong data-start=\"2351\" data-end=\"2374\">Bogensehnenfreiheit<\/strong> und Zugergonomie.<\/p>\n<\/li>\n<li data-start=\"2398\" data-end=\"2472\">\n<p data-start=\"2400\" data-end=\"2472\"><strong data-start=\"2400\" data-end=\"2433\">Dornenresistente Verst\u00e4rkungen<\/strong> an Saum und Ges\u00e4\u00df, um H\u00e4ngenbleiben zu verhindern.<\/p>\n<\/li>\n<li data-start=\"2473\" data-end=\"2568\">\n<p data-start=\"2475\" data-end=\"2568\"><strong data-start=\"2475\" data-end=\"2509\">WINDSTOPPER\u00ae von Gore-Tex Labs:<\/strong> vollst\u00e4ndig winddichter, leichter und atmungsaktiver Schutz.<\/p>\n<\/li>\n<li data-start=\"2569\" data-end=\"2628\">\n<p data-start=\"2571\" data-end=\"2628\">Die <strong data-start=\"2571\" data-end=\"2596\">PrimaLoft\u00ae-Isolierung<\/strong> speichert die W\u00e4rme auch bei N\u00e4sse.<\/p>\n<\/li>\n<li data-start=\"2629\" data-end=\"2685\">\n<p data-start=\"2631\" data-end=\"2685\"><strong data-start=\"2631\" data-end=\"2655\">Magnetischer Verstaubarkragen<\/strong> bietet zus\u00e4tzlichen Komfort und Bequemlichkeit.<\/p>\n<\/li>\n<\/ul>\n<hr data-start=\"2687\" data-end=\"2690\">\n<h3 data-start=\"2692\" data-end=\"2723\"><strong data-start=\"2696\" data-end=\"2723\">Warum diese Jacke w\u00e4hlen?<\/strong><\/h3>\n<p data-start=\"2725\" data-end=\"3067\">Die <strong data-start=\"2729\" data-end=\"2753\">Sitka Fanatic Jacke<\/strong> bietet die perfekte Kombination aus W\u00e4rme, Ger\u00e4uschlosigkeit und Leistung, die f\u00fcr anspruchsvolle Winterjagden erforderlich ist.<br data-start=\"2859\" data-end=\"2862\">Jedes Detail wurde f\u00fcr den Ansitzj\u00e4ger entwickelt \u2013 wenn das Wetter rau und das Wild vorsichtig ist, verschafft Ihnen diese Jacke den entscheidenden Vorteil.<br data-start=\"2999\" data-end=\"3002\">Ein zuverl\u00e4ssiger Begleiter f\u00fcr die k\u00e4ltesten und h\u00e4rtesten Tage der Saison.<\/p>\n","protected":false},"excerpt":{"rendered":"<p>SITKA Fanatic Jacke \u2013 ultimativer Schutz und Ger\u00e4uschlosigkeit Die Sitka Fanatic Jacke wurde f\u00fcr kalte Herbst- und Winter-Ansitzjagden entwickelt, bei denen W\u00e4rme, Ger\u00e4uschlosigkeit und Komfort unerl\u00e4sslich sind.Diese Jacke kombiniert hochfloriges Berberfleece, eine winddichte WINDSTOPPER\u00ae-Membran und eine hochwertige PrimaLoft\u00ae-Isolierung, um Sie selbst unter feuchten Bedingungen warm zu halten. Das Optifade Elevated II Tarnmuster wurde speziell entwickelt, [&#8230;]\n","protected":false},"featured_media":291472,"comment_status":"open","ping_status":"closed","template":"","meta":[],"product_brand":[],"product_cat":[2741,1384],"product_tag":[],"class_list":{"0":"post-291800","1":"product","2":"type-product","3":"status-publish","4":"has-post-thumbnail","6":"product_cat-jackor","7":"product_cat-jacken","9":"first","10":"instock","11":"taxable","12":"shipping-taxable","13":"purchasable","14":"product-type-variable"},"composite_virtual":false,"composite_layout":"","composite_add_to_cart_form_location":"","composite_editable_in_cart":false,"composite_sold_individually_context":"","composite_shop_price_calc":"","composite_components":[],"composite_scenarios":[],"group_of_quantity":0,"min_quantity":0,"max_quantity":"","exclude_order_quantity_value_rules":"no","exclude_category_quantity_rules":"no","combine_variations":"no","exclude_global_add_ons":[],"addons":[],"_links":{"self":[{"href":"https:\/\/www.huntersfriend.eu\/de\/wp-json\/wp\/v2\/product\/291800","targetHints":{"allow":["GET"]}}],"collection":[{"href":"https:\/\/www.huntersfriend.eu\/de\/wp-json\/wp\/v2\/product"}],"about":[{"href":"https:\/\/www.huntersfriend.eu\/de\/wp-json\/wp\/v2\/types\/product"}],"replies":[{"embeddable":true,"href":"https:\/\/www.huntersfriend.eu\/de\/wp-json\/wp\/v2\/comments?post=291800"}],"wp:featuredmedia":[{"embeddable":true,"href":"https:\/\/www.huntersfriend.eu\/de\/wp-json\/wp\/v2\/media\/291472"}],"wp:attachment":[{"href":"https:\/\/www.huntersfriend.eu\/de\/wp-json\/wp\/v2\/media?parent=291800"}],"wp:term":[{"taxonomy":"product_brand","embeddable":true,"href":"https:\/\/www.huntersfriend.eu\/de\/wp-json\/wp\/v2\/product_brand?post=291800"},{"taxonomy":"product_cat","embeddable":true,"href":"https:\/\/www.huntersfriend.eu\/de\/wp-json\/wp\/v2\/product_cat?post=291800"},{"taxonomy":"product_tag","embeddable":true,"href":"https:\/\/www.huntersfriend.eu\/de\/wp-json\/wp\/v2\/product_tag?post=291800"}],"curies":[{"name":"wp","href":"https:\/\/api.w.org\/{rel}","templated":true}]}}