{"id":291785,"date":"2025-11-04T09:59:14","date_gmt":"2025-11-04T07:59:14","guid":{"rendered":"https:\/\/www.huntersfriend.eu\/product\/sitka-core-lightweight-crew-ls-shirt-cover\/"},"modified":"2026-03-11T14:36:53","modified_gmt":"2026-03-11T12:36:53","slug":"sitka-core-lightweight-crew-ls-shirt-cover","status":"publish","type":"product","link":"https:\/\/www.huntersfriend.eu\/de\/produkt\/sitka-core-lightweight-crew-ls-shirt-cover\/","title":{"rendered":"SITKA Core Lightweight Crew LS Shirt \u2013 Cover"},"content":{"rendered":"<h3 data-start=\"170\" data-end=\"227\"><strong data-start=\"174\" data-end=\"225\">Sitka Core Lightweight Crew LS \u2013 Optifade Cover<\/strong><\/h3>\n<p data-start=\"228\" data-end=\"681\">Das <strong data-start=\"232\" data-end=\"266\">Sitka Core Lightweight Crew LS<\/strong> ist eine technische Basisschicht, die f\u00fcr die aktive Jagd und Outdoor-Aktivit\u00e4ten unter wechselnden Bedingungen entwickelt wurde. Sein feuchtigkeitsableitendes, schnelltrocknendes Gewebe h\u00e4lt Ihre Haut trocken, w\u00e4hrend das dehnbare Gestrick volle Bewegungsfreiheit und ganzt\u00e4gigen Komfort gew\u00e4hrleistet. Das <strong data-start=\"511\" data-end=\"529\">Optifade Cover<\/strong>-Muster bietet effektive Tarnung in verschiedenen Umgebungen, und die integrierte Geruchskontrolle sorgt daf\u00fcr, dass Sie sich auch an langen, intensiven Tagen frisch f\u00fchlen.  <\/p>\n<hr data-start=\"683\" data-end=\"686\">\n<h3 data-start=\"688\" data-end=\"710\"><strong data-start=\"692\" data-end=\"708\">Hauptmerkmale<\/strong><\/h3>\n<ul data-start=\"712\" data-end=\"1001\">\n<li data-start=\"712\" data-end=\"764\">\n<p data-start=\"714\" data-end=\"764\">Leichte, flexible Basisschicht f\u00fcr den aktiven Einsatz.<\/p>\n<\/li>\n<li data-start=\"765\" data-end=\"827\">\n<p data-start=\"767\" data-end=\"827\"><strong data-start=\"767\" data-end=\"804\">Feuchtigkeitsableitend und schnelltrocknend<\/strong> f\u00fcr ganzt\u00e4gigen Komfort.<\/p>\n<\/li>\n<li data-start=\"828\" data-end=\"884\">\n<p data-start=\"830\" data-end=\"884\"><strong data-start=\"830\" data-end=\"857\">Polygiene\u00ae Geruchskontrolle<\/strong> neutralisiert Ger\u00fcche sicher.<\/p>\n<\/li>\n<li data-start=\"885\" data-end=\"942\">\n<p data-start=\"887\" data-end=\"942\"><strong data-start=\"887\" data-end=\"905\">Optifade Cover<\/strong>-Muster f\u00fcr vielseitige Tarnung.<\/p>\n<\/li>\n<li data-start=\"943\" data-end=\"1001\">\n<p data-start=\"945\" data-end=\"1001\">Weiches, ger\u00e4uscharmes Gewebe, ideal zum Unterziehen unter Oberbekleidung.<\/p>\n<\/li>\n<\/ul>\n<hr data-start=\"1003\" data-end=\"1006\">\n<h3 data-start=\"1008\" data-end=\"1037\"><strong data-start=\"1012\" data-end=\"1035\">Verwendung und Leistung<\/strong><\/h3>\n<p data-start=\"1039\" data-end=\"1491\">Perfekt als Basisschicht vom Fr\u00fchling bis zum Herbst und als Teil eines Schichtsystems bei k\u00e4lteren Winterbedingungen. Das Gewebe ist atmungsaktiv und trocknet schnell \u2013 unerl\u00e4sslich f\u00fcr lange Jagdtage mit wechselnden Temperaturen und Anstrengungsgraden. Die Polygiene\u00ae-Technologie verhindert Geruchsbildung und erm\u00f6glicht wiederholten Gebrauch, ohne an Frische einzub\u00fc\u00dfen. Dehnbares, weiches Gewebe passt sich Ihren Bewegungen an, ohne zu scheuern, und seine ger\u00e4uscharme Oberfl\u00e4che ist ideal f\u00fcr Situationen, in denen Tarnung entscheidend ist.   <\/p>\n<hr data-start=\"1493\" data-end=\"1496\">\n<h3 data-start=\"1498\" data-end=\"1529\"><strong data-start=\"1502\" data-end=\"1527\">Warum diese Schicht w\u00e4hlen<\/strong><\/h3>\n<p data-start=\"1531\" data-end=\"1844\">Das <strong data-start=\"1535\" data-end=\"1563\">Core Lightweight Crew LS<\/strong> ist ideal f\u00fcr J\u00e4ger, die eine atmungsaktive, leichte Basisschicht suchen, die Komfort, Geruchskontrolle und Leistung in Einklang bringt. In Kombination mit dem <strong data-start=\"1702\" data-end=\"1720\">Optifade Cover<\/strong>-Muster sorgt es daf\u00fcr, dass Sie effektiv getarnt bleiben, w\u00e4hrend technische Stoffe Ihre Aktivit\u00e4t die ganze Saison \u00fcber unterst\u00fctzen. <\/p>\n<hr data-start=\"1846\" data-end=\"1849\">\n<h3 data-start=\"1851\" data-end=\"1878\"><strong data-start=\"1855\" data-end=\"1876\">Technische Details<\/strong><\/h3>\n<ul data-start=\"1880\" data-end=\"2180\">\n<li data-start=\"1880\" data-end=\"1941\">\n<p data-start=\"1882\" data-end=\"1941\"><strong data-start=\"1882\" data-end=\"1895\">Material:<\/strong> schnelltrocknendes, leichtes Komfort-Stretch-Gestrick<\/p>\n<\/li>\n<li data-start=\"1942\" data-end=\"2009\">\n<p data-start=\"1944\" data-end=\"2009\"><strong data-start=\"1944\" data-end=\"1961\">Geruchskontrolle:<\/strong> Polygiene\u00ae-Technologie neutralisiert Schwei\u00dfger\u00fcche<\/p>\n<\/li>\n<li data-start=\"2010\" data-end=\"2069\">\n<p data-start=\"2012\" data-end=\"2069\"><strong data-start=\"2012\" data-end=\"2030\">Atmungsaktivit\u00e4t:<\/strong> Feuchtigkeitsableitendes, schnelltrocknendes Gewebe<\/p>\n<\/li>\n<li data-start=\"2070\" data-end=\"2124\">\n<p data-start=\"2072\" data-end=\"2124\"><strong data-start=\"2072\" data-end=\"2080\">Passform:<\/strong> Dehnbar und angenehm auf der Haut<\/p>\n<\/li>\n<li data-start=\"2125\" data-end=\"2159\">\n<p data-start=\"2127\" data-end=\"2159\"><strong data-start=\"2127\" data-end=\"2142\">Tarnung:<\/strong> Optifade Cover<\/p>\n<\/li>\n<li data-start=\"2160\" data-end=\"2180\">\n<p data-start=\"2162\" data-end=\"2180\"><strong data-start=\"2162\" data-end=\"2172\">Gr\u00f6\u00dfen:<\/strong> M\u20132XL<\/p>\n<\/li>\n<\/ul>\n","protected":false},"excerpt":{"rendered":"<p>Sitka Core Lightweight Crew LS \u2013 Optifade Cover Das Sitka Core Lightweight Crew LS ist eine technische Basisschicht, die f\u00fcr die aktive Jagd und Outdoor-Aktivit\u00e4ten unter wechselnden Bedingungen entwickelt wurde. Sein feuchtigkeitsableitendes, schnelltrocknendes Gewebe h\u00e4lt Ihre Haut trocken, w\u00e4hrend das dehnbare Gestrick volle Bewegungsfreiheit und ganzt\u00e4gigen Komfort gew\u00e4hrleistet. Das Optifade Cover-Muster bietet effektive Tarnung in [&#8230;]\n","protected":false},"featured_media":291593,"comment_status":"open","ping_status":"closed","template":"","meta":[],"product_brand":[],"product_cat":[2184,2813],"product_tag":[],"class_list":{"0":"post-291785","1":"product","2":"type-product","3":"status-publish","4":"has-post-thumbnail","6":"product_cat-hemden-kapuzenpullover","7":"product_cat-skjortor-hoodies","9":"first","10":"instock","11":"taxable","12":"shipping-taxable","13":"purchasable","14":"product-type-variable"},"composite_virtual":false,"composite_layout":"","composite_add_to_cart_form_location":"","composite_editable_in_cart":false,"composite_sold_individually_context":"","composite_shop_price_calc":"","composite_components":[],"composite_scenarios":[],"group_of_quantity":0,"min_quantity":0,"max_quantity":"","exclude_order_quantity_value_rules":"no","exclude_category_quantity_rules":"no","combine_variations":"no","exclude_global_add_ons":[],"addons":[],"_links":{"self":[{"href":"https:\/\/www.huntersfriend.eu\/de\/wp-json\/wp\/v2\/product\/291785","targetHints":{"allow":["GET"]}}],"collection":[{"href":"https:\/\/www.huntersfriend.eu\/de\/wp-json\/wp\/v2\/product"}],"about":[{"href":"https:\/\/www.huntersfriend.eu\/de\/wp-json\/wp\/v2\/types\/product"}],"replies":[{"embeddable":true,"href":"https:\/\/www.huntersfriend.eu\/de\/wp-json\/wp\/v2\/comments?post=291785"}],"wp:featuredmedia":[{"embeddable":true,"href":"https:\/\/www.huntersfriend.eu\/de\/wp-json\/wp\/v2\/media\/291593"}],"wp:attachment":[{"href":"https:\/\/www.huntersfriend.eu\/de\/wp-json\/wp\/v2\/media?parent=291785"}],"wp:term":[{"taxonomy":"product_brand","embeddable":true,"href":"https:\/\/www.huntersfriend.eu\/de\/wp-json\/wp\/v2\/product_brand?post=291785"},{"taxonomy":"product_cat","embeddable":true,"href":"https:\/\/www.huntersfriend.eu\/de\/wp-json\/wp\/v2\/product_cat?post=291785"},{"taxonomy":"product_tag","embeddable":true,"href":"https:\/\/www.huntersfriend.eu\/de\/wp-json\/wp\/v2\/product_tag?post=291785"}],"curies":[{"name":"wp","href":"https:\/\/api.w.org\/{rel}","templated":true}]}}