{"id":291780,"date":"2025-11-04T09:59:16","date_gmt":"2025-11-04T07:59:16","guid":{"rendered":"https:\/\/www.huntersfriend.eu\/product\/sitka-core-merino-220-half-zip-elevated\/"},"modified":"2026-03-11T14:36:54","modified_gmt":"2026-03-11T12:36:54","slug":"sitka-core-merino-220-half-zip-elevated","status":"publish","type":"product","link":"https:\/\/www.huntersfriend.eu\/de\/produkt\/sitka-core-merino-220-half-zip-elevated\/","title":{"rendered":"SITKA Core Merino 220 Half-Zip &#8211; Elevated"},"content":{"rendered":"<h3 data-start=\"245\" data-end=\"306\"><strong data-start=\"249\" data-end=\"306\">Sitka Core Merino 220 Half-Zip \u2013 Optifade Elevated II<\/strong><\/h3>\n<p data-start=\"308\" data-end=\"862\">Das <strong data-start=\"312\" data-end=\"346\">Sitka Core Merino 220 Half-Zip<\/strong> ist eine warme, atmungsaktive Zwischenschicht, die f\u00fcr die aktive Jagd und den Einsatz im Freien bei k\u00fchlen bis kalten Bedingungen entwickelt wurde.<br data-start=\"449\" data-end=\"452\">Hergestellt aus <strong data-start=\"462\" data-end=\"499\">220 g\/m\u00b2 Merinowollmischgewebe<\/strong>, bietet es ein ausgewogenes Verh\u00e4ltnis von W\u00e4rme und Feuchtigkeitsmanagement und sorgt gleichzeitig f\u00fcr weichen Tragekomfort auf der Haut.<br data-start=\"586\" data-end=\"589\">Das <strong data-start=\"593\" data-end=\"612\">Half-Zip-Design<\/strong> erm\u00f6glicht eine schnelle Temperaturregulierung unterwegs, w\u00e4hrend das <strong data-start=\"676\" data-end=\"700\">Optifade Elevated II<\/strong>-Muster nahtlos in bewaldetes Gel\u00e4nde und erh\u00f6hte Standumgebungen \u00fcbergeht \u2013 so bleiben Sie verborgen, ohne den Komfort zu beeintr\u00e4chtigen.<br data-start=\"830\" data-end=\"833\">Erh\u00e4ltlich in den Gr\u00f6\u00dfen <strong data-start=\"852\" data-end=\"861\">M\u20132XL<\/strong>.<\/p>\n<hr data-start=\"864\" data-end=\"867\">\n<h3 data-start=\"869\" data-end=\"889\"><strong data-start=\"873\" data-end=\"889\">Hauptmerkmale<\/strong><\/h3>\n<ul data-start=\"891\" data-end=\"1246\">\n<li data-start=\"891\" data-end=\"963\">\n<p data-start=\"893\" data-end=\"963\"><strong data-start=\"893\" data-end=\"927\">220 g\/m\u00b2 Merinomischgewebe-Zwischenschicht<\/strong> f\u00fcr kalte und wechselnde Bedingungen.<\/p>\n<\/li>\n<li data-start=\"964\" data-end=\"1020\">\n<p data-start=\"966\" data-end=\"1020\"><strong data-start=\"966\" data-end=\"978\">Half-Zip<\/strong> f\u00fcr schnelle Bel\u00fcftung und W\u00e4rmeabgabe.<\/p>\n<\/li>\n<li data-start=\"1021\" data-end=\"1086\">\n<p data-start=\"1023\" data-end=\"1086\"><strong data-start=\"1023\" data-end=\"1047\">Nat\u00fcrliche Geruchskontrolle<\/strong> durch Merinowolle f\u00fcr mehrt\u00e4giges Tragen.<\/p>\n<\/li>\n<li data-start=\"1087\" data-end=\"1156\">\n<p data-start=\"1089\" data-end=\"1156\"><strong data-start=\"1089\" data-end=\"1118\">Weiches, leises und flexibles<\/strong> Material f\u00fcr uneingeschr\u00e4nkte Bewegungsfreiheit.<\/p>\n<\/li>\n<li data-start=\"1157\" data-end=\"1246\">\n<p data-start=\"1159\" data-end=\"1246\"><strong data-start=\"1159\" data-end=\"1194\">Optifade Elevated II-Tarnung<\/strong> zur Tarnung in Hochsitzen und Waldgebieten.<\/p>\n<\/li>\n<\/ul>\n<hr data-start=\"1248\" data-end=\"1251\">\n<h3 data-start=\"1253\" data-end=\"1280\"><strong data-start=\"1257\" data-end=\"1280\">Verwendung und Leistung<\/strong><\/h3>\n<p data-start=\"1282\" data-end=\"1607\">Das <strong data-start=\"1286\" data-end=\"1314\">Core Merino 220 Half-Zip<\/strong> ist f\u00fcr den Einsatz vom Herbst \u00fcber den Winter bis ins fr\u00fche Fr\u00fchjahr konzipiert \u2013 wann immer Sie zus\u00e4tzliche W\u00e4rme ben\u00f6tigen, ohne zu \u00fcberhitzen.<br data-start=\"1430\" data-end=\"1433\">Es eignet sich sowohl f\u00fcr das Tragen direkt auf der Haut als auch f\u00fcr das Tragen \u00fcber einer leichten Basisschicht und bildet so ein atmungsaktives und effizientes Isolationssystem unter Ihrer Oberbekleidung.<\/p>\n<p data-start=\"1609\" data-end=\"1900\">Das Half-Zip-Design erm\u00f6glicht ein einfaches W\u00e4rmemanagement bei Aufstiegen und \u00dcberg\u00e4ngen, w\u00e4hrend die nat\u00fcrliche Geruchsresistenz von Merino es zu einem zuverl\u00e4ssigen Begleiter f\u00fcr mehrt\u00e4gige Jagden macht.<br data-start=\"1780\" data-end=\"1783\">Seine leise, dehnbare Konstruktion gew\u00e4hrleistet Bewegungsfreiheit und eine ger\u00e4uschlose Handhabung Ihrer Waffe oder Ausr\u00fcstung im Stand.<\/p>\n<hr data-start=\"1902\" data-end=\"1905\">\n<h3 data-start=\"1907\" data-end=\"1937\"><strong data-start=\"1911\" data-end=\"1937\">Warum es das Richtige f\u00fcr Sie ist<\/strong><\/h3>\n<p data-start=\"1939\" data-end=\"2322\">Wenn Sie auf der Suche nach einer vielseitigen, warmen Zwischenschicht sind, die sowohl in Bewegung als auch bei langen Sitzungen \u00fcberzeugt, ist das <strong data-start=\"2041\" data-end=\"2069\">Core Merino 220 Half-Zip<\/strong> genau das Richtige f\u00fcr Sie.<br data-start=\"2084\" data-end=\"2087\">Es kombiniert die W\u00e4rme, die Feuchtigkeitsregulierung und die Geruchsresistenz von Merinowolle mit technischer Passform und einstellbarer Bel\u00fcftung.<br data-start=\"2205\" data-end=\"2208\">Die <strong data-start=\"2212\" data-end=\"2236\">Optifade Elevated II<\/strong>-Tarnung sorgt daf\u00fcr, dass Ihre Ausr\u00fcstung Ihre Tarnung genau dort unterst\u00fctzt, wo es am wichtigsten ist.<\/p>\n<hr data-start=\"2324\" data-end=\"2327\">\n<h3 data-start=\"2329\" data-end=\"2361\"><strong data-start=\"2333\" data-end=\"2361\">Technische Daten<\/strong><\/h3>\n<ul data-start=\"2363\" data-end=\"2907\">\n<li data-start=\"2363\" data-end=\"2412\">\n<p data-start=\"2365\" data-end=\"2412\"><strong data-start=\"2365\" data-end=\"2383\">Materialgewicht:<\/strong> 220 g\/m\u00b2 Merinomischgewebe<\/p>\n<\/li>\n<li data-start=\"2413\" data-end=\"2525\">\n<p data-start=\"2415\" data-end=\"2525\"><strong data-start=\"2415\" data-end=\"2432\">Konstruktion:<\/strong> Halblanger Rei\u00dfverschluss zur Temperaturregulierung, weiche Innenseite f\u00fcr Komfort auf der Haut<\/p>\n<\/li>\n<li data-start=\"2526\" data-end=\"2650\">\n<p data-start=\"2528\" data-end=\"2650\"><strong data-start=\"2528\" data-end=\"2568\">Atmungsaktivit\u00e4t &amp; Feuchtigkeitsmanagement:<\/strong> Merinowolle leitet auf nat\u00fcrliche Weise Feuchtigkeit ab und gleicht die Temperatur bei aktiver Nutzung aus<\/p>\n<\/li>\n<li data-start=\"2651\" data-end=\"2734\">\n<p data-start=\"2653\" data-end=\"2734\"><strong data-start=\"2653\" data-end=\"2670\">Geruchskontrolle:<\/strong> Die nat\u00fcrlichen antibakteriellen Eigenschaften von Merino reduzieren die Geruchsbildung<\/p>\n<\/li>\n<li data-start=\"2735\" data-end=\"2818\">\n<p data-start=\"2737\" data-end=\"2818\"><strong data-start=\"2737\" data-end=\"2756\">Passform &amp; Bewegungsfreiheit:<\/strong> Leises, dehnbares Gewebe, das f\u00fcr das Tragen unter Oberbekleidung entwickelt wurde<\/p>\n<\/li>\n<li data-start=\"2819\" data-end=\"2856\">\n<p data-start=\"2821\" data-end=\"2856\"><strong data-start=\"2821\" data-end=\"2833\">Muster:<\/strong> Optifade Elevated II<\/p>\n<\/li>\n<li data-start=\"2857\" data-end=\"2886\">\n<p data-start=\"2859\" data-end=\"2886\"><strong data-start=\"2859\" data-end=\"2870\">Gewicht:<\/strong> ca. 314 g <\/p>\n<\/li>\n<li data-start=\"2887\" data-end=\"2907\">\n<p data-start=\"2889\" data-end=\"2907\"><strong data-start=\"2889\" data-end=\"2899\">Gr\u00f6\u00dfen:<\/strong> M\u20132XL<\/p>\n<\/li>\n<\/ul>\n","protected":false},"excerpt":{"rendered":"<p>Sitka Core Merino 220 Half-Zip \u2013 Optifade Elevated II Das Sitka Core Merino 220 Half-Zip ist eine warme, atmungsaktive Zwischenschicht, die f\u00fcr die aktive Jagd und den Einsatz im Freien bei k\u00fchlen bis kalten Bedingungen entwickelt wurde.Hergestellt aus 220 g\/m\u00b2 Merinowollmischgewebe, bietet es ein ausgewogenes Verh\u00e4ltnis von W\u00e4rme und Feuchtigkeitsmanagement und sorgt gleichzeitig f\u00fcr weichen [&#8230;]\n","protected":false},"featured_media":291567,"comment_status":"open","ping_status":"closed","template":"","meta":[],"product_brand":[],"product_cat":[2580,1203],"product_tag":[],"class_list":{"0":"post-291780","1":"product","2":"type-product","3":"status-publish","4":"has-post-thumbnail","6":"product_cat-lager-pa-lager","7":"product_cat-kleidungsschichten","9":"first","10":"instock","11":"taxable","12":"shipping-taxable","13":"purchasable","14":"product-type-variable"},"composite_virtual":false,"composite_layout":"","composite_add_to_cart_form_location":"","composite_editable_in_cart":false,"composite_sold_individually_context":"","composite_shop_price_calc":"","composite_components":[],"composite_scenarios":[],"group_of_quantity":0,"min_quantity":0,"max_quantity":"","exclude_order_quantity_value_rules":"no","exclude_category_quantity_rules":"no","combine_variations":"no","exclude_global_add_ons":[],"addons":[],"_links":{"self":[{"href":"https:\/\/www.huntersfriend.eu\/de\/wp-json\/wp\/v2\/product\/291780","targetHints":{"allow":["GET"]}}],"collection":[{"href":"https:\/\/www.huntersfriend.eu\/de\/wp-json\/wp\/v2\/product"}],"about":[{"href":"https:\/\/www.huntersfriend.eu\/de\/wp-json\/wp\/v2\/types\/product"}],"replies":[{"embeddable":true,"href":"https:\/\/www.huntersfriend.eu\/de\/wp-json\/wp\/v2\/comments?post=291780"}],"wp:featuredmedia":[{"embeddable":true,"href":"https:\/\/www.huntersfriend.eu\/de\/wp-json\/wp\/v2\/media\/291567"}],"wp:attachment":[{"href":"https:\/\/www.huntersfriend.eu\/de\/wp-json\/wp\/v2\/media?parent=291780"}],"wp:term":[{"taxonomy":"product_brand","embeddable":true,"href":"https:\/\/www.huntersfriend.eu\/de\/wp-json\/wp\/v2\/product_brand?post=291780"},{"taxonomy":"product_cat","embeddable":true,"href":"https:\/\/www.huntersfriend.eu\/de\/wp-json\/wp\/v2\/product_cat?post=291780"},{"taxonomy":"product_tag","embeddable":true,"href":"https:\/\/www.huntersfriend.eu\/de\/wp-json\/wp\/v2\/product_tag?post=291780"}],"curies":[{"name":"wp","href":"https:\/\/api.w.org\/{rel}","templated":true}]}}