{"id":291773,"date":"2025-11-04T09:59:16","date_gmt":"2025-11-04T07:59:16","guid":{"rendered":"https:\/\/www.huntersfriend.eu\/product\/sitka-core-neck-gaiter-schutz-fuer-den-hals\/"},"modified":"2026-01-29T12:13:22","modified_gmt":"2026-01-29T10:13:22","slug":"sitka-core-neck-gaiter-schutz-fuer-den-hals","status":"publish","type":"product","link":"https:\/\/www.huntersfriend.eu\/de\/produkt\/sitka-core-neck-gaiter-schutz-fuer-den-hals\/","title":{"rendered":"SITKA Core Neck Gaiter \u2013 Schutz f\u00fcr den Hals"},"content":{"rendered":"<h3 data-start=\"193\" data-end=\"269\"><strong data-start=\"197\" data-end=\"269\">Sitka Core Neck Gaiter \u2013 leichter Hals- und Gesichtsschutz f\u00fcr die Jagd<\/strong><\/h3>\n<p data-start=\"271\" data-end=\"665\">Der <strong data-start=\"275\" data-end=\"301\">Sitka Core Neck Gaiter<\/strong> vereint Leichtigkeit, Atmungsaktivit\u00e4t und Tarnung in einem schlanken, funktionalen Design \u2013 egal, ob Sie von dichtem Unterholz oder offenem Wald umgeben sind.<br data-start=\"449\" data-end=\"452\">W\u00e4hlen Sie das Muster, das am besten zu Ihrem Gel\u00e4nde passt: <strong data-start=\"503\" data-end=\"521\">Optifade Cover<\/strong> ist optimiert f\u00fcr tiefgr\u00fcne, schattige Waldumgebungen, w\u00e4hrend <strong data-start=\"585\" data-end=\"607\">Optifade Subalpine<\/strong> ideal f\u00fcr hellere, gr\u00fcnere und \u00fcppigere Vegetation ist.<\/p>\n<hr data-start=\"667\" data-end=\"670\">\n<h3 data-start=\"672\" data-end=\"692\"><strong data-start=\"676\" data-end=\"692\">Hauptmerkmale<\/strong><\/h3>\n<ul data-start=\"694\" data-end=\"1088\">\n<li data-start=\"694\" data-end=\"770\">\n<p data-start=\"696\" data-end=\"770\">Leichtes und <strong data-start=\"712\" data-end=\"731\">dehnbares Gewebe<\/strong>, das eine ausgezeichnete Atmungsaktivit\u00e4t bietet.<\/p>\n<\/li>\n<li data-start=\"771\" data-end=\"861\">\n<p data-start=\"773\" data-end=\"861\">Entwickelt, um den <strong data-start=\"795\" data-end=\"818\">Hals und das untere Gesicht<\/strong> zu bedecken, ohne die Bewegung oder den Komfort einzuschr\u00e4nken.<\/p>\n<\/li>\n<li data-start=\"862\" data-end=\"921\">\n<p data-start=\"864\" data-end=\"921\">Die glatte Strickoberfl\u00e4che l\u00e4sst sich bequem mit anderer Ausr\u00fcstung kombinieren.<\/p>\n<\/li>\n<li data-start=\"922\" data-end=\"1019\">\n<p data-start=\"924\" data-end=\"1019\">Erh\u00e4ltlich in zwei verschiedenen Tarnmustern: <strong data-start=\"971\" data-end=\"989\">Optifade Cover<\/strong> und <strong data-start=\"994\" data-end=\"1016\">Optifade Subalpine<\/strong>.<\/p>\n<\/li>\n<li data-start=\"1020\" data-end=\"1088\">\n<p data-start=\"1022\" data-end=\"1088\"><strong data-start=\"1022\" data-end=\"1044\">Einheitsgr\u00f6\u00dfe<\/strong> \u2013 flexible Passform f\u00fcr eine Vielzahl von Benutzern.<\/p>\n<\/li>\n<\/ul>\n<hr data-start=\"1090\" data-end=\"1093\">\n<h3 data-start=\"1095\" data-end=\"1125\"><strong data-start=\"1099\" data-end=\"1125\">Kontext der Tarnungsanwendung<\/strong><\/h3>\n<ul data-start=\"1127\" data-end=\"1499\">\n<li data-start=\"1127\" data-end=\"1338\">\n<p data-start=\"1129\" data-end=\"1338\"><strong data-start=\"1129\" data-end=\"1148\">Optifade Cover:<\/strong> Entwickelt f\u00fcr tiefgr\u00fcne W\u00e4lder, dichte Vegetation und schattige Waldgebiete.<br data-start=\"1221\" data-end=\"1224\">Die Farben sind so abgestimmt, dass die Blau- und Violett-Reflexion minimiert wird \u2013 eine ausgezeichnete \u00dcbereinstimmung f\u00fcr <strong data-start=\"1307\" data-end=\"1335\">nordische Waldbedingungen<\/strong>.<\/p>\n<\/li>\n<li data-start=\"1340\" data-end=\"1499\">\n<p data-start=\"1342\" data-end=\"1499\"><strong data-start=\"1342\" data-end=\"1365\">Optifade Subalpine:<\/strong> Entwickelt f\u00fcr \u00fcppiges, gr\u00fcnes Gel\u00e4nde mit dichter Vegetation, moosigem Boden und Unterholz, wie es typisch f\u00fcr die fr\u00fche Saison oder Tieflandumgebungen ist.<\/p>\n<\/li>\n<\/ul>\n<hr data-start=\"1501\" data-end=\"1504\">\n<p data-start=\"1506\" data-end=\"1688\">W\u00e4hlen Sie den <strong data-start=\"1517\" data-end=\"1543\">Sitka Core Neck Gaiter<\/strong> in dem Muster, das am besten zu Ihrer Jagdlandschaft passt, und genie\u00dfen Sie effektive Tarnung und Schutz ohne zus\u00e4tzliches Gewicht oder visuellen Kontrast.<\/p>\n","protected":false},"excerpt":{"rendered":"<p>Sitka Core Neck Gaiter \u2013 leichter Hals- und Gesichtsschutz f\u00fcr die Jagd Der Sitka Core Neck Gaiter vereint Leichtigkeit, Atmungsaktivit\u00e4t und Tarnung in einem schlanken, funktionalen Design \u2013 egal, ob Sie von dichtem Unterholz oder offenem Wald umgeben sind.W\u00e4hlen Sie das Muster, das am besten zu Ihrem Gel\u00e4nde passt: Optifade Cover ist optimiert f\u00fcr tiefgr\u00fcne, [&#8230;]\n","protected":false},"featured_media":291585,"comment_status":"open","ping_status":"closed","template":"","meta":[],"product_brand":[],"product_cat":[2716,2611],"product_tag":[],"class_list":{"0":"post-291773","1":"product","2":"type-product","3":"status-publish","4":"has-post-thumbnail","6":"product_cat-hattar-och-huvudbonader","7":"product_cat-tillbehor","9":"first","10":"instock","11":"taxable","12":"shipping-taxable","13":"purchasable","14":"product-type-simple"},"composite_virtual":false,"composite_layout":"","composite_add_to_cart_form_location":"","composite_editable_in_cart":false,"composite_sold_individually_context":"","composite_shop_price_calc":"","composite_components":[],"composite_scenarios":[],"group_of_quantity":0,"min_quantity":0,"max_quantity":"","exclude_order_quantity_value_rules":"no","exclude_category_quantity_rules":"no","combine_variations":"no","exclude_global_add_ons":[],"addons":[],"_links":{"self":[{"href":"https:\/\/www.huntersfriend.eu\/de\/wp-json\/wp\/v2\/product\/291773","targetHints":{"allow":["GET"]}}],"collection":[{"href":"https:\/\/www.huntersfriend.eu\/de\/wp-json\/wp\/v2\/product"}],"about":[{"href":"https:\/\/www.huntersfriend.eu\/de\/wp-json\/wp\/v2\/types\/product"}],"replies":[{"embeddable":true,"href":"https:\/\/www.huntersfriend.eu\/de\/wp-json\/wp\/v2\/comments?post=291773"}],"wp:featuredmedia":[{"embeddable":true,"href":"https:\/\/www.huntersfriend.eu\/de\/wp-json\/wp\/v2\/media\/291585"}],"wp:attachment":[{"href":"https:\/\/www.huntersfriend.eu\/de\/wp-json\/wp\/v2\/media?parent=291773"}],"wp:term":[{"taxonomy":"product_brand","embeddable":true,"href":"https:\/\/www.huntersfriend.eu\/de\/wp-json\/wp\/v2\/product_brand?post=291773"},{"taxonomy":"product_cat","embeddable":true,"href":"https:\/\/www.huntersfriend.eu\/de\/wp-json\/wp\/v2\/product_cat?post=291773"},{"taxonomy":"product_tag","embeddable":true,"href":"https:\/\/www.huntersfriend.eu\/de\/wp-json\/wp\/v2\/product_tag?post=291773"}],"curies":[{"name":"wp","href":"https:\/\/api.w.org\/{rel}","templated":true}]}}