{"id":291767,"date":"2025-11-04T09:59:13","date_gmt":"2025-11-04T07:59:13","guid":{"rendered":"https:\/\/www.huntersfriend.eu\/product\/sitka-core-heavyweight-sturmhaube-elevated\/"},"modified":"2026-01-29T12:13:19","modified_gmt":"2026-01-29T10:13:19","slug":"sitka-core-heavyweight-sturmhaube-elevated","status":"publish","type":"product","link":"https:\/\/www.huntersfriend.eu\/de\/produkt\/sitka-core-heavyweight-sturmhaube-elevated\/","title":{"rendered":"SITKA Core Heavyweight Sturmhaube &#8211; Elevated"},"content":{"rendered":"<h3 data-start=\"153\" data-end=\"218\"><strong data-start=\"157\" data-end=\"216\">Sitka Core Heavyweight Sturmhaube \u2013 Optifade Elevated II<\/strong><\/h3>\n<p data-start=\"219\" data-end=\"782\">Die <strong data-start=\"223\" data-end=\"259\">Sitka Core Heavyweight Sturmhaube<\/strong> wurde f\u00fcr die Jagd bei kaltem Wetter entwickelt und bietet essentielle W\u00e4rme, Schutz und Tarnung, wenn jedes Detail z\u00e4hlt. Das weiche, dehnbare Fleece h\u00e4lt Kopf und Gesicht warm und isoliert, w\u00e4hrend es gleichzeitig atmungsaktiv bleibt, um Feuchtigkeitsansammlungen zu verhindern. Das <g id=\"gid_1\">Optifade Elevated II<\/g> Muster ist f\u00fcr J\u00e4ger auf Hochsitzen oder in dichtem Holz konzipiert und l\u00e4sst Sie nahtlos mit den Waldschatten und Baumformen verschmelzen, um Ihre Bewegungen vor dem Wild zu verbergen. Dieses Muster ist besonders effektiv bei Jagdbedingungen im sp\u00e4ten Herbst und Winter.   <\/p>\n<hr data-start=\"784\" data-end=\"787\">\n<h3 data-start=\"789\" data-end=\"811\"><strong data-start=\"793\" data-end=\"809\">Hauptmerkmale<\/strong><\/h3>\n<ul data-start=\"813\" data-end=\"1122\">\n<li data-start=\"813\" data-end=\"882\">\n<p data-start=\"815\" data-end=\"882\"><strong data-start=\"815\" data-end=\"859\">Warmes und dehnbares Comfort-Stretch-Fleece<\/strong> f\u00fcr vollst\u00e4ndige Isolierung.<\/p>\n<\/li>\n<li data-start=\"883\" data-end=\"949\">\n<p data-start=\"885\" data-end=\"949\"><strong data-start=\"885\" data-end=\"912\">Atmungsaktive Konstruktion<\/strong> in Schl\u00fcsselbereichen f\u00fcr Feuchtigkeitskontrolle.<\/p>\n<\/li>\n<li data-start=\"950\" data-end=\"1016\">\n<p data-start=\"952\" data-end=\"1016\"><strong data-start=\"952\" data-end=\"972\">Ergonomisches Design<\/strong> sorgt f\u00fcr ausgezeichnete Sicht und Komfort.<\/p>\n<\/li>\n<li data-start=\"1017\" data-end=\"1094\">\n<p data-start=\"1019\" data-end=\"1094\"><strong data-start=\"1019\" data-end=\"1054\">Optifade Elevated II Camouflage<\/strong> f\u00fcr Hochsitz- und Holzverdeckung.<\/p>\n<\/li>\n<li data-start=\"1095\" data-end=\"1122\">\n<p data-start=\"1097\" data-end=\"1122\"><strong data-start=\"1097\" data-end=\"1119\">Einheitsgr\u00f6\u00dfe<\/strong>.<\/p>\n<\/li>\n<\/ul>\n<hr data-start=\"1124\" data-end=\"1127\">\n<h3 data-start=\"1129\" data-end=\"1152\"><strong data-start=\"1133\" data-end=\"1150\">Warum Sie sich daf\u00fcr entscheiden sollten<\/strong><\/h3>\n<p data-start=\"1154\" data-end=\"1417\">Die <strong data-start=\"1158\" data-end=\"1188\">Core Heavyweight Sturmhaube<\/strong> bietet zuverl\u00e4ssige W\u00e4rme, Komfort und fortschrittliche Tarnung f\u00fcr J\u00e4ger, die mit rauen Wetterbedingungen konfrontiert sind. Das atmungsaktive, formschl\u00fcssige Design h\u00e4lt Sie verborgen und gesch\u00fctzt, sodass Sie sich ohne Kompromisse auf die Jagd konzentrieren k\u00f6nnen. <\/p>\n","protected":false},"excerpt":{"rendered":"<p>Sitka Core Heavyweight Sturmhaube \u2013 Optifade Elevated II Die Sitka Core Heavyweight Sturmhaube wurde f\u00fcr die Jagd bei kaltem Wetter entwickelt und bietet essentielle W\u00e4rme, Schutz und Tarnung, wenn jedes Detail z\u00e4hlt. Das weiche, dehnbare Fleece h\u00e4lt Kopf und Gesicht warm und isoliert, w\u00e4hrend es gleichzeitig atmungsaktiv bleibt, um Feuchtigkeitsansammlungen zu verhindern. Das Optifade Elevated [&#8230;]\n","protected":false},"featured_media":291605,"comment_status":"open","ping_status":"closed","template":"","meta":[],"product_brand":[],"product_cat":[2716,2611],"product_tag":[],"class_list":{"0":"post-291767","1":"product","2":"type-product","3":"status-publish","4":"has-post-thumbnail","6":"product_cat-hattar-och-huvudbonader","7":"product_cat-tillbehor","9":"first","10":"instock","11":"taxable","12":"shipping-taxable","13":"purchasable","14":"product-type-simple"},"composite_virtual":false,"composite_layout":"","composite_add_to_cart_form_location":"","composite_editable_in_cart":false,"composite_sold_individually_context":"","composite_shop_price_calc":"","composite_components":[],"composite_scenarios":[],"group_of_quantity":0,"min_quantity":0,"max_quantity":"","exclude_order_quantity_value_rules":"no","exclude_category_quantity_rules":"no","combine_variations":"no","exclude_global_add_ons":[],"addons":[],"_links":{"self":[{"href":"https:\/\/www.huntersfriend.eu\/de\/wp-json\/wp\/v2\/product\/291767","targetHints":{"allow":["GET"]}}],"collection":[{"href":"https:\/\/www.huntersfriend.eu\/de\/wp-json\/wp\/v2\/product"}],"about":[{"href":"https:\/\/www.huntersfriend.eu\/de\/wp-json\/wp\/v2\/types\/product"}],"replies":[{"embeddable":true,"href":"https:\/\/www.huntersfriend.eu\/de\/wp-json\/wp\/v2\/comments?post=291767"}],"wp:featuredmedia":[{"embeddable":true,"href":"https:\/\/www.huntersfriend.eu\/de\/wp-json\/wp\/v2\/media\/291605"}],"wp:attachment":[{"href":"https:\/\/www.huntersfriend.eu\/de\/wp-json\/wp\/v2\/media?parent=291767"}],"wp:term":[{"taxonomy":"product_brand","embeddable":true,"href":"https:\/\/www.huntersfriend.eu\/de\/wp-json\/wp\/v2\/product_brand?post=291767"},{"taxonomy":"product_cat","embeddable":true,"href":"https:\/\/www.huntersfriend.eu\/de\/wp-json\/wp\/v2\/product_cat?post=291767"},{"taxonomy":"product_tag","embeddable":true,"href":"https:\/\/www.huntersfriend.eu\/de\/wp-json\/wp\/v2\/product_tag?post=291767"}],"curies":[{"name":"wp","href":"https:\/\/api.w.org\/{rel}","templated":true}]}}