{"id":291763,"date":"2025-10-30T11:52:45","date_gmt":"2025-10-30T09:52:45","guid":{"rendered":"https:\/\/www.huntersfriend.eu\/product\/sitka-fanatic-handschuhe-ueberzug\/"},"modified":"2026-04-02T21:40:36","modified_gmt":"2026-04-02T19:40:36","slug":"sitka-fanatic-handschuhe-ueberzug","status":"publish","type":"product","link":"https:\/\/www.huntersfriend.eu\/de\/produkt\/sitka-fanatic-handschuhe-ueberzug\/","title":{"rendered":"SITKA Fanatic Handschuhe \u2013 \u00dcberzug"},"content":{"rendered":"<p data-start=\"54\" data-end=\"429\">Der <strong data-start=\"58\" data-end=\"96\">Sitka Fanatic Glove Optifade Cover<\/strong> vereint sensibles Tastgef\u00fchl, Schutz und effektive Tarnung in dichter Vegetation. Sein weiches, aber dennoch strapazierf\u00e4higes Material bietet sowohl Flexibilit\u00e4t als auch Schutz f\u00fcr Ihre H\u00e4nde, w\u00e4hrend Sie sich im Gel\u00e4nde bewegen. W\u00e4hlen Sie dieses Modell, wenn Sie einen guten Halt und pr\u00e4zise Handbewegungen beibehalten und gleichzeitig in gr\u00fcnen Waldumgebungen ungesehen bleiben m\u00f6chten.  <\/p>\n<p data-start=\"431\" data-end=\"449\"><strong data-start=\"431\" data-end=\"447\">Hauptmerkmale<\/strong><\/p>\n<ul data-start=\"450\" data-end=\"877\">\n<li data-start=\"450\" data-end=\"525\">\n<p data-start=\"452\" data-end=\"525\">D\u00fcnnes Futter und flexible Konstruktion, die die Fingerfertigkeit bewahrt.<\/p>\n<\/li>\n<li data-start=\"526\" data-end=\"605\">\n<p data-start=\"528\" data-end=\"605\">Strapazierf\u00e4hige Oberfl\u00e4chen an den Handfl\u00e4chen und unteren Fingern gew\u00e4hrleisten Abriebfestigkeit.<\/p>\n<\/li>\n<li data-start=\"606\" data-end=\"691\">\n<p data-start=\"608\" data-end=\"691\">Atmungsaktives Material verhindert \u00fcberm\u00e4\u00dfiges Schwitzen und bietet gleichzeitig Schutz.<\/p>\n<\/li>\n<li data-start=\"692\" data-end=\"778\">\n<p data-start=\"694\" data-end=\"778\"><strong data-start=\"694\" data-end=\"712\">Optifade Cover<\/strong>-Muster, das entwickelt wurde, um sich in das Gr\u00fcn des Waldes und das Unterholz einzuf\u00fcgen.<\/p>\n<\/li>\n<li data-start=\"779\" data-end=\"846\">\n<p data-start=\"781\" data-end=\"846\">Anatomisch geformter Schnitt, der Kn\u00e4uelbildung reduziert und die Passform verbessert.<\/p>\n<\/li>\n<li data-start=\"847\" data-end=\"877\">\n<p data-start=\"849\" data-end=\"877\">Verf\u00fcgbare Gr\u00f6\u00dfen: <strong data-start=\"866\" data-end=\"874\">M\u2013XL<\/strong>.<\/p>\n<\/li>\n<\/ul>\n<p data-start=\"879\" data-end=\"1077\" data-is-last-node=\"\" data-is-only-node=\"\">W\u00e4hlen Sie den <strong data-start=\"890\" data-end=\"930\">Sitka Fanatic Glove \u2013 Optifade Cover<\/strong>, wenn Sie Schutz, Pr\u00e4zision und perfekte Tarnung in gr\u00fcnem Gel\u00e4nde kombinieren m\u00f6chten \u2013 ohne die Sensibilit\u00e4t und das Gef\u00fchl in Ihren H\u00e4nden zu beeintr\u00e4chtigen.<\/p>\n","protected":false},"excerpt":{"rendered":"<p>Der Sitka Fanatic Glove Optifade Cover vereint sensibles Tastgef\u00fchl, Schutz und effektive Tarnung in dichter Vegetation. Sein weiches, aber dennoch strapazierf\u00e4higes Material bietet sowohl Flexibilit\u00e4t als auch Schutz f\u00fcr Ihre H\u00e4nde, w\u00e4hrend Sie sich im Gel\u00e4nde bewegen. W\u00e4hlen Sie dieses Modell, wenn Sie einen guten Halt und pr\u00e4zise Handbewegungen beibehalten und gleichzeitig in gr\u00fcnen Waldumgebungen [&#8230;]\n","protected":false},"featured_media":291690,"comment_status":"open","ping_status":"closed","template":"","meta":[],"product_brand":[],"product_cat":[2809,1382],"product_tag":[],"class_list":{"0":"post-291763","1":"product","2":"type-product","3":"status-publish","4":"has-post-thumbnail","6":"product_cat-handskar","7":"product_cat-handschuhe","9":"first","10":"instock","11":"taxable","12":"shipping-taxable","13":"purchasable","14":"product-type-variable"},"composite_virtual":false,"composite_layout":"","composite_add_to_cart_form_location":"","composite_editable_in_cart":false,"composite_sold_individually_context":"","composite_shop_price_calc":"","composite_components":[],"composite_scenarios":[],"group_of_quantity":0,"min_quantity":0,"max_quantity":"","exclude_order_quantity_value_rules":"no","exclude_category_quantity_rules":"no","combine_variations":"no","exclude_global_add_ons":[],"addons":[],"_links":{"self":[{"href":"https:\/\/www.huntersfriend.eu\/de\/wp-json\/wp\/v2\/product\/291763","targetHints":{"allow":["GET"]}}],"collection":[{"href":"https:\/\/www.huntersfriend.eu\/de\/wp-json\/wp\/v2\/product"}],"about":[{"href":"https:\/\/www.huntersfriend.eu\/de\/wp-json\/wp\/v2\/types\/product"}],"replies":[{"embeddable":true,"href":"https:\/\/www.huntersfriend.eu\/de\/wp-json\/wp\/v2\/comments?post=291763"}],"wp:featuredmedia":[{"embeddable":true,"href":"https:\/\/www.huntersfriend.eu\/de\/wp-json\/wp\/v2\/media\/291690"}],"wp:attachment":[{"href":"https:\/\/www.huntersfriend.eu\/de\/wp-json\/wp\/v2\/media?parent=291763"}],"wp:term":[{"taxonomy":"product_brand","embeddable":true,"href":"https:\/\/www.huntersfriend.eu\/de\/wp-json\/wp\/v2\/product_brand?post=291763"},{"taxonomy":"product_cat","embeddable":true,"href":"https:\/\/www.huntersfriend.eu\/de\/wp-json\/wp\/v2\/product_cat?post=291763"},{"taxonomy":"product_tag","embeddable":true,"href":"https:\/\/www.huntersfriend.eu\/de\/wp-json\/wp\/v2\/product_tag?post=291763"}],"curies":[{"name":"wp","href":"https:\/\/api.w.org\/{rel}","templated":true}]}}