{"id":291762,"date":"2025-11-04T09:39:40","date_gmt":"2025-11-04T07:39:40","guid":{"rendered":"https:\/\/www.huntersfriend.eu\/product\/pard-ir-licht-850nm\/"},"modified":"2025-11-06T12:59:41","modified_gmt":"2025-11-06T10:59:41","slug":"pard-ir-licht-850nm","status":"publish","type":"product","link":"https:\/\/www.huntersfriend.eu\/de\/produkt\/pard-ir-licht-850nm\/","title":{"rendered":"Pard IR-Licht, 850nm"},"content":{"rendered":"<p data-start=\"53\" data-end=\"478\"><strong data-start=\"53\" data-end=\"76\">Pard IR-Aufheller<\/strong>, der auf einem Zielfernrohr montiert oder mit einer magnetischen Halterung am Gewehrlauf befestigt werden kann.<br data-start=\"174\" data-end=\"177\">Er bietet zus\u00e4tzliche Beleuchtung f\u00fcr IR-Zielger\u00e4te oder kann auch als Ersatz-IR-Lichtquelle dienen, wenn der eingebaute Aufheller des Ger\u00e4ts beispielsweise von der Struktur eines Schie\u00dffensters in einem Jagdansitz reflektiert wird.<br data-start=\"409\" data-end=\"412\">Ein hervorragendes Zubeh\u00f6r f\u00fcr <strong data-start=\"439\" data-end=\"454\">Pard NV007V<\/strong> und <strong data-start=\"459\" data-end=\"470\">NV007SP<\/strong> Zielfernrohre.<\/p>\n<p data-start=\"480\" data-end=\"528\"><strong data-start=\"480\" data-end=\"497\">Stromquelle:<\/strong> Pard 18650 Flat-Top-Akku.<\/p>\n<p data-start=\"530\" data-end=\"553\"><strong data-start=\"530\" data-end=\"545\">Wellenl\u00e4nge:<\/strong> 850 nm.<\/p>\n","protected":false},"excerpt":{"rendered":"<p>Pard IR-Aufheller, der auf einem Zielfernrohr montiert oder mit einer magnetischen Halterung am Gewehrlauf befestigt werden kann.Er bietet zus\u00e4tzliche Beleuchtung f\u00fcr IR-Zielger\u00e4te oder kann auch als Ersatz-IR-Lichtquelle dienen, wenn der eingebaute Aufheller des Ger\u00e4ts beispielsweise von der Struktur eines Schie\u00dffensters in einem Jagdansitz reflektiert wird.Ein hervorragendes Zubeh\u00f6r f\u00fcr Pard NV007V und NV007SP Zielfernrohre. Stromquelle: Pard [&#8230;]\n","protected":false},"featured_media":291439,"comment_status":"open","ping_status":"closed","template":"","meta":[],"product_brand":[],"product_cat":[1375,1412],"product_tag":[],"class_list":{"0":"post-291762","1":"product","2":"type-product","3":"status-publish","4":"has-post-thumbnail","6":"product_cat-nachtsicht","7":"product_cat-fernglaszubehor","9":"first","10":"instock","11":"taxable","12":"shipping-taxable","13":"purchasable","14":"product-type-simple"},"composite_virtual":false,"composite_layout":"","composite_add_to_cart_form_location":"","composite_editable_in_cart":false,"composite_sold_individually_context":"","composite_shop_price_calc":"","composite_components":[],"composite_scenarios":[],"group_of_quantity":0,"min_quantity":0,"max_quantity":"","exclude_order_quantity_value_rules":"no","exclude_category_quantity_rules":"no","combine_variations":"no","exclude_global_add_ons":[],"addons":[],"_links":{"self":[{"href":"https:\/\/www.huntersfriend.eu\/de\/wp-json\/wp\/v2\/product\/291762","targetHints":{"allow":["GET"]}}],"collection":[{"href":"https:\/\/www.huntersfriend.eu\/de\/wp-json\/wp\/v2\/product"}],"about":[{"href":"https:\/\/www.huntersfriend.eu\/de\/wp-json\/wp\/v2\/types\/product"}],"replies":[{"embeddable":true,"href":"https:\/\/www.huntersfriend.eu\/de\/wp-json\/wp\/v2\/comments?post=291762"}],"wp:featuredmedia":[{"embeddable":true,"href":"https:\/\/www.huntersfriend.eu\/de\/wp-json\/wp\/v2\/media\/291439"}],"wp:attachment":[{"href":"https:\/\/www.huntersfriend.eu\/de\/wp-json\/wp\/v2\/media?parent=291762"}],"wp:term":[{"taxonomy":"product_brand","embeddable":true,"href":"https:\/\/www.huntersfriend.eu\/de\/wp-json\/wp\/v2\/product_brand?post=291762"},{"taxonomy":"product_cat","embeddable":true,"href":"https:\/\/www.huntersfriend.eu\/de\/wp-json\/wp\/v2\/product_cat?post=291762"},{"taxonomy":"product_tag","embeddable":true,"href":"https:\/\/www.huntersfriend.eu\/de\/wp-json\/wp\/v2\/product_tag?post=291762"}],"curies":[{"name":"wp","href":"https:\/\/api.w.org\/{rel}","templated":true}]}}