{"id":291759,"date":"2025-11-04T09:59:12","date_gmt":"2025-11-04T07:59:12","guid":{"rendered":"https:\/\/www.huntersfriend.eu\/product\/sitka-blizzard-gtx-wintermuetze-elevated\/"},"modified":"2026-04-29T13:53:37","modified_gmt":"2026-04-29T11:53:37","slug":"sitka-blizzard-gtx-wintermuetze-elevated","status":"publish","type":"product","link":"https:\/\/www.huntersfriend.eu\/de\/produkt\/sitka-blizzard-gtx-wintermuetze-elevated\/","title":{"rendered":"SITKA Blizzard GTX Winterm\u00fctze \u2013 Elevated"},"content":{"rendered":"<h3 data-start=\"114\" data-end=\"166\"><strong data-start=\"118\" data-end=\"164\">Sitka Blizzard GTX M\u00fctze \u2013 Winterschutz<\/strong><\/h3>\n<p data-start=\"167\" data-end=\"754\">Die <strong data-start=\"171\" data-end=\"197\">Sitka Blizzard GTX M\u00fctze<\/strong> wurde f\u00fcr extreme Bedingungen entwickelt und bietet un\u00fcbertroffene W\u00e4rme, Schutz und Komfort bei kaltem, windigem und nassem Wetter. Durch die Kombination einer atmungsaktiven <strong data-start=\"347\" data-end=\"365\">GORE-TEX-Membran<\/strong>, eines weichen Fleecefutters und praktischer faltbarer Ohrenklappen passt sich diese hochwertige Winterm\u00fctze den Bedingungen an, w\u00e4hrend Sie gleichzeitig auf Umgebungsger\u00e4usche aufmerksam bleiben. Eine flexible Krempe und akustisch transparente Ohrenpartien erm\u00f6glichen es Ihnen, gesch\u00fctzt zu bleiben, ohne die Situationswahrnehmung zu beeintr\u00e4chtigen. Leicht und verstaubar ist die Blizzard GTX M\u00fctze ideal f\u00fcr lange Stunden auf dem Hochsitz oder aktive Winterjagden.   <\/p>\n<hr data-start=\"756\" data-end=\"759\">\n<h3 data-start=\"761\" data-end=\"783\"><strong data-start=\"765\" data-end=\"781\">Hauptmerkmale<\/strong><\/h3>\n<ul data-start=\"785\" data-end=\"1200\">\n<li data-start=\"785\" data-end=\"868\">\n<p data-start=\"787\" data-end=\"868\"><strong data-start=\"787\" data-end=\"806\">GORE-TEX-Membran:<\/strong> Absolut wasserdicht und atmungsaktiv f\u00fcr Allwetterschutz.<\/p>\n<\/li>\n<li data-start=\"869\" data-end=\"934\">\n<p data-start=\"871\" data-end=\"934\"><strong data-start=\"871\" data-end=\"894\">Warmes Fleecefutter:<\/strong> Weich und isolierend f\u00fcr extreme K\u00e4lte.<\/p>\n<\/li>\n<li data-start=\"935\" data-end=\"996\">\n<p data-start=\"937\" data-end=\"996\"><strong data-start=\"937\" data-end=\"960\">Faltbare Ohrenklappen:<\/strong> Anpassbar an wechselnde Bedingungen.<\/p>\n<\/li>\n<li data-start=\"997\" data-end=\"1081\">\n<p data-start=\"999\" data-end=\"1081\"><strong data-start=\"999\" data-end=\"1035\">Akustisch transparente Ohrenpartien:<\/strong> Wild- und Umgebungsger\u00e4usche klar h\u00f6ren.<\/p>\n<\/li>\n<li data-start=\"1082\" data-end=\"1141\">\n<p data-start=\"1084\" data-end=\"1141\"><strong data-start=\"1084\" data-end=\"1102\">Flexible Krempe:<\/strong> Sch\u00fctzt vor Wind und Niederschlag.<\/p>\n<\/li>\n<li data-start=\"1142\" data-end=\"1200\">\n<p data-start=\"1144\" data-end=\"1200\"><strong data-start=\"1144\" data-end=\"1160\">Leicht:<\/strong> Ca. 150 g f\u00fcr einfaches Packen.<\/p>\n<\/li>\n<\/ul>\n<hr data-start=\"1202\" data-end=\"1205\">\n<h3 data-start=\"1207\" data-end=\"1243\"><strong data-start=\"1211\" data-end=\"1241\">Tarnmuster &amp; Farboptionen<\/strong><\/h3>\n<ul data-start=\"1245\" data-end=\"1542\">\n<li data-start=\"1245\" data-end=\"1425\">\n<p data-start=\"1247\" data-end=\"1425\"><strong data-start=\"1247\" data-end=\"1272\">Optifade Elevated II:<\/strong> Entwickelt f\u00fcr offene und Hochlandgebiete mit starken Licht- und Schattenkontrasten, um die menschliche Silhouette beim Pirschen auf Rehe oder anderes Wild effektiv aufzubrechen.<\/p>\n<\/li>\n<li data-start=\"1426\" data-end=\"1542\">\n<p data-start=\"1428\" data-end=\"1542\"><strong data-start=\"1428\" data-end=\"1438\">Earth:<\/strong> Vielseitiges Natur-Braun f\u00fcr den allgemeinen Gebrauch, das sich nahtlos in eine Vielzahl von Waldumgebungen einf\u00fcgt.<\/p>\n<\/li>\n<\/ul>\n<hr data-start=\"1544\" data-end=\"1547\">\n<h3 data-start=\"1549\" data-end=\"1564\"><strong data-start=\"1553\" data-end=\"1562\">Einsatzbereich<\/strong><\/h3>\n<p data-start=\"1566\" data-end=\"1777\">Ideal f\u00fcr kalte, nasse Bedingungen im Herbst und Winter, zeichnet sich die Blizzard GTX M\u00fctze bei der Hirsch- oder Elchjagd, langen Ansitzzeiten oder in jeder Situation aus, die W\u00e4rme und Schutz erfordert, w\u00e4hrend die H\u00f6rempfindlichkeit erhalten bleibt.<\/p>\n<hr data-start=\"1779\" data-end=\"1782\">\n<h3 data-start=\"1784\" data-end=\"1807\"><strong data-start=\"1788\" data-end=\"1805\">Warum Sie sich daf\u00fcr entscheiden sollten<\/strong><\/h3>\n<p data-start=\"1809\" data-end=\"2028\">Die Blizzard GTX M\u00fctze von Sitka kombiniert technische Leistung, Wetterbest\u00e4ndigkeit und Komfort, was sie zu einem unverzichtbaren Ausr\u00fcstungsst\u00fcck f\u00fcr J\u00e4ger macht, die W\u00e4rme, Trockenheit und erh\u00f6hte Aufmerksamkeit unter anspruchsvollen Winterbedingungen fordern.<\/p>\n","protected":false},"excerpt":{"rendered":"<p>Sitka Blizzard GTX M\u00fctze \u2013 Winterschutz Die Sitka Blizzard GTX M\u00fctze wurde f\u00fcr extreme Bedingungen entwickelt und bietet un\u00fcbertroffene W\u00e4rme, Schutz und Komfort bei kaltem, windigem und nassem Wetter. Durch die Kombination einer atmungsaktiven GORE-TEX-Membran, eines weichen Fleecefutters und praktischer faltbarer Ohrenklappen passt sich diese hochwertige Winterm\u00fctze den Bedingungen an, w\u00e4hrend Sie gleichzeitig auf Umgebungsger\u00e4usche [&#8230;]\n","protected":false},"featured_media":291618,"comment_status":"open","ping_status":"closed","template":"","meta":[],"product_brand":[],"product_cat":[2716,1215],"product_tag":[],"class_list":{"0":"post-291759","1":"product","2":"type-product","3":"status-publish","4":"has-post-thumbnail","6":"product_cat-hattar-och-huvudbonader","7":"product_cat-handschuh-socken-und-kopfbedeckung","9":"first","10":"outofstock","11":"taxable","12":"shipping-taxable","13":"purchasable","14":"product-type-simple"},"composite_virtual":false,"composite_layout":"","composite_add_to_cart_form_location":"","composite_editable_in_cart":false,"composite_sold_individually_context":"","composite_shop_price_calc":"","composite_components":[],"composite_scenarios":[],"group_of_quantity":0,"min_quantity":0,"max_quantity":"","exclude_order_quantity_value_rules":"no","exclude_category_quantity_rules":"no","combine_variations":"no","exclude_global_add_ons":[],"addons":[],"_links":{"self":[{"href":"https:\/\/www.huntersfriend.eu\/de\/wp-json\/wp\/v2\/product\/291759","targetHints":{"allow":["GET"]}}],"collection":[{"href":"https:\/\/www.huntersfriend.eu\/de\/wp-json\/wp\/v2\/product"}],"about":[{"href":"https:\/\/www.huntersfriend.eu\/de\/wp-json\/wp\/v2\/types\/product"}],"replies":[{"embeddable":true,"href":"https:\/\/www.huntersfriend.eu\/de\/wp-json\/wp\/v2\/comments?post=291759"}],"wp:featuredmedia":[{"embeddable":true,"href":"https:\/\/www.huntersfriend.eu\/de\/wp-json\/wp\/v2\/media\/291618"}],"wp:attachment":[{"href":"https:\/\/www.huntersfriend.eu\/de\/wp-json\/wp\/v2\/media?parent=291759"}],"wp:term":[{"taxonomy":"product_brand","embeddable":true,"href":"https:\/\/www.huntersfriend.eu\/de\/wp-json\/wp\/v2\/product_brand?post=291759"},{"taxonomy":"product_cat","embeddable":true,"href":"https:\/\/www.huntersfriend.eu\/de\/wp-json\/wp\/v2\/product_cat?post=291759"},{"taxonomy":"product_tag","embeddable":true,"href":"https:\/\/www.huntersfriend.eu\/de\/wp-json\/wp\/v2\/product_tag?post=291759"}],"curies":[{"name":"wp","href":"https:\/\/api.w.org\/{rel}","templated":true}]}}