{"id":291754,"date":"2025-11-04T09:39:55","date_gmt":"2025-11-04T07:39:55","guid":{"rendered":"https:\/\/www.huntersfriend.eu\/product\/sitka-stratus-hose-2-0-cover\/"},"modified":"2025-11-06T12:59:26","modified_gmt":"2025-11-06T10:59:26","slug":"sitka-stratus-hose-2-0-cover","status":"publish","type":"product","link":"https:\/\/www.huntersfriend.eu\/de\/produkt\/sitka-stratus-hose-2-0-cover\/","title":{"rendered":"SITKA Stratus Hose 2.0 \u2013 Cover"},"content":{"rendered":"<h3 data-start=\"100\" data-end=\"140\"><strong data-start=\"104\" data-end=\"138\">Sitka Stratus Hose 2.0 \u2013 Cover<\/strong><\/h3>\n<p data-start=\"141\" data-end=\"514\">Die <strong data-start=\"145\" data-end=\"171\">Sitka Stratus Hose 2.0<\/strong> kombiniert Windschutz, leichte Isolierung und Bewegungsfreiheit, was sie ideal f\u00fcr J\u00e4ger oder Outdoor-Enthusiasten macht, die sich schwierigen Bedingungen stellen m\u00fcssen. Das <strong data-start=\"333\" data-end=\"351\">Optifade Cover<\/strong> Muster hilft Ihnen, nahtlos in dunkles, bewaldetes nordisches Gel\u00e4nde zu verschmelzen, und bietet effektive Tarnung ohne die Masse oder Steifheit traditioneller Winterhosen. <\/p>\n<hr data-start=\"516\" data-end=\"519\">\n<h3 data-start=\"521\" data-end=\"543\"><strong data-start=\"525\" data-end=\"541\">Hauptmerkmale<\/strong><\/h3>\n<ul data-start=\"545\" data-end=\"1190\">\n<li data-start=\"545\" data-end=\"641\">\n<p data-start=\"547\" data-end=\"641\"><strong data-start=\"547\" data-end=\"572\">Winddichter Schutz:<\/strong> 100 % WINDSTOPPER\u00ae von GORE-TEX LABS sch\u00fctzt vor eisigen Winden.<\/p>\n<\/li>\n<li data-start=\"642\" data-end=\"756\">\n<p data-start=\"644\" data-end=\"756\"><strong data-start=\"644\" data-end=\"669\">Weiches, ger\u00e4uscharmes Au\u00dfenmaterial:<\/strong> Recyceltes, geb\u00fcrstetes Polyester bietet eine strapazierf\u00e4hige, ger\u00e4uschlose Oberfl\u00e4che f\u00fcr lautlose Bewegungen.<\/p>\n<\/li>\n<li data-start=\"757\" data-end=\"850\">\n<p data-start=\"759\" data-end=\"850\"><strong data-start=\"759\" data-end=\"782\">Leichte W\u00e4rme:<\/strong> LMC (light-mid-core) Fleecefutter bietet komfortable Isolierung.<\/p>\n<\/li>\n<li data-start=\"851\" data-end=\"953\">\n<p data-start=\"853\" data-end=\"953\"><strong data-start=\"853\" data-end=\"879\">Verst\u00e4rkte Unterschenkel:<\/strong> Anti-Pilling-Recycling-Polyester erh\u00f6ht die Haltbarkeit in stark beanspruchten Bereichen.<\/p>\n<\/li>\n<li data-start=\"954\" data-end=\"1081\">\n<p data-start=\"956\" data-end=\"1081\"><strong data-start=\"956\" data-end=\"978\">Praktische Taschen:<\/strong> Offene Eingrifftaschen, ger\u00e4uschlose Cargo-Taschen mit Druckknopfverschluss und eine Messertasche f\u00fcr einfachen Zugriff auf das Wesentliche.<\/p>\n<\/li>\n<li data-start=\"1082\" data-end=\"1190\">\n<p data-start=\"1084\" data-end=\"1190\"><strong data-start=\"1084\" data-end=\"1101\">Seitliche Rei\u00dfverschl\u00fcsse:<\/strong> Durchgehende seitliche Rei\u00dfverschl\u00fcsse vereinfachen das An- und Ausziehen der Hose, auch mit Stiefeln.<\/p>\n<\/li>\n<\/ul>\n<hr data-start=\"1192\" data-end=\"1195\">\n<h3 data-start=\"1197\" data-end=\"1212\"><strong data-start=\"1201\" data-end=\"1210\">Einsatzbereich<\/strong><\/h3>\n<p data-start=\"1214\" data-end=\"1583\">Perfekt f\u00fcr den Sp\u00e4therbst und fr\u00fchen Winter, eignet sich die Stratus Hose 2.0 hervorragend sowohl f\u00fcr die Ansitzjagd als auch f\u00fcr Situationen, die intermittierende Bewegung erfordern. Sie l\u00e4sst sich effektiv mit Schichtkleidung kombinieren und bietet Schutz vor Windk\u00e4lte, w\u00e4hrend die Beweglichkeit f\u00fcr die Pirsch oder aktive Nachsuche erhalten bleibt. Ideal f\u00fcr winterliche Jagden, wie z. B. mit Hunden, oder l\u00e4ngere Ansitzzeiten im Wald.  <\/p>\n<hr data-start=\"1585\" data-end=\"1588\">\n<h3 data-start=\"1590\" data-end=\"1627\"><strong data-start=\"1594\" data-end=\"1625\">Warum die Stratus Hose 2.0 w\u00e4hlen?<\/strong><\/h3>\n<p data-start=\"1629\" data-end=\"2139\">Die Sitka Stratus Hose 2.0 bietet eine optimale Balance aus Schutz, Funktionalit\u00e4t und Tarnung. Das WINDSTOPPER-Material blockiert raue Winde, w\u00e4hrend das ger\u00e4uscharme, geb\u00fcrstete Polyester-Au\u00dfenmaterial und das praktische Fleecefutter f\u00fcr Tarnung und Komfort bei kalten Bedingungen sorgen. Durchdachte Taschenplatzierung und durchgehende seitliche Rei\u00dfverschl\u00fcsse erleichtern die Organisation der Ausr\u00fcstung sowie das schnelle An- und Ausziehen, selbst \u00fcber Stiefeln. Insgesamt ist die Stratus Hose 2.0 eine technische, praktische und hochgradig getarnte Jagdhose f\u00fcr den anspruchsvollen Outdoor-Einsatz.   <\/p>\n","protected":false},"excerpt":{"rendered":"<p>Sitka Stratus Hose 2.0 \u2013 Cover Die Sitka Stratus Hose 2.0 kombiniert Windschutz, leichte Isolierung und Bewegungsfreiheit, was sie ideal f\u00fcr J\u00e4ger oder Outdoor-Enthusiasten macht, die sich schwierigen Bedingungen stellen m\u00fcssen. Das Optifade Cover Muster hilft Ihnen, nahtlos in dunkles, bewaldetes nordisches Gel\u00e4nde zu verschmelzen, und bietet effektive Tarnung ohne die Masse oder Steifheit traditioneller [&#8230;]\n","protected":false},"featured_media":291622,"comment_status":"open","ping_status":"closed","template":"","meta":[],"product_brand":[],"product_cat":[1128],"product_tag":[],"class_list":{"0":"post-291754","1":"product","2":"type-product","3":"status-publish","4":"has-post-thumbnail","6":"product_cat-hosen","8":"first","9":"instock","10":"taxable","11":"shipping-taxable","12":"purchasable","13":"product-type-variable"},"composite_virtual":false,"composite_layout":"","composite_add_to_cart_form_location":"","composite_editable_in_cart":false,"composite_sold_individually_context":"","composite_shop_price_calc":"","composite_components":[],"composite_scenarios":[],"group_of_quantity":0,"min_quantity":0,"max_quantity":"","exclude_order_quantity_value_rules":"no","exclude_category_quantity_rules":"no","combine_variations":"no","exclude_global_add_ons":[],"addons":[],"_links":{"self":[{"href":"https:\/\/www.huntersfriend.eu\/de\/wp-json\/wp\/v2\/product\/291754","targetHints":{"allow":["GET"]}}],"collection":[{"href":"https:\/\/www.huntersfriend.eu\/de\/wp-json\/wp\/v2\/product"}],"about":[{"href":"https:\/\/www.huntersfriend.eu\/de\/wp-json\/wp\/v2\/types\/product"}],"replies":[{"embeddable":true,"href":"https:\/\/www.huntersfriend.eu\/de\/wp-json\/wp\/v2\/comments?post=291754"}],"wp:featuredmedia":[{"embeddable":true,"href":"https:\/\/www.huntersfriend.eu\/de\/wp-json\/wp\/v2\/media\/291622"}],"wp:attachment":[{"href":"https:\/\/www.huntersfriend.eu\/de\/wp-json\/wp\/v2\/media?parent=291754"}],"wp:term":[{"taxonomy":"product_brand","embeddable":true,"href":"https:\/\/www.huntersfriend.eu\/de\/wp-json\/wp\/v2\/product_brand?post=291754"},{"taxonomy":"product_cat","embeddable":true,"href":"https:\/\/www.huntersfriend.eu\/de\/wp-json\/wp\/v2\/product_cat?post=291754"},{"taxonomy":"product_tag","embeddable":true,"href":"https:\/\/www.huntersfriend.eu\/de\/wp-json\/wp\/v2\/product_tag?post=291754"}],"curies":[{"name":"wp","href":"https:\/\/api.w.org\/{rel}","templated":true}]}}