{"id":291723,"date":"2025-11-04T09:59:17","date_gmt":"2025-11-04T07:59:17","guid":{"rendered":"https:\/\/www.huntersfriend.eu\/product\/sitka-fanatic-latzhose-ueberzug\/"},"modified":"2026-01-29T12:13:24","modified_gmt":"2026-01-29T10:13:24","slug":"sitka-fanatic-latzhose-ueberzug","status":"publish","type":"product","link":"https:\/\/www.huntersfriend.eu\/de\/produkt\/sitka-fanatic-latzhose-ueberzug\/","title":{"rendered":"SITKA Fanatic Latzhose &#8211; \u00dcberzug"},"content":{"rendered":"<h3 data-start=\"210\" data-end=\"268\"><strong data-start=\"214\" data-end=\"268\">SITKA Fanatic Latzhose \u2013 ultimativer Schutz und W\u00e4rme<\/strong><\/h3>\n<p data-start=\"270\" data-end=\"515\">Die <strong data-start=\"274\" data-end=\"295\">Sitka Fanatic Latzhose<\/strong> hebt Jagdbekleidung f\u00fcr kaltes Wetter auf ein ganz neues Niveau.<br data-start=\"352\" data-end=\"355\">Diese Latzhose wurde speziell f\u00fcr fr\u00fche Fr\u00fchling-, sp\u00e4te Herbst- und tiefe Winterbedingungen entwickelt und ist so konstruiert, dass sie Leistung bringt, wenn Wind, Frost und Stille den Unterschied ausmachen.<\/p>\n<p data-start=\"517\" data-end=\"935\">Die <strong data-start=\"521\" data-end=\"536\">Fanatic Latzhose<\/strong> kombiniert eine winddichte und atmungsaktive <strong data-start=\"573\" data-end=\"598\">WINDSTOPPER\u00ae-Membran<\/strong>, warmes, hochfloriges <strong data-start=\"615\" data-end=\"632\">Berber-Fleece<\/strong> und <strong data-start=\"638\" data-end=\"663\">PrimaLoft\u00ae-Isolierung<\/strong>, wodurch auch bei feuchten Bedingungen au\u00dfergew\u00f6hnliche W\u00e4rme gew\u00e4hrleistet wird.<br data-start=\"717\" data-end=\"720\">Das <strong data-start=\"724\" data-end=\"742\">Optifade Cover<\/strong>-Tarnmuster sorgt f\u00fcr nahtlose Tarnung, w\u00e4hrend ger\u00e4uschlose Materialien und Details jede Bewegung diskreter machen \u2013 egal, ob Sie auf dem Stand warten oder durch gefrorenes Gel\u00e4nde pirschen.<\/p>\n<hr data-start=\"937\" data-end=\"940\">\n<h3 data-start=\"942\" data-end=\"972\"><strong data-start=\"946\" data-end=\"972\">Zweck und Vorteile<\/strong><\/h3>\n<p data-start=\"974\" data-end=\"1263\">Die <strong data-start=\"978\" data-end=\"993\">Fanatic Latzhose<\/strong> ist f\u00fcr lange, kalte Ansitzjagden konzipiert, aber dank ihrer atmungsaktiven Konstruktion vielseitig genug f\u00fcr aktivere Eins\u00e4tze.<br data-start=\"1121\" data-end=\"1124\">Die innovative <strong data-start=\"1135\" data-end=\"1155\">Science of Sound<\/strong>-Technologie reduziert die Ger\u00e4usch\u00fcbertragung um die H\u00e4lfte und erh\u00f6ht so Ihre Erfolgschancen bei der Jagd auf scheues Wild.<\/p>\n<p data-start=\"1265\" data-end=\"1541\">Ger\u00e4umige <strong data-start=\"1293\" data-end=\"1310\">Cargotaschen<\/strong> mit mehreren F\u00e4chern bieten Platz f\u00fcr wichtige Ausr\u00fcstung, w\u00e4hrend leise Druckkn\u00f6pfe und Rei\u00dfverschl\u00fcsse daf\u00fcr sorgen, dass Sie in kritischen Momenten unentdeckt bleiben.<br data-start=\"1421\" data-end=\"1424\"><strong data-start=\"1424\" data-end=\"1457\">Klettenresistente Verst\u00e4rkungen<\/strong> verhindern das Anhaften von Vegetation und halten die Latzhose in unwegsamem Gel\u00e4nde haltbar und leise.<\/p>\n<hr data-start=\"1543\" data-end=\"1546\">\n<h3 data-start=\"1548\" data-end=\"1580\"><strong data-start=\"1552\" data-end=\"1580\">Technische Daten<\/strong><\/h3>\n<ul data-start=\"1582\" data-end=\"1664\">\n<li data-start=\"1582\" data-end=\"1611\">\n<p data-start=\"1584\" data-end=\"1611\"><strong data-start=\"1584\" data-end=\"1594\">Farbe:<\/strong> Optifade Cover<\/p>\n<\/li>\n<li data-start=\"1612\" data-end=\"1632\">\n<p data-start=\"1614\" data-end=\"1632\"><strong data-start=\"1614\" data-end=\"1624\">Gr\u00f6\u00dfen:<\/strong> M\u20132XL<\/p>\n<\/li>\n<li data-start=\"1633\" data-end=\"1664\">\n<p data-start=\"1635\" data-end=\"1664\"><strong data-start=\"1635\" data-end=\"1646\">Gewicht:<\/strong> 1505 g (Gr\u00f6\u00dfe L)<\/p>\n<\/li>\n<\/ul>\n<p data-start=\"1666\" data-end=\"2135\"><strong data-start=\"1666\" data-end=\"1685\">Obermaterial:<\/strong> High Loft Jacquard Berber Fleece mit DWR-Finish<br data-start=\"1734\" data-end=\"1737\"><strong data-start=\"1737\" data-end=\"1770\">Unterschenkel und Zwickel im Schritt:<\/strong> Stretch-Polyester-Fleece mit DWR-Finish<br data-start=\"1811\" data-end=\"1814\"><strong data-start=\"1814\" data-end=\"1825\">Futter:<\/strong> 2-lagiges <strong data-start=\"1834\" data-end=\"1867\">WINDSTOPPER\u00ae von Gore-Tex Labs<\/strong> mit Polyester-Micro-Grid-Fleece-Innenseite<br data-start=\"1909\" data-end=\"1912\"><strong data-start=\"1912\" data-end=\"1933\">Unterschenkelfutter:<\/strong> 3-lagiges <strong data-start=\"1942\" data-end=\"1954\">GORE-TEX<\/strong> mit Polyester-Innenseite und DWR-Behandlung<br data-start=\"2001\" data-end=\"2004\"><strong data-start=\"2004\" data-end=\"2027\">Isolierung (Torso):<\/strong> 120 g <strong data-start=\"2034\" data-end=\"2069\">PrimaLoft\u00ae Silver Hi-Loft Ultra<\/strong><br data-start=\"2069\" data-end=\"2072\"><strong data-start=\"2072\" data-end=\"2094\">Isolierung (Beine):<\/strong> 80 g <strong data-start=\"2100\" data-end=\"2135\">PrimaLoft\u00ae Silver Hi-Loft Ultra<\/strong><\/p>\n<hr data-start=\"2137\" data-end=\"2140\">\n<h3 data-start=\"2142\" data-end=\"2162\"><strong data-start=\"2146\" data-end=\"2162\">Hauptmerkmale<\/strong><\/h3>\n<ul data-start=\"2164\" data-end=\"2539\">\n<li data-start=\"2164\" data-end=\"2230\">\n<p data-start=\"2166\" data-end=\"2230\">Die <strong data-start=\"2166\" data-end=\"2186\">Science of Sound<\/strong>-Technologie reduziert Bewegungsger\u00e4usche um 50 %.<\/p>\n<\/li>\n<li data-start=\"2231\" data-end=\"2296\">\n<p data-start=\"2233\" data-end=\"2296\">Das hochflorige <strong data-start=\"2243\" data-end=\"2260\">Berber-Fleece<\/strong>-Au\u00dfenmaterial sorgt f\u00fcr zus\u00e4tzliche W\u00e4rme und Komfort.<\/p>\n<\/li>\n<li data-start=\"2297\" data-end=\"2375\">\n<p data-start=\"2299\" data-end=\"2375\">Ger\u00e4uschlose <strong data-start=\"2325\" data-end=\"2342\">Cargotaschen<\/strong> mit mehreren F\u00e4chern und Druckknopf- und Rei\u00dfverschluss.<\/p>\n<\/li>\n<li data-start=\"2376\" data-end=\"2450\">\n<p data-start=\"2378\" data-end=\"2450\"><strong data-start=\"2378\" data-end=\"2411\">Klettenresistente Verst\u00e4rkungen<\/strong> an Beinen und Zwickel verhindern das H\u00e4ngenbleiben.<\/p>\n<\/li>\n<li data-start=\"2451\" data-end=\"2539\">\n<p data-start=\"2453\" data-end=\"2539\">Die vollst\u00e4ndig winddichte <strong data-start=\"2469\" data-end=\"2494\">WINDSTOPPER\u00ae-Membran<\/strong> bietet leichten, atmungsaktiven Schutz.<\/p>\n<\/li>\n<\/ul>\n<hr data-start=\"2541\" data-end=\"2544\">\n<h3 data-start=\"2546\" data-end=\"2574\"><strong data-start=\"2550\" data-end=\"2574\">Warum diese Latzhose w\u00e4hlen?<\/strong><\/h3>\n<p data-start=\"2576\" data-end=\"2991\">Die <strong data-start=\"2580\" data-end=\"2601\">Sitka Fanatic Latzhose<\/strong> ist f\u00fcr J\u00e4ger konzipiert, die maximale W\u00e4rme, Ger\u00e4uschlosigkeit und Funktionalit\u00e4t unter h\u00e4rtesten Winterbedingungen fordern.<br data-start=\"2711\" data-end=\"2714\">Durch die Kombination hochwertiger Schutzmaterialien mit fortschrittlichen Ger\u00e4uschreduzierungs- und Komfortfunktionen geh\u00f6rt sie zu den besten Jagdbekleidungsst\u00fccken f\u00fcr kaltes Wetter, die es gibt.<br data-start=\"2875\" data-end=\"2878\">Wenn das Wetter umschl\u00e4gt und Stealth unerl\u00e4sslich ist, verschafft Ihnen die <strong data-start=\"2938\" data-end=\"2953\">Fanatic Latzhose<\/strong> jedes Mal den Vorteil.<\/p>\n","protected":false},"excerpt":{"rendered":"<p>SITKA Fanatic Latzhose \u2013 ultimativer Schutz und W\u00e4rme Die Sitka Fanatic Latzhose hebt Jagdbekleidung f\u00fcr kaltes Wetter auf ein ganz neues Niveau.Diese Latzhose wurde speziell f\u00fcr fr\u00fche Fr\u00fchling-, sp\u00e4te Herbst- und tiefe Winterbedingungen entwickelt und ist so konstruiert, dass sie Leistung bringt, wenn Wind, Frost und Stille den Unterschied ausmachen. Die Fanatic Latzhose kombiniert eine [&#8230;]\n","protected":false},"featured_media":291515,"comment_status":"open","ping_status":"closed","template":"","meta":[],"product_brand":[],"product_cat":[2814,2230],"product_tag":[],"class_list":{"0":"post-291723","1":"product","2":"type-product","3":"status-publish","4":"has-post-thumbnail","6":"product_cat-byxor-sv","7":"product_cat-latzhosen","9":"first","10":"instock","11":"taxable","12":"shipping-taxable","13":"purchasable","14":"product-type-variable"},"composite_virtual":false,"composite_layout":"","composite_add_to_cart_form_location":"","composite_editable_in_cart":false,"composite_sold_individually_context":"","composite_shop_price_calc":"","composite_components":[],"composite_scenarios":[],"group_of_quantity":0,"min_quantity":0,"max_quantity":"","exclude_order_quantity_value_rules":"no","exclude_category_quantity_rules":"no","combine_variations":"no","exclude_global_add_ons":[],"addons":[],"_links":{"self":[{"href":"https:\/\/www.huntersfriend.eu\/de\/wp-json\/wp\/v2\/product\/291723","targetHints":{"allow":["GET"]}}],"collection":[{"href":"https:\/\/www.huntersfriend.eu\/de\/wp-json\/wp\/v2\/product"}],"about":[{"href":"https:\/\/www.huntersfriend.eu\/de\/wp-json\/wp\/v2\/types\/product"}],"replies":[{"embeddable":true,"href":"https:\/\/www.huntersfriend.eu\/de\/wp-json\/wp\/v2\/comments?post=291723"}],"wp:featuredmedia":[{"embeddable":true,"href":"https:\/\/www.huntersfriend.eu\/de\/wp-json\/wp\/v2\/media\/291515"}],"wp:attachment":[{"href":"https:\/\/www.huntersfriend.eu\/de\/wp-json\/wp\/v2\/media?parent=291723"}],"wp:term":[{"taxonomy":"product_brand","embeddable":true,"href":"https:\/\/www.huntersfriend.eu\/de\/wp-json\/wp\/v2\/product_brand?post=291723"},{"taxonomy":"product_cat","embeddable":true,"href":"https:\/\/www.huntersfriend.eu\/de\/wp-json\/wp\/v2\/product_cat?post=291723"},{"taxonomy":"product_tag","embeddable":true,"href":"https:\/\/www.huntersfriend.eu\/de\/wp-json\/wp\/v2\/product_tag?post=291723"}],"curies":[{"name":"wp","href":"https:\/\/api.w.org\/{rel}","templated":true}]}}