{"id":291718,"date":"2025-11-04T09:59:18","date_gmt":"2025-11-04T07:59:18","guid":{"rendered":"https:\/\/www.huntersfriend.eu\/product\/sitka-fanatic-kapuzenpullover-cover\/"},"modified":"2026-02-15T19:40:06","modified_gmt":"2026-02-15T17:40:06","slug":"sitka-fanatic-kapuzenpullover-cover","status":"publish","type":"product","link":"https:\/\/www.huntersfriend.eu\/de\/produkt\/sitka-fanatic-kapuzenpullover-cover\/","title":{"rendered":"SITKA Fanatic Kapuzenpullover &#8211; Cover"},"content":{"rendered":"<h3 data-start=\"208\" data-end=\"288\"><strong data-start=\"212\" data-end=\"288\">SITKA Fanatic Kapuzenpullover \u2013 vielseitige Zwischenschicht f\u00fcr das Herz der Jagdsaison<\/strong><\/h3>\n<p data-start=\"290\" data-end=\"554\">Der <strong data-start=\"294\" data-end=\"317\">Sitka Fanatic Hoody<\/strong> wurde f\u00fcr J\u00e4ger entwickelt, die eine vielseitige, bequeme Zwischenschicht f\u00fcr Fr\u00fchjahrs-, Herbst- und Winterjagden ben\u00f6tigen.<br data-start=\"420\" data-end=\"423\">Dieser Kapuzenpullover bietet eine ausgezeichnete Isolierung f\u00fcr k\u00fchle Morgenstunden, w\u00e4hrend sein atmungsaktives Gewebe f\u00fcr Komfort bei aktiver Bewegung sorgt.<\/p>\n<p data-start=\"556\" data-end=\"923\">Eine integrierte <strong data-start=\"567\" data-end=\"580\">Gesichtsmaske<\/strong> und <strong data-start=\"585\" data-end=\"609\">umklappbare Handf\u00e4ustlinge<\/strong> machen ihn ideal f\u00fcr die Standjagd und f\u00fcr Situationen, in denen man in Bewegung ist. Das <g id=\"gid_2\">Optifade Cover<\/g>-Tarnmuster hilft Ihnen, sich w\u00e4hrend der wechselnden Jahreszeiten nahtlos in Ihre Umgebung einzuf\u00fcgen. Der <strong data-start=\"839\" data-end=\"856\">Fanatic Hoody<\/strong> wurde als Kernst\u00fcck f\u00fcr das Schichtsystem entwickelt und geht m\u00fchelos in die n\u00f6rdlichen W\u00e4lder des Sp\u00e4therbstes \u00fcber.  <\/p>\n<hr data-start=\"925\" data-end=\"928\">\n<h3 data-start=\"930\" data-end=\"960\"><strong data-start=\"934\" data-end=\"960\">Zweck und Vorteile<\/strong><\/h3>\n<p data-start=\"962\" data-end=\"1259\">Der <strong data-start=\"966\" data-end=\"983\">Fanatic Hoody<\/strong> eignet sich hervorragend als <strong data-start=\"1017\" data-end=\"1029\">Zwischenschicht<\/strong> bei kaltem Wetter oder als <strong data-start=\"1055\" data-end=\"1070\">\u00e4u\u00dfere Schicht<\/strong> bei milderen Bedingungen.<br data-start=\"1092\" data-end=\"1095\">Die integrierte Gesichtsmaske erm\u00f6glicht eine verstohlene Bewegung ohne zus\u00e4tzliche Ausr\u00fcstung, w\u00e4hrend die <strong data-start=\"1176\" data-end=\"1203\">Polygiene\u00ae Geruchskontrolle<\/strong> das Kleidungsst\u00fcck \u00fcber mehrere Tage frisch h\u00e4lt.<\/p>\n<p data-start=\"1261\" data-end=\"1424\">Umklappbare Handf\u00e4ustlinge und Daumenl\u00f6cher vereinfachen das Schichtsystem und erh\u00f6hen die Funktionalit\u00e4t in allen Jagdsituationen \u2013 egal, ob Sie mit dem Fernglas unterwegs sind, pirschen oder auf dem Stand warten.<\/p>\n<hr data-start=\"1426\" data-end=\"1429\">\n<h3 data-start=\"1431\" data-end=\"1463\"><strong data-start=\"1435\" data-end=\"1463\">Technische Daten<\/strong><\/h3>\n<ul data-start=\"1465\" data-end=\"1546\">\n<li data-start=\"1465\" data-end=\"1494\">\n<p data-start=\"1467\" data-end=\"1494\"><strong data-start=\"1467\" data-end=\"1477\">Farbe:<\/strong> Optifade Cover<\/p>\n<\/li>\n<li data-start=\"1495\" data-end=\"1515\">\n<p data-start=\"1497\" data-end=\"1515\"><strong data-start=\"1497\" data-end=\"1507\">Gr\u00f6\u00dfen:<\/strong> M\u20132XL<\/p>\n<\/li>\n<li data-start=\"1516\" data-end=\"1546\">\n<p data-start=\"1518\" data-end=\"1546\"><strong data-start=\"1518\" data-end=\"1529\">Gewicht:<\/strong> 471 g (Gr\u00f6\u00dfe L)<\/p>\n<\/li>\n<\/ul>\n<p data-start=\"1548\" data-end=\"1734\"><strong data-start=\"1548\" data-end=\"1575\">Material K\u00f6rper und Kapuze:<\/strong> Schweres Comfort Stretch Fleece (93 % Polyester \/ 7 % Elastan)<br data-start=\"1640\" data-end=\"1643\"><strong data-start=\"1643\" data-end=\"1666\">Material Gesichtsmaske:<\/strong> Schnell trocknendes, leichtes Stretch-Mesh (88 % Polyester \/ 12 % Elastan)<\/p>\n<p data-start=\"1736\" data-end=\"1772\"><strong data-start=\"1736\" data-end=\"1770\">Wichtige Technologien und Funktionen:<\/strong><\/p>\n<ul data-start=\"1773\" data-end=\"2008\">\n<li data-start=\"1773\" data-end=\"1845\">\n<p data-start=\"1775\" data-end=\"1845\"><strong data-start=\"1775\" data-end=\"1802\">Polygiene\u00ae Geruchskontrolle<\/strong> neutralisiert sicher durch Schwei\u00df verursachte Ger\u00fcche.<\/p>\n<\/li>\n<li data-start=\"1846\" data-end=\"1928\">\n<p data-start=\"1848\" data-end=\"1928\"><strong data-start=\"1848\" data-end=\"1886\">Eingebaute atmungsaktive Mesh-Gesichtsmaske<\/strong> zur Tarnung und W\u00e4rmeregulierung.<\/p>\n<\/li>\n<li data-start=\"1929\" data-end=\"2008\">\n<p data-start=\"1931\" data-end=\"2008\"><strong data-start=\"1931\" data-end=\"1955\">Umklappbare Handf\u00e4ustlinge<\/strong> und <strong data-start=\"1960\" data-end=\"1974\">Daumenl\u00f6cher<\/strong> machen das Schichtsystem einfach und effizient.<\/p>\n<\/li>\n<\/ul>\n<hr data-start=\"2010\" data-end=\"2013\">\n<h3 data-start=\"2015\" data-end=\"2045\"><strong data-start=\"2019\" data-end=\"2045\">Warum diesen Kapuzenpullover w\u00e4hlen?<\/strong><\/h3>\n<p data-start=\"2047\" data-end=\"2307\">Der <strong data-start=\"2051\" data-end=\"2074\">Sitka Fanatic Hoody<\/strong> ist die perfekte Wahl f\u00fcr J\u00e4ger, die Vielseitigkeit, Komfort und Tarnung im Feld sch\u00e4tzen.<br data-start=\"2166\" data-end=\"2169\">Er bietet zuverl\u00e4ssige W\u00e4rme und Leistung w\u00e4hrend der gesamten Jagdsaison, sodass Sie sich auf das Wesentliche konzentrieren k\u00f6nnen \u2013 eine erfolgreiche Jagd.<\/p>\n","protected":false},"excerpt":{"rendered":"<p>SITKA Fanatic Kapuzenpullover \u2013 vielseitige Zwischenschicht f\u00fcr das Herz der Jagdsaison Der Sitka Fanatic Hoody wurde f\u00fcr J\u00e4ger entwickelt, die eine vielseitige, bequeme Zwischenschicht f\u00fcr Fr\u00fchjahrs-, Herbst- und Winterjagden ben\u00f6tigen.Dieser Kapuzenpullover bietet eine ausgezeichnete Isolierung f\u00fcr k\u00fchle Morgenstunden, w\u00e4hrend sein atmungsaktives Gewebe f\u00fcr Komfort bei aktiver Bewegung sorgt. Eine integrierte Gesichtsmaske und umklappbare Handf\u00e4ustlinge machen [&#8230;]\n","protected":false},"featured_media":291490,"comment_status":"open","ping_status":"closed","template":"","meta":[],"product_brand":[],"product_cat":[2184,2813],"product_tag":[],"class_list":{"0":"post-291718","1":"product","2":"type-product","3":"status-publish","4":"has-post-thumbnail","6":"product_cat-hemden-kapuzenpullover","7":"product_cat-skjortor-hoodies","9":"first","10":"instock","11":"taxable","12":"shipping-taxable","13":"purchasable","14":"product-type-variable"},"composite_virtual":false,"composite_layout":"","composite_add_to_cart_form_location":"","composite_editable_in_cart":false,"composite_sold_individually_context":"","composite_shop_price_calc":"","composite_components":[],"composite_scenarios":[],"group_of_quantity":0,"min_quantity":0,"max_quantity":"","exclude_order_quantity_value_rules":"no","exclude_category_quantity_rules":"no","combine_variations":"no","exclude_global_add_ons":[],"addons":[],"_links":{"self":[{"href":"https:\/\/www.huntersfriend.eu\/de\/wp-json\/wp\/v2\/product\/291718","targetHints":{"allow":["GET"]}}],"collection":[{"href":"https:\/\/www.huntersfriend.eu\/de\/wp-json\/wp\/v2\/product"}],"about":[{"href":"https:\/\/www.huntersfriend.eu\/de\/wp-json\/wp\/v2\/types\/product"}],"replies":[{"embeddable":true,"href":"https:\/\/www.huntersfriend.eu\/de\/wp-json\/wp\/v2\/comments?post=291718"}],"wp:featuredmedia":[{"embeddable":true,"href":"https:\/\/www.huntersfriend.eu\/de\/wp-json\/wp\/v2\/media\/291490"}],"wp:attachment":[{"href":"https:\/\/www.huntersfriend.eu\/de\/wp-json\/wp\/v2\/media?parent=291718"}],"wp:term":[{"taxonomy":"product_brand","embeddable":true,"href":"https:\/\/www.huntersfriend.eu\/de\/wp-json\/wp\/v2\/product_brand?post=291718"},{"taxonomy":"product_cat","embeddable":true,"href":"https:\/\/www.huntersfriend.eu\/de\/wp-json\/wp\/v2\/product_cat?post=291718"},{"taxonomy":"product_tag","embeddable":true,"href":"https:\/\/www.huntersfriend.eu\/de\/wp-json\/wp\/v2\/product_tag?post=291718"}],"curies":[{"name":"wp","href":"https:\/\/api.w.org\/{rel}","templated":true}]}}