{"id":291710,"date":"2025-11-05T14:38:14","date_gmt":"2025-11-05T12:38:14","guid":{"rendered":"https:\/\/www.huntersfriend.eu\/product\/sitka-ambient-200-jacke-2\/"},"modified":"2026-03-11T14:37:07","modified_gmt":"2026-03-11T12:37:07","slug":"sitka-ambient-200-jacke-2","status":"publish","type":"product","link":"https:\/\/www.huntersfriend.eu\/de\/produkt\/sitka-ambient-200-jacke-2\/","title":{"rendered":"SITKA Ambient 200 Jacke"},"content":{"rendered":"<h3 data-start=\"115\" data-end=\"170\"><strong data-start=\"119\" data-end=\"168\">Sitka Ambient 200 Jacke \u2013 Optifade Subalpine, Elevated oder Cover<\/strong><\/h3>\n<p data-start=\"171\" data-end=\"838\">Die <strong data-start=\"175\" data-end=\"203\">Sitka Ambient 200 Jacke<\/strong> ist das w\u00e4rmste Modell in Sitkas Ambient-Serie aktiver Isolationsjacken. Ihre <strong data-start=\"284\" data-end=\"325\">200-Gramm PrimaLoft\u00ae Evolve Isolierung<\/strong> bietet hervorragenden W\u00e4rmeschutz, wobei sie gleichzeitig eine hohe Atmungsaktivit\u00e4t bei Bewegung bewahrt. Gefertigt aus strapazierf\u00e4higem <strong data-start=\"443\" data-end=\"464\">20D Ripstop-Nylon<\/strong> mit einer <strong data-start=\"472\" data-end=\"512\">dauerhaft wasserabweisenden (DWR) Beschichtung<\/strong>, widersteht die Jacke leichtem Regen und Schnee. Mechanischer Stretch sorgt f\u00fcr uneingeschr\u00e4nkte Bewegungsfreiheit, selbst bei aktiven Jagdszenarien. Ein durchgehender Frontrei\u00dfverschluss erm\u00f6glicht einfaches Schichten, und Rei\u00dfverschluss-Hand- und Brusttaschen bieten sicheren Stauraum f\u00fcr Wertsachen. Die Ambient 200 ist ideal f\u00fcr den aktiven Einsatz bei kalten, feuchten und wechselhaften Bedingungen.     <\/p>\n<hr data-start=\"840\" data-end=\"843\">\n<h3 data-start=\"845\" data-end=\"867\"><strong data-start=\"849\" data-end=\"865\">Hauptmerkmale<\/strong><\/h3>\n<ul data-start=\"869\" data-end=\"1441\">\n<li data-start=\"869\" data-end=\"948\">\n<p data-start=\"871\" data-end=\"948\"><strong data-start=\"871\" data-end=\"884\">Material:<\/strong> 20D Ripstop-Nylon f\u00fcr Strapazierf\u00e4higkeit und leichte Performance.<\/p>\n<\/li>\n<li data-start=\"949\" data-end=\"1035\">\n<p data-start=\"951\" data-end=\"1035\"><strong data-start=\"951\" data-end=\"966\">Isolierung:<\/strong> 200 g PrimaLoft\u00ae Evolve Aktiv-Isolierung f\u00fcr W\u00e4rme ohne aufzutragen.<\/p>\n<\/li>\n<li data-start=\"1036\" data-end=\"1105\">\n<p data-start=\"1038\" data-end=\"1105\"><strong data-start=\"1038\" data-end=\"1061\">Wetterbest\u00e4ndigkeit:<\/strong> DWR-Behandlung weist leichten Regen und Schnee ab.<\/p>\n<\/li>\n<li data-start=\"1106\" data-end=\"1182\">\n<p data-start=\"1108\" data-end=\"1182\"><strong data-start=\"1108\" data-end=\"1124\">Flexibilit\u00e4t:<\/strong> Mechanisches Stretchgewebe erh\u00f6ht die Bewegungsfreiheit.<\/p>\n<\/li>\n<li data-start=\"1183\" data-end=\"1276\">\n<p data-start=\"1185\" data-end=\"1276\"><strong data-start=\"1185\" data-end=\"1197\">Rei\u00dfverschl\u00fcsse:<\/strong> Durchgehender Frontrei\u00dfverschluss f\u00fcr einfaches Schichten; Rei\u00dfverschluss-Hand- und Brusttaschen.<\/p>\n<\/li>\n<li data-start=\"1277\" data-end=\"1322\">\n<p data-start=\"1279\" data-end=\"1322\"><strong data-start=\"1279\" data-end=\"1290\">Gewicht:<\/strong> Ca. 482 g (Gr\u00f6\u00dfe M).<\/p>\n<\/li>\n<li data-start=\"1323\" data-end=\"1419\">\n<p data-start=\"1325\" data-end=\"1419\"><strong data-start=\"1325\" data-end=\"1340\">Tarnmuster:<\/strong> Optifade Subalpine Muster f\u00fcr effektive Tarnung in \u00fcppigen, gr\u00fcnen W\u00e4ldern.<\/p>\n<\/li>\n<li data-start=\"1420\" data-end=\"1441\">\n<p data-start=\"1422\" data-end=\"1441\"><strong data-start=\"1422\" data-end=\"1432\">Gr\u00f6\u00dfen:<\/strong> M\u20132XL.<\/p>\n<\/li>\n<\/ul>\n","protected":false},"excerpt":{"rendered":"<p>Sitka Ambient 200 Jacke \u2013 Optifade Subalpine, Elevated oder Cover Die Sitka Ambient 200 Jacke ist das w\u00e4rmste Modell in Sitkas Ambient-Serie aktiver Isolationsjacken. Ihre 200-Gramm PrimaLoft\u00ae Evolve Isolierung bietet hervorragenden W\u00e4rmeschutz, wobei sie gleichzeitig eine hohe Atmungsaktivit\u00e4t bei Bewegung bewahrt. Gefertigt aus strapazierf\u00e4higem 20D Ripstop-Nylon mit einer dauerhaft wasserabweisenden (DWR) Beschichtung, widersteht die Jacke [&#8230;]\n","protected":false},"featured_media":291641,"comment_status":"open","ping_status":"closed","template":"","meta":[],"product_brand":[],"product_cat":[1384],"product_tag":[],"class_list":{"0":"post-291710","1":"product","2":"type-product","3":"status-publish","4":"has-post-thumbnail","6":"product_cat-jacken","8":"first","9":"instock","10":"taxable","11":"shipping-taxable","12":"purchasable","13":"product-type-variable"},"composite_virtual":false,"composite_layout":"","composite_add_to_cart_form_location":"","composite_editable_in_cart":false,"composite_sold_individually_context":"","composite_shop_price_calc":"","composite_components":[],"composite_scenarios":[],"group_of_quantity":0,"min_quantity":0,"max_quantity":"","exclude_order_quantity_value_rules":"no","exclude_category_quantity_rules":"no","combine_variations":"no","exclude_global_add_ons":[],"addons":[],"_links":{"self":[{"href":"https:\/\/www.huntersfriend.eu\/de\/wp-json\/wp\/v2\/product\/291710","targetHints":{"allow":["GET"]}}],"collection":[{"href":"https:\/\/www.huntersfriend.eu\/de\/wp-json\/wp\/v2\/product"}],"about":[{"href":"https:\/\/www.huntersfriend.eu\/de\/wp-json\/wp\/v2\/types\/product"}],"replies":[{"embeddable":true,"href":"https:\/\/www.huntersfriend.eu\/de\/wp-json\/wp\/v2\/comments?post=291710"}],"wp:featuredmedia":[{"embeddable":true,"href":"https:\/\/www.huntersfriend.eu\/de\/wp-json\/wp\/v2\/media\/291641"}],"wp:attachment":[{"href":"https:\/\/www.huntersfriend.eu\/de\/wp-json\/wp\/v2\/media?parent=291710"}],"wp:term":[{"taxonomy":"product_brand","embeddable":true,"href":"https:\/\/www.huntersfriend.eu\/de\/wp-json\/wp\/v2\/product_brand?post=291710"},{"taxonomy":"product_cat","embeddable":true,"href":"https:\/\/www.huntersfriend.eu\/de\/wp-json\/wp\/v2\/product_cat?post=291710"},{"taxonomy":"product_tag","embeddable":true,"href":"https:\/\/www.huntersfriend.eu\/de\/wp-json\/wp\/v2\/product_tag?post=291710"}],"curies":[{"name":"wp","href":"https:\/\/api.w.org\/{rel}","templated":true}]}}