{"id":291704,"date":"2025-11-05T14:44:09","date_gmt":"2025-11-05T12:44:09","guid":{"rendered":"https:\/\/www.huntersfriend.eu\/product\/sitka-ambient-100-kapuzenjacke-2\/"},"modified":"2026-03-11T14:37:07","modified_gmt":"2026-03-11T12:37:07","slug":"sitka-ambient-100-kapuzenjacke-2","status":"publish","type":"product","link":"https:\/\/www.huntersfriend.eu\/de\/produkt\/sitka-ambient-100-kapuzenjacke-2\/","title":{"rendered":"SITKA Ambient 100 Kapuzenjacke"},"content":{"rendered":"<h3 data-start=\"118\" data-end=\"180\"><strong data-start=\"122\" data-end=\"178\">Sitka Ambient 100 Kapuzenjacke \u2013 Optifade Subalpine<\/strong><\/h3>\n<p data-start=\"181\" data-end=\"806\">Die <strong data-start=\"185\" data-end=\"220\">Sitka Ambient 100 Kapuzenjacke<\/strong> ist eine leichte, atmungsaktive Isolationsjacke, die f\u00fcr J\u00e4ger und Outdoor-Enthusiasten entwickelt wurde, die bei aktiven Unternehmungen W\u00e4rme ohne aufzutragen ben\u00f6tigen. <strong data-start=\"365\" data-end=\"410\">100 g PrimaLoft\u00ae Evolve Active Isolierung<\/strong> sorgt f\u00fcr eine effiziente W\u00e4rmeregulierung, die Sie warm h\u00e4lt, ohne zu \u00fcberhitzen. Die <strong data-start=\"492\" data-end=\"519\">20D Ripstop-Nylon-Au\u00dfenh\u00fclle<\/strong> ist strapazierf\u00e4hig und dennoch leicht, mit einer <strong data-start=\"549\" data-end=\"589\">DWR-Beschichtung (Durable Water Repellent)<\/strong>, die leichten Regen und Schnee abweist. Mechanischer Stretch in alle Richtungen gew\u00e4hrleistet uneingeschr\u00e4nkte Bewegungsfreiheit, w\u00e4hrend die konturierte Kapuze eng anliegt, ohne die Sicht einzuschr\u00e4nken. Rei\u00dfverschlusstaschen an Brust und H\u00e4nden bewahren wichtige Gegenst\u00e4nde sicher auf.   <\/p>\n<hr data-start=\"808\" data-end=\"811\">\n<h3 data-start=\"813\" data-end=\"835\"><strong data-start=\"817\" data-end=\"833\">Hauptmerkmale<\/strong><\/h3>\n<ul data-start=\"837\" data-end=\"1441\">\n<li data-start=\"837\" data-end=\"910\">\n<p data-start=\"839\" data-end=\"910\"><strong data-start=\"839\" data-end=\"854\">Isolierung:<\/strong> 100 g PrimaLoft\u00ae Evolve Active \u2013 atmungsaktiv und dennoch warm.<\/p>\n<\/li>\n<li data-start=\"911\" data-end=\"1000\">\n<p data-start=\"913\" data-end=\"1000\"><strong data-start=\"913\" data-end=\"932\">Au\u00dfenmaterial:<\/strong> 20D Ripstop-Nylon \u2013 leicht, strapazierf\u00e4hig und abriebfest.<\/p>\n<\/li>\n<li data-start=\"1001\" data-end=\"1068\">\n<p data-start=\"1003\" data-end=\"1068\"><strong data-start=\"1003\" data-end=\"1024\">Wasserbest\u00e4ndigkeit:<\/strong> DWR-Behandlung weist leichten Regen und Schnee ab.<\/p>\n<\/li>\n<li data-start=\"1069\" data-end=\"1132\">\n<p data-start=\"1071\" data-end=\"1132\"><strong data-start=\"1071\" data-end=\"1083\">Stretch:<\/strong> Vier-Wege-Stretch sorgt f\u00fcr verbesserte Beweglichkeit.<\/p>\n<\/li>\n<li data-start=\"1133\" data-end=\"1188\">\n<p data-start=\"1135\" data-end=\"1188\"><strong data-start=\"1135\" data-end=\"1144\">Kapuze:<\/strong> Konturiert f\u00fcr einen sicheren, uneingeschr\u00e4nkten Sitz.<\/p>\n<\/li>\n<li data-start=\"1189\" data-end=\"1257\">\n<p data-start=\"1191\" data-end=\"1257\"><strong data-start=\"1191\" data-end=\"1203\">Taschen:<\/strong> Rei\u00dfverschlusstaschen f\u00fcr H\u00e4nde und Brust zur sicheren Aufbewahrung.<\/p>\n<\/li>\n<li data-start=\"1258\" data-end=\"1310\">\n<p data-start=\"1260\" data-end=\"1310\"><strong data-start=\"1260\" data-end=\"1277\">Frontrei\u00dfverschluss:<\/strong> Durchgehend f\u00fcr einfaches Layering.<\/p>\n<\/li>\n<li data-start=\"1311\" data-end=\"1341\">\n<p data-start=\"1313\" data-end=\"1341\"><strong data-start=\"1313\" data-end=\"1324\">Gewicht:<\/strong> 369 g (13 oz).<\/p>\n<\/li>\n<li data-start=\"1342\" data-end=\"1419\">\n<p data-start=\"1344\" data-end=\"1419\"><strong data-start=\"1344\" data-end=\"1359\">Tarnmuster:<\/strong> Optifade Subalpine zur Tarnung in \u00fcppigen gr\u00fcnen W\u00e4ldern.<\/p>\n<\/li>\n<li data-start=\"1420\" data-end=\"1441\">\n<p data-start=\"1422\" data-end=\"1441\"><strong data-start=\"1422\" data-end=\"1432\">Gr\u00f6\u00dfen:<\/strong> M\u20132XL.<\/p>\n<\/li>\n<\/ul>\n<hr data-start=\"1443\" data-end=\"1446\">\n<h3 data-start=\"1448\" data-end=\"1463\"><strong data-start=\"1452\" data-end=\"1461\">Einsatzbereich<\/strong><\/h3>\n<p data-start=\"1465\" data-end=\"1889\">Die Ambient 100 Kapuzenjacke ist ideal f\u00fcr die aktive Jagd, Wanderungen, Trekking und den allgemeinen Outdoor-Einsatz, wo eine Kombination aus W\u00e4rme, Atmungsaktivit\u00e4t und Bewegungsfreiheit unerl\u00e4sslich ist. Tragen Sie sie als eigenst\u00e4ndige Schicht bei milderem Wetter oder als Mid-Layer unter einer Shell-Jacke bei k\u00e4lteren, feuchteren Bedingungen. Ihr leichtes, packbares Design erleichtert den Transport, und schnell trocknende Materialien verbessern die Leistung in feuchten Umgebungen.  <\/p>\n","protected":false},"excerpt":{"rendered":"<p>Sitka Ambient 100 Kapuzenjacke \u2013 Optifade Subalpine Die Sitka Ambient 100 Kapuzenjacke ist eine leichte, atmungsaktive Isolationsjacke, die f\u00fcr J\u00e4ger und Outdoor-Enthusiasten entwickelt wurde, die bei aktiven Unternehmungen W\u00e4rme ohne aufzutragen ben\u00f6tigen. 100 g PrimaLoft\u00ae Evolve Active Isolierung sorgt f\u00fcr eine effiziente W\u00e4rmeregulierung, die Sie warm h\u00e4lt, ohne zu \u00fcberhitzen. Die 20D Ripstop-Nylon-Au\u00dfenh\u00fclle ist strapazierf\u00e4hig [&#8230;]\n","protected":false},"featured_media":291652,"comment_status":"open","ping_status":"closed","template":"","meta":[],"product_brand":[],"product_cat":[1384],"product_tag":[],"class_list":{"0":"post-291704","1":"product","2":"type-product","3":"status-publish","4":"has-post-thumbnail","6":"product_cat-jacken","8":"first","9":"instock","10":"taxable","11":"shipping-taxable","12":"purchasable","13":"product-type-variable"},"composite_virtual":false,"composite_layout":"","composite_add_to_cart_form_location":"","composite_editable_in_cart":false,"composite_sold_individually_context":"","composite_shop_price_calc":"","composite_components":[],"composite_scenarios":[],"group_of_quantity":0,"min_quantity":0,"max_quantity":"","exclude_order_quantity_value_rules":"no","exclude_category_quantity_rules":"no","combine_variations":"no","exclude_global_add_ons":[],"addons":[],"_links":{"self":[{"href":"https:\/\/www.huntersfriend.eu\/de\/wp-json\/wp\/v2\/product\/291704","targetHints":{"allow":["GET"]}}],"collection":[{"href":"https:\/\/www.huntersfriend.eu\/de\/wp-json\/wp\/v2\/product"}],"about":[{"href":"https:\/\/www.huntersfriend.eu\/de\/wp-json\/wp\/v2\/types\/product"}],"replies":[{"embeddable":true,"href":"https:\/\/www.huntersfriend.eu\/de\/wp-json\/wp\/v2\/comments?post=291704"}],"wp:featuredmedia":[{"embeddable":true,"href":"https:\/\/www.huntersfriend.eu\/de\/wp-json\/wp\/v2\/media\/291652"}],"wp:attachment":[{"href":"https:\/\/www.huntersfriend.eu\/de\/wp-json\/wp\/v2\/media?parent=291704"}],"wp:term":[{"taxonomy":"product_brand","embeddable":true,"href":"https:\/\/www.huntersfriend.eu\/de\/wp-json\/wp\/v2\/product_brand?post=291704"},{"taxonomy":"product_cat","embeddable":true,"href":"https:\/\/www.huntersfriend.eu\/de\/wp-json\/wp\/v2\/product_cat?post=291704"},{"taxonomy":"product_tag","embeddable":true,"href":"https:\/\/www.huntersfriend.eu\/de\/wp-json\/wp\/v2\/product_tag?post=291704"}],"curies":[{"name":"wp","href":"https:\/\/api.w.org\/{rel}","templated":true}]}}