{"id":291699,"date":"2025-11-04T09:59:19","date_gmt":"2025-11-04T07:59:19","guid":{"rendered":"https:\/\/www.huntersfriend.eu\/product\/sitka-fanatic-jacke-cover\/"},"modified":"2026-01-29T12:13:28","modified_gmt":"2026-01-29T10:13:28","slug":"sitka-fanatic-jacke-cover","status":"publish","type":"product","link":"https:\/\/www.huntersfriend.eu\/de\/produkt\/sitka-fanatic-jacke-cover\/","title":{"rendered":"SITKA Fanatic Jacke &#8211; Cover"},"content":{"rendered":"<h3 data-start=\"204\" data-end=\"266\"><strong data-start=\"208\" data-end=\"266\">SITKA Fanatic Jacke \u2013 ultimativer Schutz und Ger\u00e4uschlosigkeit<\/strong><\/h3>\n<p data-start=\"268\" data-end=\"775\">Die <strong data-start=\"272\" data-end=\"296\">Sitka Fanatic Jacke<\/strong> wurde f\u00fcr kalte Herbst- und Winterjagdtage entwickelt, an denen W\u00e4rme, Ger\u00e4uschlosigkeit und Komfort den entscheidenden Unterschied machen. Diese Jacke kombiniert hochflorigen Berber-Fleece, eine winddichte <strong data-start=\"466\" data-end=\"491\">WINDSTOPPER\u00ae-Membran<\/strong> und eine hochwertige <strong data-start=\"505\" data-end=\"530\">PrimaLoft\u00ae-Isolierung<\/strong>, um Sie auch bei feuchten Bedingungen warm zu halten. Das <strong data-start=\"577\" data-end=\"595\">Optifade Cover<\/strong>-Tarnmuster f\u00fcgt sich nahtlos in die Umgebung ein, w\u00e4hrend die <strong data-start=\"661\" data-end=\"681\">Science of Sound<\/strong>-Technologie die Bewegungsger\u00e4usche halbiert und so Ihre Chancen auf eine erfolgreiche Jagd erh\u00f6ht.  <\/p>\n<hr data-start=\"777\" data-end=\"780\">\n<h3 data-start=\"782\" data-end=\"812\"><strong data-start=\"786\" data-end=\"812\">Zweck und Vorteile<\/strong><\/h3>\n<p data-start=\"813\" data-end=\"1369\">Die <strong data-start=\"817\" data-end=\"835\">Fanatic Jacke<\/strong> ist die perfekte Wahl f\u00fcr die Stand- oder Ansitzjagd, wenn vorsichtiges Wild im Fr\u00fchjahr, Herbst oder Winter bejagt wird.<br data-start=\"960\" data-end=\"963\">Ihr <strong data-start=\"967\" data-end=\"1004\">diagonaler, ultraleiser YKK\u00ae-Rei\u00dfverschluss<\/strong> sorgt f\u00fcr ger\u00e4uschloses Anziehen und integriert eingebaute Handw\u00e4rmer. Die praktische Taschenplatzierung h\u00e4lt die wichtigsten Ausr\u00fcstungsgegenst\u00e4nde griffbereit, w\u00e4hrend die <strong data-start=\"1136\" data-end=\"1186\">Constant-Connect\u2122<\/strong>-Sicherheitsgurtkompatibilit\u00e4t das Tragen mehrerer Schichten ohne unn\u00f6tige Anpassungen erleichtert.<br data-start=\"1241\" data-end=\"1244\">Das \u00c4rmeldesign bietet optimalen Freiraum zum Spannen einer Bogensehne am linken Arm und minimiert gleichzeitig das Volumen am Ellbogen. <\/p>\n<hr data-start=\"1371\" data-end=\"1374\">\n<h3 data-start=\"1376\" data-end=\"1408\"><strong data-start=\"1380\" data-end=\"1408\">Technische Daten<\/strong><\/h3>\n<ul data-start=\"1410\" data-end=\"1492\">\n<li data-start=\"1410\" data-end=\"1439\">\n<p data-start=\"1412\" data-end=\"1439\"><strong data-start=\"1412\" data-end=\"1422\">Farbe:<\/strong> Optifade Cover<\/p>\n<\/li>\n<li data-start=\"1440\" data-end=\"1460\">\n<p data-start=\"1442\" data-end=\"1460\"><strong data-start=\"1442\" data-end=\"1452\">Gr\u00f6\u00dfen:<\/strong> M\u20132XL<\/p>\n<\/li>\n<li data-start=\"1461\" data-end=\"1492\">\n<p data-start=\"1463\" data-end=\"1492\"><strong data-start=\"1463\" data-end=\"1474\">Gewicht:<\/strong> 1310 g (Gr\u00f6\u00dfe L)<\/p>\n<\/li>\n<\/ul>\n<p data-start=\"1494\" data-end=\"1857\"><strong data-start=\"1494\" data-end=\"1512\">Material (K\u00f6rper):<\/strong> Hochfloriger Jacquard-Berber-Fleece mit DWR-Ausr\u00fcstung<br data-start=\"1561\" data-end=\"1564\"><strong data-start=\"1564\" data-end=\"1581\">Saum und Sitzfl\u00e4che:<\/strong> Stretch-Polyester-Fleece mit DWR-Ausr\u00fcstung<br data-start=\"1622\" data-end=\"1625\"><strong data-start=\"1625\" data-end=\"1636\">Futter:<\/strong> 2-lagiges <strong data-start=\"1645\" data-end=\"1678\">WINDSTOPPER\u00ae von Gore-Tex Labs<\/strong> mit Polyester-Micro-Grid-Fleece-Innenseite<br data-start=\"1720\" data-end=\"1723\"><strong data-start=\"1723\" data-end=\"1746\">Isolierung (Torso):<\/strong> 120 g <strong data-start=\"1753\" data-end=\"1788\">PrimaLoft\u00ae Silver Hi-Loft Ultra<\/strong><br data-start=\"1788\" data-end=\"1791\"><strong data-start=\"1791\" data-end=\"1816\">Isolierung (\u00c4rmel):<\/strong> 80 g <strong data-start=\"1822\" data-end=\"1857\">PrimaLoft\u00ae Silver Hi-Loft Ultra<\/strong><\/p>\n<hr data-start=\"1859\" data-end=\"1862\">\n<h3 data-start=\"1864\" data-end=\"1884\"><strong data-start=\"1868\" data-end=\"1884\">Hauptmerkmale<\/strong><\/h3>\n<ul data-start=\"1886\" data-end=\"2544\">\n<li data-start=\"1886\" data-end=\"1956\">\n<p data-start=\"1888\" data-end=\"1956\">Die <strong data-start=\"1888\" data-end=\"1908\">Science of Sound<\/strong>-Technologie reduziert die Schall\u00fcbertragung um 50 %.<\/p>\n<\/li>\n<li data-start=\"1957\" data-end=\"2009\">\n<p data-start=\"1959\" data-end=\"2009\">Intuitiv gestaltete Taschen f\u00fcr die wichtigsten Ausr\u00fcstungsgegenst\u00e4nde.<\/p>\n<\/li>\n<li data-start=\"2010\" data-end=\"2048\">\n<p data-start=\"2012\" data-end=\"2048\">Sichere Brusttasche f\u00fcr Wertsachen.<\/p>\n<\/li>\n<li data-start=\"2049\" data-end=\"2105\">\n<p data-start=\"2051\" data-end=\"2105\">Ultraleiser, diagonaler <strong data-start=\"2073\" data-end=\"2102\">YKK\u00ae Vislon\u00ae-Frontrei\u00dfverschluss<\/strong>.<\/p>\n<\/li>\n<li data-start=\"2106\" data-end=\"2168\">\n<p data-start=\"2108\" data-end=\"2168\"><strong data-start=\"2108\" data-end=\"2165\">Constant-Connect\u2122 SITKA\u00ae<\/strong>-Sicherheitsgurtkompatibilit\u00e4t.<\/p>\n<\/li>\n<li data-start=\"2169\" data-end=\"2245\">\n<p data-start=\"2171\" data-end=\"2245\">F\u00fcr Bogensehnenfreiheit und Schie\u00dfergonomie optimiertes \u00c4rmeldesign.<\/p>\n<\/li>\n<li data-start=\"2246\" data-end=\"2321\">\n<p data-start=\"2248\" data-end=\"2321\"><strong data-start=\"2248\" data-end=\"2281\">Abriebfeste Verst\u00e4rkungen<\/strong> am Saum und an der Sitzfl\u00e4che verhindern das H\u00e4ngenbleiben.<\/p>\n<\/li>\n<li data-start=\"2322\" data-end=\"2422\">\n<p data-start=\"2324\" data-end=\"2422\"><strong data-start=\"2324\" data-end=\"2357\">WINDSTOPPER\u00ae von Gore-Tex Labs<\/strong>: vollst\u00e4ndig winddichter, leichter und atmungsaktiver Schutz.<\/p>\n<\/li>\n<li data-start=\"2423\" data-end=\"2482\">\n<p data-start=\"2425\" data-end=\"2482\">Die <strong data-start=\"2425\" data-end=\"2450\">PrimaLoft\u00ae-Isolierung<\/strong> speichert die W\u00e4rme auch bei N\u00e4sse.<\/p>\n<\/li>\n<li data-start=\"2483\" data-end=\"2544\">\n<p data-start=\"2485\" data-end=\"2544\"><strong data-start=\"2485\" data-end=\"2509\">Magnetischer Verstaukragen<\/strong> f\u00fcr zus\u00e4tzlichen Komfort und Bequemlichkeit.<\/p>\n<\/li>\n<\/ul>\n<hr data-start=\"2546\" data-end=\"2549\">\n<h3 data-start=\"2551\" data-end=\"2582\"><strong data-start=\"2555\" data-end=\"2582\">Warum diese Jacke w\u00e4hlen?<\/strong><\/h3>\n<p data-start=\"2583\" data-end=\"2943\">Die <strong data-start=\"2587\" data-end=\"2611\">Sitka Fanatic Jacke<\/strong> bietet die ultimative Kombination aus W\u00e4rme, Ger\u00e4uschlosigkeit und Funktionalit\u00e4t, die f\u00fcr anspruchsvolle Winterjagden erforderlich ist.<br data-start=\"2720\" data-end=\"2723\">Jedes Detail ist f\u00fcr den station\u00e4ren J\u00e4ger konzipiert \u2013 wenn das Wetter rau wird und das Wild vorsichtig wird, verschafft Ihnen diese Jacke den entscheidenden Vorteil. Sie ist der perfekte Begleiter f\u00fcr die h\u00e4rtesten Bedingungen der Jagdsaison. <\/p>\n","protected":false},"excerpt":{"rendered":"<p>SITKA Fanatic Jacke \u2013 ultimativer Schutz und Ger\u00e4uschlosigkeit Die Sitka Fanatic Jacke wurde f\u00fcr kalte Herbst- und Winterjagdtage entwickelt, an denen W\u00e4rme, Ger\u00e4uschlosigkeit und Komfort den entscheidenden Unterschied machen. Diese Jacke kombiniert hochflorigen Berber-Fleece, eine winddichte WINDSTOPPER\u00ae-Membran und eine hochwertige PrimaLoft\u00ae-Isolierung, um Sie auch bei feuchten Bedingungen warm zu halten. Das Optifade Cover-Tarnmuster f\u00fcgt sich [&#8230;]\n","protected":false},"featured_media":291447,"comment_status":"open","ping_status":"closed","template":"","meta":[],"product_brand":[],"product_cat":[2741,1384],"product_tag":[],"class_list":{"0":"post-291699","1":"product","2":"type-product","3":"status-publish","4":"has-post-thumbnail","6":"product_cat-jackor","7":"product_cat-jacken","9":"first","10":"instock","11":"taxable","12":"shipping-taxable","13":"purchasable","14":"product-type-variable"},"composite_virtual":false,"composite_layout":"","composite_add_to_cart_form_location":"","composite_editable_in_cart":false,"composite_sold_individually_context":"","composite_shop_price_calc":"","composite_components":[],"composite_scenarios":[],"group_of_quantity":0,"min_quantity":0,"max_quantity":"","exclude_order_quantity_value_rules":"no","exclude_category_quantity_rules":"no","combine_variations":"no","exclude_global_add_ons":[],"addons":[],"_links":{"self":[{"href":"https:\/\/www.huntersfriend.eu\/de\/wp-json\/wp\/v2\/product\/291699","targetHints":{"allow":["GET"]}}],"collection":[{"href":"https:\/\/www.huntersfriend.eu\/de\/wp-json\/wp\/v2\/product"}],"about":[{"href":"https:\/\/www.huntersfriend.eu\/de\/wp-json\/wp\/v2\/types\/product"}],"replies":[{"embeddable":true,"href":"https:\/\/www.huntersfriend.eu\/de\/wp-json\/wp\/v2\/comments?post=291699"}],"wp:featuredmedia":[{"embeddable":true,"href":"https:\/\/www.huntersfriend.eu\/de\/wp-json\/wp\/v2\/media\/291447"}],"wp:attachment":[{"href":"https:\/\/www.huntersfriend.eu\/de\/wp-json\/wp\/v2\/media?parent=291699"}],"wp:term":[{"taxonomy":"product_brand","embeddable":true,"href":"https:\/\/www.huntersfriend.eu\/de\/wp-json\/wp\/v2\/product_brand?post=291699"},{"taxonomy":"product_cat","embeddable":true,"href":"https:\/\/www.huntersfriend.eu\/de\/wp-json\/wp\/v2\/product_cat?post=291699"},{"taxonomy":"product_tag","embeddable":true,"href":"https:\/\/www.huntersfriend.eu\/de\/wp-json\/wp\/v2\/product_tag?post=291699"}],"curies":[{"name":"wp","href":"https:\/\/api.w.org\/{rel}","templated":true}]}}