{"id":291437,"date":"2025-11-04T16:04:26","date_gmt":"2025-11-04T14:04:26","guid":{"rendered":"https:\/\/www.huntersfriend.eu\/product\/conibear-330-2-totfangfalle\/"},"modified":"2026-04-14T10:16:47","modified_gmt":"2026-04-14T08:16:47","slug":"conibear-330-2-totfangfalle","status":"publish","type":"product","link":"https:\/\/www.huntersfriend.eu\/de\/produkt\/conibear-330-2-totfangfalle\/","title":{"rendered":"Conibear\u00ae 330-2 Totfangfalle"},"content":{"rendered":"<p data-start=\"61\" data-end=\"434\"><strong data-start=\"61\" data-end=\"90\">Conibear\u00ae Abfangfallen<\/strong> sind sogenannte Totschlagfallen, die, wenn sie ausgel\u00f6st werden, das eindringende Tier sofort t\u00f6ten.<br data-start=\"198\" data-end=\"201\">Bei der Aufstellung an Land oder \u00fcber Wasser in einem Schutzgeh\u00e4use sind Conibear-Fallen f\u00fcr den Fang von Nerz, Marder, Iltis, Wiesel und Eichh\u00f6rnchen zugelassen.<br data-start=\"351\" data-end=\"354\">Die geeigneten Modelle hierf\u00fcr sind <strong data-start=\"395\" data-end=\"404\">120-2<\/strong>, <strong data-start=\"406\" data-end=\"418\">120-2 SS<\/strong> und <strong data-start=\"424\" data-end=\"433\">160-2<\/strong>.<\/p>\n<p data-start=\"436\" data-end=\"449\"><strong data-start=\"436\" data-end=\"449\">Kurz gesagt:<\/strong><\/p>\n<ul data-start=\"451\" data-end=\"628\">\n<li data-start=\"451\" data-end=\"496\">\n<p data-start=\"453\" data-end=\"496\"><strong data-start=\"453\" data-end=\"462\">120-2<\/strong> \u2013 doppelfedrig, aus Stahl.<\/p>\n<\/li>\n<li data-start=\"497\" data-end=\"555\">\n<p data-start=\"499\" data-end=\"555\"><strong data-start=\"499\" data-end=\"511\">120-2 SS<\/strong> \u2013 doppelfedrig, aus Edelstahl.<\/p>\n<\/li>\n<li data-start=\"556\" data-end=\"628\">\n<p data-start=\"558\" data-end=\"628\"><strong data-start=\"558\" data-end=\"567\">160-2<\/strong> \u2013 gr\u00f6\u00dfer als die beiden oben genannten, doppelfedrig, aus Stahl.<\/p>\n<\/li>\n<\/ul>\n<p data-start=\"630\" data-end=\"945\">Beim Aufstellen von Fallen an Land, in B\u00e4umen oder \u00fcber Wasser m\u00fcssen diese so platziert werden, dass sie keine Gefahr f\u00fcr Menschen oder andere Tiere als die zu fangenden darstellen.<br data-start=\"793\" data-end=\"796\">Gesetzlich m\u00fcssen die Fallen in einem Schutzgeh\u00e4use aufgestellt werden.<br data-start=\"859\" data-end=\"862\">Die Eingangs\u00f6ffnung des Geh\u00e4uses darf einen Durchmesser von <strong data-start=\"915\" data-end=\"932\">8 cm<\/strong> nicht \u00fcberschreiten.<\/p>\n<p data-start=\"947\" data-end=\"1164\">Conibear-Fallen d\u00fcrfen <strong data-start=\"974\" data-end=\"988\">unter Wasser<\/strong> f\u00fcr die Jagd auf <strong data-start=\"1001\" data-end=\"1020\">Europ\u00e4ische Biber<\/strong> und <strong data-start=\"1025\" data-end=\"1044\">Kanadische Biber<\/strong> sowie zum Fang ungesch\u00fctzter S\u00e4ugetiere eingesetzt werden.<br data-start=\"1090\" data-end=\"1093\">In solchen F\u00e4llen darf die Spannweite der Falle <strong data-start=\"1145\" data-end=\"1163\">30 cm<\/strong> nicht \u00fcberschreiten.<\/p>\n<p data-start=\"1166\" data-end=\"1219\">F\u00fcr die Biberjagd muss das <strong data-start=\"1190\" data-end=\"1205\">Modell 330-2<\/strong> verwendet werden.<\/p>\n<p data-start=\"1221\" data-end=\"1234\"><strong data-start=\"1221\" data-end=\"1234\">Kurz gesagt:<\/strong><\/p>\n<ul data-start=\"1236\" data-end=\"1281\">\n<li data-start=\"1236\" data-end=\"1281\">\n<p data-start=\"1238\" data-end=\"1281\"><strong data-start=\"1238\" data-end=\"1247\">330-2<\/strong> \u2013 doppelfedrig, aus Stahl.<\/p>\n<\/li>\n<\/ul>\n<p data-start=\"1283\" data-end=\"1415\">Beim Aufstellen der Fallen werden zu Ihrer eigenen Sicherheit <strong data-start=\"1307\" data-end=\"1324\">Spannzangen<\/strong> empfohlen.<br data-start=\"1361\" data-end=\"1364\">Gesetzlich m\u00fcssen die Fallen <strong data-start=\"1390\" data-end=\"1414\">regelm\u00e4\u00dfig gewartet<\/strong> werden.<\/p>\n<p data-start=\"1417\" data-end=\"1464\">Original Conibear\u00ae Fallen sind weltweit beliebt.<\/p>\n<p data-start=\"1466\" data-end=\"1485\"><strong data-start=\"1466\" data-end=\"1485\">Fallenspannweiten:<\/strong><\/p>\n<div class=\"_tableContainer_1rjym_1\">\n<div class=\"group _tableWrapper_1rjym_13 flex w-fit flex-col-reverse\" tabindex=\"-1\">\n<table class=\"w-fit min-w-(--thread-content-width)\" data-start=\"1487\" data-end=\"1683\">\n<thead data-start=\"1487\" data-end=\"1510\">\n<tr data-start=\"1487\" data-end=\"1510\">\n<th data-start=\"1487\" data-end=\"1495\" data-col-size=\"sm\">Modell<\/th>\n<th data-start=\"1495\" data-end=\"1510\" data-col-size=\"sm\">Spannweite<\/th>\n<\/tr>\n<\/thead>\n<tbody data-start=\"1537\" data-end=\"1683\">\n<tr data-start=\"1537\" data-end=\"1568\">\n<td data-start=\"1537\" data-end=\"1545\" data-col-size=\"sm\">120-2<\/td>\n<td data-col-size=\"sm\" data-start=\"1545\" data-end=\"1568\">11,43 cm \u00d7 11,43 cm<\/td>\n<\/tr>\n<tr data-start=\"1569\" data-end=\"1621\">\n<td data-start=\"1569\" data-end=\"1598\" data-col-size=\"sm\">120-2 SS (Edelstahl)<\/td>\n<td data-col-size=\"sm\" data-start=\"1598\" data-end=\"1621\">11,43 cm \u00d7 11,43 cm<\/td>\n<\/tr>\n<tr data-start=\"1622\" data-end=\"1653\">\n<td data-start=\"1622\" data-end=\"1630\" data-col-size=\"sm\">160-2<\/td>\n<td data-col-size=\"sm\" data-start=\"1630\" data-end=\"1653\">15,24 cm \u00d7 15,24 cm<\/td>\n<\/tr>\n<tr data-start=\"1654\" data-end=\"1683\">\n<td data-start=\"1654\" data-end=\"1662\" data-col-size=\"sm\">330-2<\/td>\n<td data-col-size=\"sm\" data-start=\"1662\" data-end=\"1683\">25,4 cm \u00d7 25,4 cm<\/td>\n<\/tr>\n<\/tbody>\n<\/table>\n<\/div>\n<\/div>\n","protected":false},"excerpt":{"rendered":"<p>Conibear\u00ae Abfangfallen sind sogenannte Totschlagfallen, die, wenn sie ausgel\u00f6st werden, das eindringende Tier sofort t\u00f6ten.Bei der Aufstellung an Land oder \u00fcber Wasser in einem Schutzgeh\u00e4use sind Conibear-Fallen f\u00fcr den Fang von Nerz, Marder, Iltis, Wiesel und Eichh\u00f6rnchen zugelassen.Die geeigneten Modelle hierf\u00fcr sind 120-2, 120-2 SS und 160-2. Kurz gesagt: 120-2 \u2013 doppelfedrig, aus Stahl. 120-2 [&#8230;]\n","protected":false},"featured_media":291432,"comment_status":"open","ping_status":"closed","template":"","meta":[],"product_brand":[],"product_cat":[2696,1410],"product_tag":[],"class_list":{"0":"post-291437","1":"product","2":"type-product","3":"status-publish","4":"has-post-thumbnail","6":"product_cat-fallor-och-fangsttillbehor","7":"product_cat-fallen-und-fallenzubehor","9":"first","10":"instock","11":"taxable","12":"shipping-taxable","13":"purchasable","14":"product-type-simple"},"composite_virtual":false,"composite_layout":"","composite_add_to_cart_form_location":"","composite_editable_in_cart":false,"composite_sold_individually_context":"","composite_shop_price_calc":"","composite_components":[],"composite_scenarios":[],"group_of_quantity":0,"min_quantity":0,"max_quantity":"","exclude_order_quantity_value_rules":"no","exclude_category_quantity_rules":"no","combine_variations":"no","exclude_global_add_ons":[],"addons":[],"_links":{"self":[{"href":"https:\/\/www.huntersfriend.eu\/de\/wp-json\/wp\/v2\/product\/291437","targetHints":{"allow":["GET"]}}],"collection":[{"href":"https:\/\/www.huntersfriend.eu\/de\/wp-json\/wp\/v2\/product"}],"about":[{"href":"https:\/\/www.huntersfriend.eu\/de\/wp-json\/wp\/v2\/types\/product"}],"replies":[{"embeddable":true,"href":"https:\/\/www.huntersfriend.eu\/de\/wp-json\/wp\/v2\/comments?post=291437"}],"wp:featuredmedia":[{"embeddable":true,"href":"https:\/\/www.huntersfriend.eu\/de\/wp-json\/wp\/v2\/media\/291432"}],"wp:attachment":[{"href":"https:\/\/www.huntersfriend.eu\/de\/wp-json\/wp\/v2\/media?parent=291437"}],"wp:term":[{"taxonomy":"product_brand","embeddable":true,"href":"https:\/\/www.huntersfriend.eu\/de\/wp-json\/wp\/v2\/product_brand?post=291437"},{"taxonomy":"product_cat","embeddable":true,"href":"https:\/\/www.huntersfriend.eu\/de\/wp-json\/wp\/v2\/product_cat?post=291437"},{"taxonomy":"product_tag","embeddable":true,"href":"https:\/\/www.huntersfriend.eu\/de\/wp-json\/wp\/v2\/product_tag?post=291437"}],"curies":[{"name":"wp","href":"https:\/\/api.w.org\/{rel}","templated":true}]}}