{"id":290924,"date":"2025-07-31T12:00:40","date_gmt":"2025-07-31T10:00:40","guid":{"rendered":"https:\/\/www.huntersfriend.eu\/product\/sitka-jetstream-windstopper-handschuh\/"},"modified":"2026-03-11T14:36:43","modified_gmt":"2026-03-11T12:36:43","slug":"sitka-jetstream-windstopper-handschuh","status":"publish","type":"product","link":"https:\/\/www.huntersfriend.eu\/de\/produkt\/sitka-jetstream-windstopper-handschuh\/","title":{"rendered":"SITKA Jetstream Windstopper-Handschuh"},"content":{"rendered":"<p>Der Jetstream WS-Handschuh ist ein Schie\u00dfhandschuh, der an windigen Tagen f\u00fcr Fingerfertigkeit sorgt. Die WINDSTOPPER\u00ae by GORE-TEX LABS-Au\u00dfenh\u00fclle und das Fleecefutter halten die H\u00e4nde warm, und ein leitf\u00e4higer Daumen und Zeigefinger sorgen daf\u00fcr, dass dies auch bei der Bedienung Ihrer Ger\u00e4te so bleibt. <\/p>\n<ul class=\"jsx-1027194987 space-y-4 list-disc\">\n<li class=\"jsx-1027194987 remove-marker mt-[24px] md:mt-[60px]\">\n<div class=\"feature_item\">WINDSTOPPER von GORE-TEX Labs stoppt Wind und weist Niederschlag ab<\/div>\n<div class=\"feature_item\">Dehnbares Au\u00dfenmaterial f\u00fcr verbesserte Fingerfertigkeit<\/div>\n<div class=\"feature_item\">Fleecefutter mit Loft<\/div>\n<div class=\"feature_item\">Handfl\u00e4chenpatch aus synthetischem Digitalleder<\/div>\n<div class=\"feature_item\">Silikonpunkt-Griff an den Fingerspitzen<\/div>\n<div class=\"feature_item\">Leitf\u00e4higer Daumen und Zeigefinger f\u00fcr Touchscreen-Bedienung<\/div>\n<div class=\"feature_item\">80 g<\/div>\n<\/li>\n<\/ul>\n<p>&nbsp;<\/p>\n","protected":false},"excerpt":{"rendered":"<p>Der Jetstream WS-Handschuh ist ein Schie\u00dfhandschuh, der an windigen Tagen f\u00fcr Fingerfertigkeit sorgt. Die WINDSTOPPER\u00ae by GORE-TEX LABS-Au\u00dfenh\u00fclle und das Fleecefutter halten die H\u00e4nde warm, und ein leitf\u00e4higer Daumen und Zeigefinger sorgen daf\u00fcr, dass dies auch bei der Bedienung Ihrer Ger\u00e4te so bleibt. WINDSTOPPER von GORE-TEX Labs stoppt Wind und weist Niederschlag ab Dehnbares Au\u00dfenmaterial [&#8230;]\n","protected":false},"featured_media":290413,"comment_status":"open","ping_status":"closed","template":"","meta":[],"product_brand":[],"product_cat":[2809,1382],"product_tag":[],"class_list":{"0":"post-290924","1":"product","2":"type-product","3":"status-publish","4":"has-post-thumbnail","6":"product_cat-handskar","7":"product_cat-handschuhe","9":"first","10":"instock","11":"taxable","12":"shipping-taxable","13":"purchasable","14":"product-type-variable"},"composite_virtual":false,"composite_layout":"","composite_add_to_cart_form_location":"","composite_editable_in_cart":false,"composite_sold_individually_context":"","composite_shop_price_calc":"","composite_components":[],"composite_scenarios":[],"group_of_quantity":0,"min_quantity":0,"max_quantity":"","exclude_order_quantity_value_rules":"no","exclude_category_quantity_rules":"no","combine_variations":"no","exclude_global_add_ons":[],"addons":[],"_links":{"self":[{"href":"https:\/\/www.huntersfriend.eu\/de\/wp-json\/wp\/v2\/product\/290924","targetHints":{"allow":["GET"]}}],"collection":[{"href":"https:\/\/www.huntersfriend.eu\/de\/wp-json\/wp\/v2\/product"}],"about":[{"href":"https:\/\/www.huntersfriend.eu\/de\/wp-json\/wp\/v2\/types\/product"}],"replies":[{"embeddable":true,"href":"https:\/\/www.huntersfriend.eu\/de\/wp-json\/wp\/v2\/comments?post=290924"}],"wp:featuredmedia":[{"embeddable":true,"href":"https:\/\/www.huntersfriend.eu\/de\/wp-json\/wp\/v2\/media\/290413"}],"wp:attachment":[{"href":"https:\/\/www.huntersfriend.eu\/de\/wp-json\/wp\/v2\/media?parent=290924"}],"wp:term":[{"taxonomy":"product_brand","embeddable":true,"href":"https:\/\/www.huntersfriend.eu\/de\/wp-json\/wp\/v2\/product_brand?post=290924"},{"taxonomy":"product_cat","embeddable":true,"href":"https:\/\/www.huntersfriend.eu\/de\/wp-json\/wp\/v2\/product_cat?post=290924"},{"taxonomy":"product_tag","embeddable":true,"href":"https:\/\/www.huntersfriend.eu\/de\/wp-json\/wp\/v2\/product_tag?post=290924"}],"curies":[{"name":"wp","href":"https:\/\/api.w.org\/{rel}","templated":true}]}}