{"id":290915,"date":"2025-07-31T12:00:41","date_gmt":"2025-07-31T10:00:41","guid":{"rendered":"https:\/\/www.huntersfriend.eu\/product\/sitka-sonnenhut\/"},"modified":"2026-03-11T14:36:44","modified_gmt":"2026-03-11T12:36:44","slug":"sitka-sonnenhut","status":"publish","type":"product","link":"https:\/\/www.huntersfriend.eu\/de\/produkt\/sitka-sonnenhut\/","title":{"rendered":"SITKA Sonnenhut"},"content":{"rendered":"<p>Der SITKA Sonnenhut ist ideal f\u00fcr lange Stunden hinter Glas. Die Krempe hat eine dunkle Unterseite, um die Augenbelastung bei hellen Bedingungen zu begrenzen, und eine weiche Kontur, die Bogensehnen nicht behindert. <\/p>\n<p>Schnelltrocknend: CORDURA\u00ae-Nylongewebe trocknet Schwei\u00df und Regen leicht ab.<\/p>\n<p>Dunkle Unterkrempe: Die dunkle Unterkrempe bricht das Licht, um Blendung und Augenbelastung zu reduzieren.<\/p>\n<p>PrimaLoft\u00ae-Technologie: PrimaLoft\u00ae-Produkte sind die ultimative Isolierungstechnologie f\u00fcr J\u00e4ger. Ultrafeine Fasern sind so konzipiert, dass sie maximale W\u00e4rme speichern, selbst wenn sie nass sind. <\/p>\n","protected":false},"excerpt":{"rendered":"<p>Der SITKA Sonnenhut ist ideal f\u00fcr lange Stunden hinter Glas. Die Krempe hat eine dunkle Unterseite, um die Augenbelastung bei hellen Bedingungen zu begrenzen, und eine weiche Kontur, die Bogensehnen nicht behindert. Schnelltrocknend: CORDURA\u00ae-Nylongewebe trocknet Schwei\u00df und Regen leicht ab. Dunkle Unterkrempe: Die dunkle Unterkrempe bricht das Licht, um Blendung und Augenbelastung zu reduzieren. PrimaLoft\u00ae-Technologie: [&#8230;]\n","protected":false},"featured_media":290261,"comment_status":"open","ping_status":"closed","template":"","meta":[],"product_brand":[],"product_cat":[2716,1215],"product_tag":[],"class_list":{"0":"post-290915","1":"product","2":"type-product","3":"status-publish","4":"has-post-thumbnail","6":"product_cat-hattar-och-huvudbonader","7":"product_cat-handschuh-socken-und-kopfbedeckung","9":"first","10":"instock","11":"taxable","12":"shipping-taxable","13":"purchasable","14":"product-type-variable"},"composite_virtual":false,"composite_layout":"","composite_add_to_cart_form_location":"","composite_editable_in_cart":false,"composite_sold_individually_context":"","composite_shop_price_calc":"","composite_components":[],"composite_scenarios":[],"group_of_quantity":0,"min_quantity":0,"max_quantity":"","exclude_order_quantity_value_rules":"no","exclude_category_quantity_rules":"no","combine_variations":"no","exclude_global_add_ons":[],"addons":[],"_links":{"self":[{"href":"https:\/\/www.huntersfriend.eu\/de\/wp-json\/wp\/v2\/product\/290915","targetHints":{"allow":["GET"]}}],"collection":[{"href":"https:\/\/www.huntersfriend.eu\/de\/wp-json\/wp\/v2\/product"}],"about":[{"href":"https:\/\/www.huntersfriend.eu\/de\/wp-json\/wp\/v2\/types\/product"}],"replies":[{"embeddable":true,"href":"https:\/\/www.huntersfriend.eu\/de\/wp-json\/wp\/v2\/comments?post=290915"}],"wp:featuredmedia":[{"embeddable":true,"href":"https:\/\/www.huntersfriend.eu\/de\/wp-json\/wp\/v2\/media\/290261"}],"wp:attachment":[{"href":"https:\/\/www.huntersfriend.eu\/de\/wp-json\/wp\/v2\/media?parent=290915"}],"wp:term":[{"taxonomy":"product_brand","embeddable":true,"href":"https:\/\/www.huntersfriend.eu\/de\/wp-json\/wp\/v2\/product_brand?post=290915"},{"taxonomy":"product_cat","embeddable":true,"href":"https:\/\/www.huntersfriend.eu\/de\/wp-json\/wp\/v2\/product_cat?post=290915"},{"taxonomy":"product_tag","embeddable":true,"href":"https:\/\/www.huntersfriend.eu\/de\/wp-json\/wp\/v2\/product_tag?post=290915"}],"curies":[{"name":"wp","href":"https:\/\/api.w.org\/{rel}","templated":true}]}}