{"id":290905,"date":"2025-07-31T12:00:39","date_gmt":"2025-07-31T10:00:39","guid":{"rendered":"https:\/\/www.huntersfriend.eu\/product\/sitka-jetstream-jacke-subalpin-2\/"},"modified":"2026-01-29T12:13:01","modified_gmt":"2026-01-29T10:13:01","slug":"sitka-jetstream-jacke-subalpin-2","status":"publish","type":"product","link":"https:\/\/www.huntersfriend.eu\/de\/produkt\/sitka-jetstream-jacke-subalpin-2\/","title":{"rendered":"SITKA Jetstream Jacke subalpin"},"content":{"rendered":"<p>Die Jetstream Jacke ist die meistverkaufte SITKA Jacke aller Zeiten &#8211; und das aus gutem Grund. Nichts wirft Sie so aus der Jagd wie Wind, der durch alle Ihre Schichten dringt und Sie bis ins Mark erschauern l\u00e4sst. Die Jetstream wurde entwickelt, um dieses Problem zu l\u00f6sen. Durch die Verwendung von WINDSTOPPER\u00ae von GORE-TEX LABS verhindert diese Jacke buchst\u00e4blich, dass Wind in Ihr System eindringt, und hilft Ihnen, W\u00e4rme zu speichern, indem sie konvektiven W\u00e4rmeverlust verhindert, bevor er \u00fcberhaupt beginnt. Wir haben das Design mit Funktionen wie einer sicheren und zuziehbare Kapuze, die Ihre periphere Sicht nicht behindert, Bel\u00fcftungsrei\u00dfverschl\u00fcssen zur W\u00e4rmeableitung w\u00e4hrend der Bewegung und einem ger\u00e4uschlosen, aber strapazierf\u00e4higen Obermaterial, das widerstandsf\u00e4hig gegen H\u00e4ngenbleiben und Rei\u00dfen ist, aufgewertet. Die Passform ist modern und dennoch anpassungsf\u00e4hig, mit vorgeformten \u00c4rmeln, die die Bewegung f\u00f6rdern, ohne den Ein- und Ausstieg in die Jacke einzuschr\u00e4nken. Wir glauben an einen Systemansatz f\u00fcr das Schichtprinzip und die Jetstream spielt eine entscheidende Rolle in diesem System, da sie in der mittleren bis sp\u00e4ten Saison als robuste, winddichte Au\u00dfenschicht dient. Sie ist auf dem Berg, im Boot, auf dem Bauernhof und \u00fcberall dort zu Hause, wo der kalte Wind weht.       <\/p>\n<p>Diese mit WINDSTOPPER\u00ae von GORE-TEX LABS gefertigte, funktionsreiche Softshell-Jacke sch\u00fctzt Sie in der mittleren und sp\u00e4ten Saison vor steifen Nordwinden. Ein Micro-Grid-Innenfleece bietet entscheidende W\u00e4rme und Bel\u00fcftungsrei\u00dfverschl\u00fcsse leiten bei anstrengenden vertikalen Anstiegen W\u00e4rme ab. Die Passform und Verarbeitung der Jetstream Jacke sorgen f\u00fcr Komfort und ein DWR-behandeltes Obermaterial hilft, leichten Regen und Schnee abzuweisen. Gewebte Eins\u00e4tze aus recyceltem Polyester erh\u00f6hen die Strapazierf\u00e4higkeit in stark beanspruchten Bereichen und gestrickte Eins\u00e4tze sind so positioniert, dass sie bei Bedarf Ger\u00e4usche reduzieren.   <\/p>\n<ul class=\"jsx-1027194987 space-y-4 list-disc\">\n<li class=\"jsx-1027194987 remove-marker mt-[24px] md:mt-[60px]\">\n<div class=\"feature_item\">100 % winddichtes WINDSTOPPER\u00ae von GORE-TEX LABS<\/div>\n<div class=\"feature_item\">Die recycelte Fleece-R\u00fcckseite bietet leichte W\u00e4rme<\/div>\n<div class=\"feature_item\">Eins\u00e4tze aus recyceltem Polyestergewebe an stark beanspruchten Stellen erh\u00f6hen die Strapazierf\u00e4higkeit bei Bedarf<\/div>\n<div class=\"feature_item\">Eins\u00e4tze aus recyceltem Polyestergestrick unter den \u00c4rmeln und am unteren Rumpf begrenzen Reibung und Ger\u00e4usche<\/div>\n<div class=\"feature_item\">Bel\u00fcftungsrei\u00dfverschl\u00fcsse erm\u00f6glichen eine bessere Temperaturregulierung bei hoher Anstrengung<\/div>\n<div class=\"feature_item\">Die verstellbare Kapuze sch\u00fctzt vor Wind, ohne das Sichtfeld einzuschr\u00e4nken<\/div>\n<div class=\"feature_item\">Hand- und Brusttaschen mit Rei\u00dfverschluss bieten sicheren Stauraum f\u00fcr wichtige Dinge<\/div>\n<div class=\"feature_item\">Gesamtgewicht: 771 g<\/div>\n<\/li>\n<\/ul>\n","protected":false},"excerpt":{"rendered":"<p>Die Jetstream Jacke ist die meistverkaufte SITKA Jacke aller Zeiten &#8211; und das aus gutem Grund. Nichts wirft Sie so aus der Jagd wie Wind, der durch alle Ihre Schichten dringt und Sie bis ins Mark erschauern l\u00e4sst. Die Jetstream wurde entwickelt, um dieses Problem zu l\u00f6sen. Durch die Verwendung von WINDSTOPPER\u00ae von GORE-TEX LABS [&#8230;]\n","protected":false},"featured_media":290486,"comment_status":"open","ping_status":"closed","template":"","meta":[],"product_brand":[],"product_cat":[2741,1384],"product_tag":[],"class_list":{"0":"post-290905","1":"product","2":"type-product","3":"status-publish","4":"has-post-thumbnail","6":"product_cat-jackor","7":"product_cat-jacken","9":"first","10":"instock","11":"taxable","12":"shipping-taxable","13":"purchasable","14":"product-type-variable"},"composite_virtual":false,"composite_layout":"","composite_add_to_cart_form_location":"","composite_editable_in_cart":false,"composite_sold_individually_context":"","composite_shop_price_calc":"","composite_components":[],"composite_scenarios":[],"group_of_quantity":0,"min_quantity":0,"max_quantity":"","exclude_order_quantity_value_rules":"no","exclude_category_quantity_rules":"no","combine_variations":"no","exclude_global_add_ons":[],"addons":[],"_links":{"self":[{"href":"https:\/\/www.huntersfriend.eu\/de\/wp-json\/wp\/v2\/product\/290905","targetHints":{"allow":["GET"]}}],"collection":[{"href":"https:\/\/www.huntersfriend.eu\/de\/wp-json\/wp\/v2\/product"}],"about":[{"href":"https:\/\/www.huntersfriend.eu\/de\/wp-json\/wp\/v2\/types\/product"}],"replies":[{"embeddable":true,"href":"https:\/\/www.huntersfriend.eu\/de\/wp-json\/wp\/v2\/comments?post=290905"}],"wp:featuredmedia":[{"embeddable":true,"href":"https:\/\/www.huntersfriend.eu\/de\/wp-json\/wp\/v2\/media\/290486"}],"wp:attachment":[{"href":"https:\/\/www.huntersfriend.eu\/de\/wp-json\/wp\/v2\/media?parent=290905"}],"wp:term":[{"taxonomy":"product_brand","embeddable":true,"href":"https:\/\/www.huntersfriend.eu\/de\/wp-json\/wp\/v2\/product_brand?post=290905"},{"taxonomy":"product_cat","embeddable":true,"href":"https:\/\/www.huntersfriend.eu\/de\/wp-json\/wp\/v2\/product_cat?post=290905"},{"taxonomy":"product_tag","embeddable":true,"href":"https:\/\/www.huntersfriend.eu\/de\/wp-json\/wp\/v2\/product_tag?post=290905"}],"curies":[{"name":"wp","href":"https:\/\/api.w.org\/{rel}","templated":true}]}}