{"id":290882,"date":"2025-08-05T00:01:24","date_gmt":"2025-08-04T22:01:24","guid":{"rendered":"https:\/\/www.huntersfriend.eu\/product\/sitka-damen-timberline-hose-deep-lichen\/"},"modified":"2026-01-29T12:13:15","modified_gmt":"2026-01-29T10:13:15","slug":"sitka-damen-timberline-hose-deep-lichen","status":"publish","type":"product","link":"https:\/\/www.huntersfriend.eu\/de\/produkt\/sitka-damen-timberline-hose-deep-lichen\/","title":{"rendered":"SITKA Damen Timberline Hose Deep Lichen"},"content":{"rendered":"<p data-start=\"51\" data-end=\"98\"><strong data-start=\"51\" data-end=\"98\">Sitka Damen Timberline Hose \u2013 Deep Lichen<\/strong><\/p>\n<p data-start=\"100\" data-end=\"558\">Die Sitka Damen Timberline Hose ist f\u00fcr anspruchsvolle Bedingungen konzipiert, wo Strapazierf\u00e4higkeit, Wetterschutz und Bewegungsfreiheit unerl\u00e4sslich sind. Mit einem frauenspezifischen Schnitt, flexiblem Softshell-Gewebe und wasserdichten Verst\u00e4rkungen ist diese Hose ein zuverl\u00e4ssiger Begleiter sowohl f\u00fcr die Sp\u00e4tjagd als auch f\u00fcr Wanderabenteuer. Die Farbe Deep Lichen f\u00fcgt sich nahtlos in nat\u00fcrliche Landschaften ein und sieht dabei f\u00fcr den t\u00e4glichen Outdoor-Einsatz sauber und stilvoll aus.  <\/p>\n<h3 data-start=\"560\" data-end=\"580\"><strong data-start=\"564\" data-end=\"580\">Hauptmerkmale<\/strong><\/h3>\n<ul data-start=\"582\" data-end=\"886\">\n<li data-start=\"582\" data-end=\"633\">\n<p data-start=\"584\" data-end=\"633\">Vier-Wege-Stretchgewebe f\u00fcr optimale Bewegungsfreiheit<\/p>\n<\/li>\n<li data-start=\"634\" data-end=\"700\">\n<p data-start=\"636\" data-end=\"700\">Wasserdichte und atmungsaktive Verst\u00e4rkungen an Knien und Ges\u00e4\u00df<\/p>\n<\/li>\n<li data-start=\"701\" data-end=\"757\">\n<p data-start=\"703\" data-end=\"757\">Herausnehmbare Kniepolster f\u00fcr zus\u00e4tzlichen Komfort und Strapazierf\u00e4higkeit<\/p>\n<\/li>\n<li data-start=\"758\" data-end=\"823\">\n<p data-start=\"760\" data-end=\"823\">DWR-Behandlung (Durable Water Repellent) weist Wasser und Schmutz ab<\/p>\n<\/li>\n<li data-start=\"824\" data-end=\"886\">\n<p data-start=\"826\" data-end=\"886\">Frauenspezifische Passform mit schmal zulaufenden Beinen und niedrigem Bund<\/p>\n<\/li>\n<\/ul>\n<h3 data-start=\"888\" data-end=\"910\"><strong data-start=\"892\" data-end=\"910\">Verwendung &amp; Merkmale<\/strong><\/h3>\n<p data-start=\"912\" data-end=\"1481\">Die Timberline Hose ist die perfekte Wahl, wenn der Boden nass ist, der Wind bei\u00dft und st\u00e4ndige Bewegung erforderlich ist. Verst\u00e4rkte Bereiche halten Feuchtigkeit ab, wenn Sie auf feuchten Steinen sitzen oder auf den Knien arbeiten. Der Vier-Wege-Stretch erm\u00f6glicht volle Bewegungsfreiheit \u2013 Klettern, B\u00fccken und weite Schritte ohne Einschr\u00e4nkung. Herausnehmbare Kniepolster sch\u00fctzen Ihre Knie in felsigem oder unwegsamem Gel\u00e4nde, und die DWR-Beschichtung verhindert, dass Wasser und Schmutz in den Stoff eindringen. Diese Hose ist leicht und dennoch strapazierf\u00e4hig und ideal als Teil eines Schichtsystems bei kalten und wechselhaften Wetterbedingungen.    <\/p>\n<h3 data-start=\"1483\" data-end=\"1515\"><strong data-start=\"1487\" data-end=\"1515\">Technische Daten<\/strong><\/h3>\n<ul data-start=\"1517\" data-end=\"1888\">\n<li data-start=\"1517\" data-end=\"1561\">\n<p data-start=\"1519\" data-end=\"1561\"><strong data-start=\"1519\" data-end=\"1532\">Material:<\/strong> Vier-Wege-Stretch-Polyester<\/p>\n<\/li>\n<li data-start=\"1562\" data-end=\"1640\">\n<p data-start=\"1564\" data-end=\"1640\"><strong data-start=\"1564\" data-end=\"1583\">Verst\u00e4rkungen:<\/strong> Wasserdichtes, atmungsaktives Ripstop-Nylon an Knien und Ges\u00e4\u00df<\/p>\n<\/li>\n<li data-start=\"1641\" data-end=\"1697\">\n<p data-start=\"1643\" data-end=\"1697\"><strong data-start=\"1643\" data-end=\"1665\">Schutzbeschichtung:<\/strong> DWR (dauerhaft wasserabweisend)<\/p>\n<\/li>\n<li data-start=\"1698\" data-end=\"1756\">\n<p data-start=\"1700\" data-end=\"1756\"><strong data-start=\"1700\" data-end=\"1708\">Passform:<\/strong> Athletische Passform, schmal zulaufende Beine, niedriger Bund<\/p>\n<\/li>\n<li data-start=\"1757\" data-end=\"1792\">\n<p data-start=\"1759\" data-end=\"1792\"><strong data-start=\"1759\" data-end=\"1770\">Extras:<\/strong> Herausnehmbare Kniepolster<\/p>\n<\/li>\n<li data-start=\"1793\" data-end=\"1840\">\n<p data-start=\"1795\" data-end=\"1840\"><strong data-start=\"1795\" data-end=\"1806\">Gewicht:<\/strong> Ca. 641 g (Gr\u00f6\u00dfe 26 Regular) <\/p>\n<\/li>\n<li data-start=\"1841\" data-end=\"1867\">\n<p data-start=\"1843\" data-end=\"1867\"><strong data-start=\"1843\" data-end=\"1853\">Farbe:<\/strong> Deep Lichen<\/p>\n<\/li>\n<li data-start=\"1868\" data-end=\"1888\">\n<p data-start=\"1870\" data-end=\"1888\"><strong data-start=\"1870\" data-end=\"1880\">Gr\u00f6\u00dfen:<\/strong> 26\u201334<\/p>\n<\/li>\n<\/ul>\n","protected":false},"excerpt":{"rendered":"<p>Sitka Damen Timberline Hose \u2013 Deep Lichen Die Sitka Damen Timberline Hose ist f\u00fcr anspruchsvolle Bedingungen konzipiert, wo Strapazierf\u00e4higkeit, Wetterschutz und Bewegungsfreiheit unerl\u00e4sslich sind. Mit einem frauenspezifischen Schnitt, flexiblem Softshell-Gewebe und wasserdichten Verst\u00e4rkungen ist diese Hose ein zuverl\u00e4ssiger Begleiter sowohl f\u00fcr die Sp\u00e4tjagd als auch f\u00fcr Wanderabenteuer. Die Farbe Deep Lichen f\u00fcgt sich nahtlos in [&#8230;]\n","protected":false},"featured_media":290527,"comment_status":"open","ping_status":"closed","template":"","meta":[],"product_brand":[],"product_cat":[2117,2710],"product_tag":[],"class_list":{"0":"post-290882","1":"product","2":"type-product","3":"status-publish","4":"has-post-thumbnail","6":"product_cat-jagdbekleidung-fur-damen","7":"product_cat-jaktklader-for-dam","9":"first","10":"instock","11":"taxable","12":"shipping-taxable","13":"purchasable","14":"product-type-variable"},"composite_virtual":false,"composite_layout":"","composite_add_to_cart_form_location":"","composite_editable_in_cart":false,"composite_sold_individually_context":"","composite_shop_price_calc":"","composite_components":[],"composite_scenarios":[],"group_of_quantity":0,"min_quantity":0,"max_quantity":"","exclude_order_quantity_value_rules":"no","exclude_category_quantity_rules":"no","combine_variations":"no","exclude_global_add_ons":[],"addons":[],"_links":{"self":[{"href":"https:\/\/www.huntersfriend.eu\/de\/wp-json\/wp\/v2\/product\/290882","targetHints":{"allow":["GET"]}}],"collection":[{"href":"https:\/\/www.huntersfriend.eu\/de\/wp-json\/wp\/v2\/product"}],"about":[{"href":"https:\/\/www.huntersfriend.eu\/de\/wp-json\/wp\/v2\/types\/product"}],"replies":[{"embeddable":true,"href":"https:\/\/www.huntersfriend.eu\/de\/wp-json\/wp\/v2\/comments?post=290882"}],"wp:featuredmedia":[{"embeddable":true,"href":"https:\/\/www.huntersfriend.eu\/de\/wp-json\/wp\/v2\/media\/290527"}],"wp:attachment":[{"href":"https:\/\/www.huntersfriend.eu\/de\/wp-json\/wp\/v2\/media?parent=290882"}],"wp:term":[{"taxonomy":"product_brand","embeddable":true,"href":"https:\/\/www.huntersfriend.eu\/de\/wp-json\/wp\/v2\/product_brand?post=290882"},{"taxonomy":"product_cat","embeddable":true,"href":"https:\/\/www.huntersfriend.eu\/de\/wp-json\/wp\/v2\/product_cat?post=290882"},{"taxonomy":"product_tag","embeddable":true,"href":"https:\/\/www.huntersfriend.eu\/de\/wp-json\/wp\/v2\/product_tag?post=290882"}],"curies":[{"name":"wp","href":"https:\/\/api.w.org\/{rel}","templated":true}]}}