{"id":290867,"date":"2025-08-02T00:48:27","date_gmt":"2025-08-01T22:48:27","guid":{"rendered":"https:\/\/www.huntersfriend.eu\/product\/sitka-traverse-hoodie-fuer-damen\/"},"modified":"2026-01-29T12:13:11","modified_gmt":"2026-01-29T10:13:11","slug":"sitka-traverse-hoodie-fuer-damen","status":"publish","type":"product","link":"https:\/\/www.huntersfriend.eu\/de\/produkt\/sitka-traverse-hoodie-fuer-damen\/","title":{"rendered":"SITKA Traverse Hoodie f\u00fcr Damen"},"content":{"rendered":"<p>Bei der Entwicklung des Traverse Hoodies standen Komfort und Vielseitigkeit im Vordergrund. Er verf\u00fcgt \u00fcber ein hochfloriges Berber-Fleece-Futter f\u00fcr ein weiches Tragegef\u00fchl, das viel W\u00e4rme spendet, sowie \u00fcber leichtere Fleece-Eins\u00e4tze an den Seiten und unter den Armen f\u00fcr eine stromlinienf\u00f6rmige Passform. Eine ultra-leise Polyester-Strickoberfl\u00e4che mit dauerhaft wasserabweisender Ausr\u00fcstung weist leichten Niederschlag ab. Die in diesem Hoodie verwendeten Stoffe werden aus recycelten Materialien hergestellt.  <\/p>\n<p>Ultra-leiser Polyester-Strickstoff mit hochflorigem Berber-Fleece-Futter<\/p>\n<p>Umweltfreundlicher Stoff aus recycelten Materialien<\/p>\n<p>Eingesetzte, mittelschwere Fleece-Eins\u00e4tze an den Seiten und unter den Armen f\u00fcr optimalen Komfort und Bewegungsfreiheit<\/p>\n<p>Die dauerhaft wasserabweisende Ausr\u00fcstung weist leichten Niederschlag ab und verhindert, dass sich der Stoff vollsaugt<\/p>\n<p>Handw\u00e4rmertaschen mit Rei\u00dfverschluss bieten sicheren Stauraum<\/p>\n<p>Die geformte Kapuze schr\u00e4nkt das periphere Sehen nicht ein<\/p>\n<p>Integrierte Gesichtsmaske zur Tarnung<\/p>\n<p>Unauff\u00e4llige Daumenschlaufen f\u00fcr einfaches \u00dcberziehen<\/p>\n<p>Gesamtgewicht: 680 g<\/p>\n<p>&nbsp;<\/p>\n","protected":false},"excerpt":{"rendered":"<p>Bei der Entwicklung des Traverse Hoodies standen Komfort und Vielseitigkeit im Vordergrund. Er verf\u00fcgt \u00fcber ein hochfloriges Berber-Fleece-Futter f\u00fcr ein weiches Tragegef\u00fchl, das viel W\u00e4rme spendet, sowie \u00fcber leichtere Fleece-Eins\u00e4tze an den Seiten und unter den Armen f\u00fcr eine stromlinienf\u00f6rmige Passform. Eine ultra-leise Polyester-Strickoberfl\u00e4che mit dauerhaft wasserabweisender Ausr\u00fcstung weist leichten Niederschlag ab. Die in diesem [&#8230;]\n","protected":false},"featured_media":290548,"comment_status":"open","ping_status":"closed","template":"","meta":[],"product_brand":[],"product_cat":[2117,2710],"product_tag":[],"class_list":{"0":"post-290867","1":"product","2":"type-product","3":"status-publish","4":"has-post-thumbnail","6":"product_cat-jagdbekleidung-fur-damen","7":"product_cat-jaktklader-for-dam","9":"first","10":"instock","11":"taxable","12":"shipping-taxable","13":"purchasable","14":"product-type-variable"},"composite_virtual":false,"composite_layout":"","composite_add_to_cart_form_location":"","composite_editable_in_cart":false,"composite_sold_individually_context":"","composite_shop_price_calc":"","composite_components":[],"composite_scenarios":[],"group_of_quantity":0,"min_quantity":0,"max_quantity":"","exclude_order_quantity_value_rules":"no","exclude_category_quantity_rules":"no","combine_variations":"no","exclude_global_add_ons":[],"addons":[],"_links":{"self":[{"href":"https:\/\/www.huntersfriend.eu\/de\/wp-json\/wp\/v2\/product\/290867","targetHints":{"allow":["GET"]}}],"collection":[{"href":"https:\/\/www.huntersfriend.eu\/de\/wp-json\/wp\/v2\/product"}],"about":[{"href":"https:\/\/www.huntersfriend.eu\/de\/wp-json\/wp\/v2\/types\/product"}],"replies":[{"embeddable":true,"href":"https:\/\/www.huntersfriend.eu\/de\/wp-json\/wp\/v2\/comments?post=290867"}],"wp:featuredmedia":[{"embeddable":true,"href":"https:\/\/www.huntersfriend.eu\/de\/wp-json\/wp\/v2\/media\/290548"}],"wp:attachment":[{"href":"https:\/\/www.huntersfriend.eu\/de\/wp-json\/wp\/v2\/media?parent=290867"}],"wp:term":[{"taxonomy":"product_brand","embeddable":true,"href":"https:\/\/www.huntersfriend.eu\/de\/wp-json\/wp\/v2\/product_brand?post=290867"},{"taxonomy":"product_cat","embeddable":true,"href":"https:\/\/www.huntersfriend.eu\/de\/wp-json\/wp\/v2\/product_cat?post=290867"},{"taxonomy":"product_tag","embeddable":true,"href":"https:\/\/www.huntersfriend.eu\/de\/wp-json\/wp\/v2\/product_tag?post=290867"}],"curies":[{"name":"wp","href":"https:\/\/api.w.org\/{rel}","templated":true}]}}