{"id":290858,"date":"2025-08-02T00:48:26","date_gmt":"2025-08-01T22:48:26","guid":{"rendered":"https:\/\/www.huntersfriend.eu\/product\/sitka-traverse-handschuhe-fuer-damen\/"},"modified":"2025-09-23T13:14:09","modified_gmt":"2025-09-23T11:14:09","slug":"sitka-traverse-handschuhe-fuer-damen","status":"publish","type":"product","link":"https:\/\/www.huntersfriend.eu\/de\/produkt\/sitka-traverse-handschuhe-fuer-damen\/","title":{"rendered":"SITKA Traverse Handschuhe f\u00fcr Damen"},"content":{"rendered":"<p>Der Traverse Handschuh wurde f\u00fcr Komfort ohne Verlust der Fingerfertigkeit entwickelt und bietet ein weiches, dehnbares Gef\u00fchl. Die Touchscreen-Kompatibilit\u00e4t erm\u00f6glicht Ihnen die einfache Nutzung Ihres Telefons oder GPS, w\u00e4hrend ein leichter Silikondruck auf der Handfl\u00e4che f\u00fcr Halt an Ihrer Baumstandleiter, Schusswaffe oder Ihrem Bogen sorgt. Die im Handschuh verwendeten Stoffe werden aus recycelten Materialien hergestellt.  <\/p>\n<p>Recyceltes Stretch-Polyfleece-Gewebe (98 % recyceltes Polyester, 2 % Elastan)<\/p>\n<p>Die dauerhafte, wasserabweisende Beschichtung weist leichte Niederschl\u00e4ge ab und ist schmutzabweisend.<\/p>\n<p>Ax Suede Touchscreen-kompatibler Zeigefinger und Daumen<\/p>\n<p>Leichter Silikondruck auf der Handfl\u00e4che f\u00fcr verbesserten Halt<\/p>\n<p>Gesamtgewicht: 57 g<\/p>\n","protected":false},"excerpt":{"rendered":"<p>Der Traverse Handschuh wurde f\u00fcr Komfort ohne Verlust der Fingerfertigkeit entwickelt und bietet ein weiches, dehnbares Gef\u00fchl. Die Touchscreen-Kompatibilit\u00e4t erm\u00f6glicht Ihnen die einfache Nutzung Ihres Telefons oder GPS, w\u00e4hrend ein leichter Silikondruck auf der Handfl\u00e4che f\u00fcr Halt an Ihrer Baumstandleiter, Schusswaffe oder Ihrem Bogen sorgt. Die im Handschuh verwendeten Stoffe werden aus recycelten Materialien hergestellt. [&#8230;]\n","protected":false},"featured_media":290565,"comment_status":"open","ping_status":"closed","template":"","meta":[],"product_brand":[],"product_cat":[2117],"product_tag":[],"class_list":{"0":"post-290858","1":"product","2":"type-product","3":"status-publish","4":"has-post-thumbnail","6":"product_cat-jagdbekleidung-fur-damen","8":"first","9":"instock","10":"taxable","11":"shipping-taxable","12":"purchasable","13":"product-type-variable"},"composite_virtual":false,"composite_layout":"","composite_add_to_cart_form_location":"","composite_editable_in_cart":false,"composite_sold_individually_context":"","composite_shop_price_calc":"","composite_components":[],"composite_scenarios":[],"group_of_quantity":0,"min_quantity":0,"max_quantity":"","exclude_order_quantity_value_rules":"no","exclude_category_quantity_rules":"no","combine_variations":"no","exclude_global_add_ons":[],"addons":[],"_links":{"self":[{"href":"https:\/\/www.huntersfriend.eu\/de\/wp-json\/wp\/v2\/product\/290858","targetHints":{"allow":["GET"]}}],"collection":[{"href":"https:\/\/www.huntersfriend.eu\/de\/wp-json\/wp\/v2\/product"}],"about":[{"href":"https:\/\/www.huntersfriend.eu\/de\/wp-json\/wp\/v2\/types\/product"}],"replies":[{"embeddable":true,"href":"https:\/\/www.huntersfriend.eu\/de\/wp-json\/wp\/v2\/comments?post=290858"}],"wp:featuredmedia":[{"embeddable":true,"href":"https:\/\/www.huntersfriend.eu\/de\/wp-json\/wp\/v2\/media\/290565"}],"wp:attachment":[{"href":"https:\/\/www.huntersfriend.eu\/de\/wp-json\/wp\/v2\/media?parent=290858"}],"wp:term":[{"taxonomy":"product_brand","embeddable":true,"href":"https:\/\/www.huntersfriend.eu\/de\/wp-json\/wp\/v2\/product_brand?post=290858"},{"taxonomy":"product_cat","embeddable":true,"href":"https:\/\/www.huntersfriend.eu\/de\/wp-json\/wp\/v2\/product_cat?post=290858"},{"taxonomy":"product_tag","embeddable":true,"href":"https:\/\/www.huntersfriend.eu\/de\/wp-json\/wp\/v2\/product_tag?post=290858"}],"curies":[{"name":"wp","href":"https:\/\/api.w.org\/{rel}","templated":true}]}}