{"id":290851,"date":"2025-08-02T00:48:26","date_gmt":"2025-08-01T22:48:26","guid":{"rendered":"https:\/\/www.huntersfriend.eu\/product\/sitka-fanatic-hoodie-fuer-damen\/"},"modified":"2026-01-29T12:13:11","modified_gmt":"2026-01-29T10:13:11","slug":"sitka-fanatic-hoodie-fuer-damen","status":"publish","type":"product","link":"https:\/\/www.huntersfriend.eu\/de\/produkt\/sitka-fanatic-hoodie-fuer-damen\/","title":{"rendered":"SITKA Fanatic Hoodie f\u00fcr Damen"},"content":{"rendered":"<p>Der neue Fanatic Hoody hat die Wurzeln eines traditionellen Hoodies, der in ein verstohlenes Jagdoberteil verwandelt wurde. Dieser schwere, fleeceisolierte Hoody bietet Komfort-Stretch f\u00fcr mehr Bewegungsfreiheit und eine kanalartige Konstruktion f\u00fcr zus\u00e4tzliche Atmungsaktivit\u00e4t und Feuchtigkeitsmanagement. Ziehen Sie die Kapuze hoch, und eine eingebaute, hochgradig luftdurchl\u00e4ssige Mesh-Gesichtsmaske sorgt f\u00fcr eine vollst\u00e4ndige Tarnung, ohne Sie beim Atmen zu \u00fcberhitzen. Umklappbare Handf\u00e4ustlinge mit integriertem Daumenloch erm\u00f6glichen ein einfaches Schichten und W\u00e4rme und vervollst\u00e4ndigen ein unendlich vielseitiges Jagdwerkzeug, das w\u00e4hrend der gesamten Saison getragen werden kann.   <\/p>\n<p>K\u00f6rper und Kapuze: schweres Comfort-Stretch-Fleece (93 % Polyester\/7 % Elastan).<\/p>\n<p>Gesichtsmaske: schnell trocknendes, leichtes Stretch-Mesh (88 % Polyester\/12 % Elastan).<\/p>\n<p>Die Polygiene\u00ae Odor Control Technology neutralisiert sicher Ger\u00fcche, die durch Schwei\u00df entstehen.<\/p>\n","protected":false},"excerpt":{"rendered":"<p>Der neue Fanatic Hoody hat die Wurzeln eines traditionellen Hoodies, der in ein verstohlenes Jagdoberteil verwandelt wurde. Dieser schwere, fleeceisolierte Hoody bietet Komfort-Stretch f\u00fcr mehr Bewegungsfreiheit und eine kanalartige Konstruktion f\u00fcr zus\u00e4tzliche Atmungsaktivit\u00e4t und Feuchtigkeitsmanagement. Ziehen Sie die Kapuze hoch, und eine eingebaute, hochgradig luftdurchl\u00e4ssige Mesh-Gesichtsmaske sorgt f\u00fcr eine vollst\u00e4ndige Tarnung, ohne Sie beim Atmen [&#8230;]\n","protected":false},"featured_media":290593,"comment_status":"open","ping_status":"closed","template":"","meta":[],"product_brand":[],"product_cat":[2117,2710],"product_tag":[],"class_list":{"0":"post-290851","1":"product","2":"type-product","3":"status-publish","4":"has-post-thumbnail","6":"product_cat-jagdbekleidung-fur-damen","7":"product_cat-jaktklader-for-dam","9":"first","10":"instock","11":"taxable","12":"shipping-taxable","13":"purchasable","14":"product-type-variable"},"composite_virtual":false,"composite_layout":"","composite_add_to_cart_form_location":"","composite_editable_in_cart":false,"composite_sold_individually_context":"","composite_shop_price_calc":"","composite_components":[],"composite_scenarios":[],"group_of_quantity":0,"min_quantity":0,"max_quantity":"","exclude_order_quantity_value_rules":"no","exclude_category_quantity_rules":"no","combine_variations":"no","exclude_global_add_ons":[],"addons":[],"_links":{"self":[{"href":"https:\/\/www.huntersfriend.eu\/de\/wp-json\/wp\/v2\/product\/290851","targetHints":{"allow":["GET"]}}],"collection":[{"href":"https:\/\/www.huntersfriend.eu\/de\/wp-json\/wp\/v2\/product"}],"about":[{"href":"https:\/\/www.huntersfriend.eu\/de\/wp-json\/wp\/v2\/types\/product"}],"replies":[{"embeddable":true,"href":"https:\/\/www.huntersfriend.eu\/de\/wp-json\/wp\/v2\/comments?post=290851"}],"wp:featuredmedia":[{"embeddable":true,"href":"https:\/\/www.huntersfriend.eu\/de\/wp-json\/wp\/v2\/media\/290593"}],"wp:attachment":[{"href":"https:\/\/www.huntersfriend.eu\/de\/wp-json\/wp\/v2\/media?parent=290851"}],"wp:term":[{"taxonomy":"product_brand","embeddable":true,"href":"https:\/\/www.huntersfriend.eu\/de\/wp-json\/wp\/v2\/product_brand?post=290851"},{"taxonomy":"product_cat","embeddable":true,"href":"https:\/\/www.huntersfriend.eu\/de\/wp-json\/wp\/v2\/product_cat?post=290851"},{"taxonomy":"product_tag","embeddable":true,"href":"https:\/\/www.huntersfriend.eu\/de\/wp-json\/wp\/v2\/product_tag?post=290851"}],"curies":[{"name":"wp","href":"https:\/\/api.w.org\/{rel}","templated":true}]}}