{"id":290846,"date":"2025-08-02T00:48:25","date_gmt":"2025-08-01T22:48:25","guid":{"rendered":"https:\/\/www.huntersfriend.eu\/product\/sitka-damen-core-midweight-crew-langarmshirt\/"},"modified":"2026-01-29T12:13:10","modified_gmt":"2026-01-29T10:13:10","slug":"sitka-damen-core-midweight-crew-langarmshirt","status":"publish","type":"product","link":"https:\/\/www.huntersfriend.eu\/de\/produkt\/sitka-damen-core-midweight-crew-langarmshirt\/","title":{"rendered":"SITKA Damen Core Midweight Crew Langarmshirt"},"content":{"rendered":"<p>Hergestellt mit mittelschwerer, komfortabler Stretch-Fleece-Isolierung zur Regulierung Ihres Mikroklimas, erh\u00f6ht das CORE Midweight Crew Langarmshirt die W\u00e4rme, damit Sie sich bei k\u00fchlen Temperaturen bewegen k\u00f6nnen, w\u00e4hrend es aktiv Feuchtigkeit von Ihrer Haut ableitet, um Sie trocken und komfortabel zu halten. Ein langer, hinten verl\u00e4ngerter Schnitt sorgt f\u00fcr zus\u00e4tzliche W\u00e4rme und Bedeckung, w\u00e4hrend versetzte N\u00e4hte an den Schultern Ihre Bewegungsfreiheit und den Komfort beim Tragen eines Rucksacks verbessern. <\/p>\n<p>Gewicht: 178,60 g \/\/ Gr\u00f6\u00dfe M<\/p>\n<p>Material: schnelltrocknendes, mittelschweres Komfort-Stretch-Fleece (96 % Polyester\/4 % Elastan).<\/p>\n<p>Daumenl\u00f6cher: Halten Sie Ihre Isolationsschicht an Ort und Stelle, w\u00e4hrend Sie w\u00e4hrend der Jagd Schichten ablegen.<\/p>\n<p>Die Polygiene\u00ae Odor Control Technology neutralisiert sicher Ger\u00fcche, die durch Schwei\u00df entstehen.<\/p>\n","protected":false},"excerpt":{"rendered":"<p>Hergestellt mit mittelschwerer, komfortabler Stretch-Fleece-Isolierung zur Regulierung Ihres Mikroklimas, erh\u00f6ht das CORE Midweight Crew Langarmshirt die W\u00e4rme, damit Sie sich bei k\u00fchlen Temperaturen bewegen k\u00f6nnen, w\u00e4hrend es aktiv Feuchtigkeit von Ihrer Haut ableitet, um Sie trocken und komfortabel zu halten. Ein langer, hinten verl\u00e4ngerter Schnitt sorgt f\u00fcr zus\u00e4tzliche W\u00e4rme und Bedeckung, w\u00e4hrend versetzte N\u00e4hte an [&#8230;]\n","protected":false},"featured_media":290574,"comment_status":"open","ping_status":"closed","template":"","meta":[],"product_brand":[],"product_cat":[2117,2710],"product_tag":[],"class_list":{"0":"post-290846","1":"product","2":"type-product","3":"status-publish","4":"has-post-thumbnail","6":"product_cat-jagdbekleidung-fur-damen","7":"product_cat-jaktklader-for-dam","9":"first","10":"instock","11":"taxable","12":"shipping-taxable","13":"purchasable","14":"product-type-variable"},"composite_virtual":false,"composite_layout":"","composite_add_to_cart_form_location":"","composite_editable_in_cart":false,"composite_sold_individually_context":"","composite_shop_price_calc":"","composite_components":[],"composite_scenarios":[],"group_of_quantity":0,"min_quantity":0,"max_quantity":"","exclude_order_quantity_value_rules":"no","exclude_category_quantity_rules":"no","combine_variations":"no","exclude_global_add_ons":[],"addons":[],"_links":{"self":[{"href":"https:\/\/www.huntersfriend.eu\/de\/wp-json\/wp\/v2\/product\/290846","targetHints":{"allow":["GET"]}}],"collection":[{"href":"https:\/\/www.huntersfriend.eu\/de\/wp-json\/wp\/v2\/product"}],"about":[{"href":"https:\/\/www.huntersfriend.eu\/de\/wp-json\/wp\/v2\/types\/product"}],"replies":[{"embeddable":true,"href":"https:\/\/www.huntersfriend.eu\/de\/wp-json\/wp\/v2\/comments?post=290846"}],"wp:featuredmedia":[{"embeddable":true,"href":"https:\/\/www.huntersfriend.eu\/de\/wp-json\/wp\/v2\/media\/290574"}],"wp:attachment":[{"href":"https:\/\/www.huntersfriend.eu\/de\/wp-json\/wp\/v2\/media?parent=290846"}],"wp:term":[{"taxonomy":"product_brand","embeddable":true,"href":"https:\/\/www.huntersfriend.eu\/de\/wp-json\/wp\/v2\/product_brand?post=290846"},{"taxonomy":"product_cat","embeddable":true,"href":"https:\/\/www.huntersfriend.eu\/de\/wp-json\/wp\/v2\/product_cat?post=290846"},{"taxonomy":"product_tag","embeddable":true,"href":"https:\/\/www.huntersfriend.eu\/de\/wp-json\/wp\/v2\/product_tag?post=290846"}],"curies":[{"name":"wp","href":"https:\/\/api.w.org\/{rel}","templated":true}]}}