{"id":290798,"date":"2025-07-31T13:47:08","date_gmt":"2025-07-31T11:47:08","guid":{"rendered":"https:\/\/www.huntersfriend.eu\/product\/sitka-back-40-stiefel-earth\/"},"modified":"2026-04-01T22:18:28","modified_gmt":"2026-04-01T20:18:28","slug":"sitka-back-40-stiefel-earth","status":"publish","type":"product","link":"https:\/\/www.huntersfriend.eu\/de\/produkt\/sitka-back-40-stiefel-earth\/","title":{"rendered":"SITKA Back 40 Stiefel &#8211; Earth"},"content":{"rendered":"<p>Der Back40 Stiefel definiert die Leistung von hohen Stiefeln neu, von der Vorbereitung vor der Saison bis zu sp\u00e4ten Ansitzen. Vom Oberteil bis zur Unterseite der Laufsohle ist dieser Stiefel mit ganzt\u00e4gigem Komfort in jeder Facette des Designs ausgestattet. 800 Gramm Thinsulate\u2122-Isolierung regulieren die Temperatur w\u00e4hrend der Jagden und Aufgaben, die Sie durchqueren. Die vollst\u00e4ndig wasserdichte Konstruktion, zus\u00e4tzliche Gummi-Overlays und eine Gummi-Laufsohle mit Multi-Oberfl\u00e4chen-Traktion schaffen den Inbegriff zuverl\u00e4ssiger Haltbarkeit.   <\/p>\n<ul class=\"jsx-1027194987 space-y-4 list-disc\">\n<li class=\"jsx-1027194987 remove-marker mt-[24px] md:mt-[60px]\">\n<div class=\"feature_item\">Das wasserdichte Gummi- und Neopren-Obermaterial ist zonal geformt, um zus\u00e4tzlichen Komfort und Schutz zu bieten<\/div>\n<div class=\"feature_item\">Die durchgehende, geformte EVA-Zwischensohle bietet un\u00fcbertroffenen Komfort unter dem Fu\u00df<\/div>\n<div class=\"feature_item\">800 g Thinsulate\u2122-Isoliersystem bietet ganzj\u00e4hrige Temperaturregulierung<\/div>\n<div class=\"feature_item\">Multi-Oberfl\u00e4chen-Gummi-Laufsohle, unterst\u00fctzt durch unser firmeneigenes SITKA Apex Tread System f\u00fcr Traktion auf jeder Oberfl\u00e4che<\/div>\n<div class=\"feature_item\">Das firmeneigene, geformte PU-Fu\u00dfbett f\u00f6rdert den Komfort unter dem Fu\u00df<\/div>\n<div class=\"feature_item\">Gummi-Overlays an Ferse und Zehen verst\u00e4rken die Haltbarkeit, wo Sie sie am meisten ben\u00f6tigen<\/div>\n<div class=\"feature_item\">Die Gummi-Fersenkick-Pad erm\u00f6glicht einen einfachen Ausstieg<\/div>\n<div class=\"feature_item\">Wenn Sie zwischen zwei Gr\u00f6\u00dfen liegen, empfehlen wir, eine Nummer gr\u00f6\u00dfer zu w\u00e4hlen<\/div>\n<div class=\"feature_item\">Komfortbereich -20 \u00b0F bis 40 \u00b0F<\/div>\n<div class=\"feature_item\">Stiefel Gr\u00f6\u00dfe 10 ~ 18\u201d H\u00f6he, 17,6\u201d Wadenumfang<\/div>\n<div class=\"feature_item\">42,5 oz pro Stiefel (gemessen in Gr\u00f6\u00dfe 10)<\/div>\n<div class=\"feature_item\">30-Tage-R\u00fcckgabefenster<\/div>\n<\/li>\n<\/ul>\n<p>Wasserdichte Gummistiefel sind seit Jahrzehnten ein fester Bestandteil in Hirschst\u00e4nden, Entenunterst\u00e4nden und Lastwagen auf dem Bauernhof. Vom Anpflanzen eines Wildackers bis zur Jagd dar\u00fcber erledigen Gummistiefel zuverl\u00e4ssig die Arbeit, aber historisch gesehen enden ihre Auszeichnungen dort. Einem vertrauensw\u00fcrdigen Arbeitstier wie diesem war ein Upgrade f\u00e4llig, und wir machten uns daran, unsere eigene Version zu bauen, die den Komfort, die Leistung und die Haltbarkeit auf ungeahnte H\u00f6hen steigerte. Der Back40 Stiefel ist um Ihren Fu\u00df geformt und strotzt vor Unterst\u00fctzung und Stabilit\u00e4t unter dem Fu\u00df. Er stellt sich neu vor, wie sich ein Gummistiefel nach einem ganzen Arbeitstag oder mehreren Tagen hintereinander in einem Baum oder Unterstand anf\u00fchlt.   <\/p>\n","protected":false},"excerpt":{"rendered":"<p>Der Back40 Stiefel definiert die Leistung von hohen Stiefeln neu, von der Vorbereitung vor der Saison bis zu sp\u00e4ten Ansitzen. Vom Oberteil bis zur Unterseite der Laufsohle ist dieser Stiefel mit ganzt\u00e4gigem Komfort in jeder Facette des Designs ausgestattet. 800 Gramm Thinsulate\u2122-Isolierung regulieren die Temperatur w\u00e4hrend der Jagden und Aufgaben, die Sie durchqueren. Die vollst\u00e4ndig [&#8230;]\n","protected":false},"featured_media":290333,"comment_status":"open","ping_status":"closed","template":"","meta":[],"product_brand":[],"product_cat":[2679,2835,1129,1385],"product_tag":[],"class_list":{"0":"post-290798","1":"product","2":"type-product","3":"status-publish","4":"has-post-thumbnail","6":"product_cat-gummistovlar","7":"product_cat-jaktkangor","8":"product_cat-jagd-stiefel","9":"product_cat-gummistiefel","10":"product_shipping_class-medium-de","12":"first","13":"instock","14":"featured","15":"taxable","16":"shipping-taxable","17":"purchasable","18":"product-type-variable"},"composite_virtual":false,"composite_layout":"","composite_add_to_cart_form_location":"","composite_editable_in_cart":false,"composite_sold_individually_context":"","composite_shop_price_calc":"","composite_components":[],"composite_scenarios":[],"group_of_quantity":0,"min_quantity":0,"max_quantity":"","exclude_order_quantity_value_rules":"no","exclude_category_quantity_rules":"no","combine_variations":"no","exclude_global_add_ons":[],"addons":[],"_links":{"self":[{"href":"https:\/\/www.huntersfriend.eu\/de\/wp-json\/wp\/v2\/product\/290798","targetHints":{"allow":["GET"]}}],"collection":[{"href":"https:\/\/www.huntersfriend.eu\/de\/wp-json\/wp\/v2\/product"}],"about":[{"href":"https:\/\/www.huntersfriend.eu\/de\/wp-json\/wp\/v2\/types\/product"}],"replies":[{"embeddable":true,"href":"https:\/\/www.huntersfriend.eu\/de\/wp-json\/wp\/v2\/comments?post=290798"}],"wp:featuredmedia":[{"embeddable":true,"href":"https:\/\/www.huntersfriend.eu\/de\/wp-json\/wp\/v2\/media\/290333"}],"wp:attachment":[{"href":"https:\/\/www.huntersfriend.eu\/de\/wp-json\/wp\/v2\/media?parent=290798"}],"wp:term":[{"taxonomy":"product_brand","embeddable":true,"href":"https:\/\/www.huntersfriend.eu\/de\/wp-json\/wp\/v2\/product_brand?post=290798"},{"taxonomy":"product_cat","embeddable":true,"href":"https:\/\/www.huntersfriend.eu\/de\/wp-json\/wp\/v2\/product_cat?post=290798"},{"taxonomy":"product_tag","embeddable":true,"href":"https:\/\/www.huntersfriend.eu\/de\/wp-json\/wp\/v2\/product_tag?post=290798"}],"curies":[{"name":"wp","href":"https:\/\/api.w.org\/{rel}","templated":true}]}}