{"id":290714,"date":"2025-07-31T13:47:04","date_gmt":"2025-07-31T11:47:04","guid":{"rendered":"https:\/\/www.huntersfriend.eu\/product\/sitka-timberline-pro-hose\/"},"modified":"2026-01-29T12:13:06","modified_gmt":"2026-01-29T10:13:06","slug":"sitka-timberline-pro-hose","status":"publish","type":"product","link":"https:\/\/www.huntersfriend.eu\/de\/produkt\/sitka-timberline-pro-hose\/","title":{"rendered":"SITKA Timberline Pro Hose"},"content":{"rendered":"<p>Die Timberline Pro Hose wurde f\u00fcr die entlegensten Winkel entwickelt und geschaffen, um Jagden im sp\u00e4ten Backcountry zu meistern. Das strapazierf\u00e4hige Polyester-Nylon und das zus\u00e4tzliche wasserdichte GORE-TEX-Gewebe im Ges\u00e4\u00df- und Unterschenkelbereich bieten hervorragenden Schutz beim Durchbrechen von Gestr\u00fcpp oder beim Navigieren in feuchten Umgebungen. Die Bel\u00fcftung durch Mesh-H\u00fcftbel\u00fcftungs\u00f6ffnungen mit Rei\u00dfverschluss und die vielseitigen Mesh-Kniepolstertaschen machen sie zur leistungsf\u00e4higsten Hose f\u00fcr die sp\u00e4te Saison, oberhalb oder unterhalb der Baumgrenze. Eine interne GORE-TEX-Stiefelgamasche mit Schn\u00fcrhaken und elastischem Gripper am Saum h\u00e4lt Feuchtigkeit au\u00dferhalb der Hose \u2013 wo sie hingeh\u00f6rt. Aufbauend auf der altehrw\u00fcrdigen Timberline-Hose sind die Timberline Pros so konstruiert, dass sie dem h\u00e4rtesten Bergwetter und -gel\u00e4nde standhalten.    <\/p>\n<ul class=\"jsx-1027194987 space-y-4 list-disc\">\n<li class=\"jsx-1027194987 remove-marker mt-[24px] md:mt-[60px]\">\n<div class=\"feature_item\">Das extrem strapazierf\u00e4hige Polyester-Nylon-Obermaterial sch\u00fctzt vor Abrieb und dem h\u00e4rtesten Gel\u00e4nde<\/div>\n<div class=\"feature_item\">Das 3-lagige GORE-TEX-Gewebe im Ges\u00e4\u00df- und Unterschenkelbereich garantiert, dass Sie trocken bleiben<\/div>\n<div class=\"feature_item\">Handw\u00e4rmertaschen mit Rei\u00dfverschluss bieten sicheren Stauraum f\u00fcr wichtige Dinge<\/div>\n<div class=\"feature_item\">Cargo-Taschen mit Rei\u00dfverschluss und Balg verstauen kleinere Ausr\u00fcstungsgegenst\u00e4nde schnell und sorgf\u00e4ltig<\/div>\n<div class=\"feature_item\">Die versteckte interne Cargotasche sorgt f\u00fcr zus\u00e4tzliche Sicherheit Ihrer Wertsachen<\/div>\n<div class=\"feature_item\">Interne Mesh-Kniepolstertaschen bieten die M\u00f6glichkeit f\u00fcr zus\u00e4tzlichen Komfort beim Kriechen<\/div>\n<div class=\"feature_item\">Die verst\u00e4rkte Messertasche bietet eine dauerhafte L\u00f6sung f\u00fcr die Aufbewahrung von Messern<\/div>\n<div class=\"feature_item\">Mesh-H\u00fcftbel\u00fcftungs\u00f6ffnungen mit Rei\u00dfverschluss erm\u00f6glichen es Ihnen, W\u00e4rme abzuleiten, ohne auf Schutz zu verzichten<\/div>\n<div class=\"feature_item\">Hosentr\u00e4gerkompatible G\u00fcrtelschlaufen sorgen f\u00fcr die perfekte Passform<\/div>\n<div class=\"feature_item\">Die interne 3-lagige GORE-TEX-Stiefelgamasche mit Schn\u00fcrhaken bietet hervorragenden wasserdichten Schutz beim Wandern unter nassen Bedingungen<\/div>\n<div class=\"feature_item\">Der elastische Gripper am Hosensaum sorgt f\u00fcr einen sicheren Sitz um die Stiefel<\/div>\n<div class=\"feature_item\">Gesamtgewicht: 680 g<\/div>\n<\/li>\n<\/ul>\n","protected":false},"excerpt":{"rendered":"<p>Die Timberline Pro Hose wurde f\u00fcr die entlegensten Winkel entwickelt und geschaffen, um Jagden im sp\u00e4ten Backcountry zu meistern. Das strapazierf\u00e4hige Polyester-Nylon und das zus\u00e4tzliche wasserdichte GORE-TEX-Gewebe im Ges\u00e4\u00df- und Unterschenkelbereich bieten hervorragenden Schutz beim Durchbrechen von Gestr\u00fcpp oder beim Navigieren in feuchten Umgebungen. Die Bel\u00fcftung durch Mesh-H\u00fcftbel\u00fcftungs\u00f6ffnungen mit Rei\u00dfverschluss und die vielseitigen Mesh-Kniepolstertaschen machen [&#8230;]\n","protected":false},"featured_media":290295,"comment_status":"open","ping_status":"closed","template":"","meta":[],"product_brand":[],"product_cat":[2779,1128],"product_tag":[],"class_list":{"0":"post-290714","1":"product","2":"type-product","3":"status-publish","4":"has-post-thumbnail","6":"product_cat-byxor","7":"product_cat-hosen","9":"first","10":"instock","11":"taxable","12":"shipping-taxable","13":"purchasable","14":"product-type-variable"},"composite_virtual":false,"composite_layout":"","composite_add_to_cart_form_location":"","composite_editable_in_cart":false,"composite_sold_individually_context":"","composite_shop_price_calc":"","composite_components":[],"composite_scenarios":[],"group_of_quantity":0,"min_quantity":0,"max_quantity":"","exclude_order_quantity_value_rules":"no","exclude_category_quantity_rules":"no","combine_variations":"no","exclude_global_add_ons":[],"addons":[],"_links":{"self":[{"href":"https:\/\/www.huntersfriend.eu\/de\/wp-json\/wp\/v2\/product\/290714","targetHints":{"allow":["GET"]}}],"collection":[{"href":"https:\/\/www.huntersfriend.eu\/de\/wp-json\/wp\/v2\/product"}],"about":[{"href":"https:\/\/www.huntersfriend.eu\/de\/wp-json\/wp\/v2\/types\/product"}],"replies":[{"embeddable":true,"href":"https:\/\/www.huntersfriend.eu\/de\/wp-json\/wp\/v2\/comments?post=290714"}],"wp:featuredmedia":[{"embeddable":true,"href":"https:\/\/www.huntersfriend.eu\/de\/wp-json\/wp\/v2\/media\/290295"}],"wp:attachment":[{"href":"https:\/\/www.huntersfriend.eu\/de\/wp-json\/wp\/v2\/media?parent=290714"}],"wp:term":[{"taxonomy":"product_brand","embeddable":true,"href":"https:\/\/www.huntersfriend.eu\/de\/wp-json\/wp\/v2\/product_brand?post=290714"},{"taxonomy":"product_cat","embeddable":true,"href":"https:\/\/www.huntersfriend.eu\/de\/wp-json\/wp\/v2\/product_cat?post=290714"},{"taxonomy":"product_tag","embeddable":true,"href":"https:\/\/www.huntersfriend.eu\/de\/wp-json\/wp\/v2\/product_tag?post=290714"}],"curies":[{"name":"wp","href":"https:\/\/api.w.org\/{rel}","templated":true}]}}