{"id":290697,"date":"2025-07-31T12:00:37","date_gmt":"2025-07-31T10:00:37","guid":{"rendered":"https:\/\/www.huntersfriend.eu\/product\/sitka-core-lightweight-langarmshirt\/"},"modified":"2026-03-11T14:36:42","modified_gmt":"2026-03-11T12:36:42","slug":"sitka-core-lightweight-langarmshirt","status":"publish","type":"product","link":"https:\/\/www.huntersfriend.eu\/de\/produkt\/sitka-core-lightweight-langarmshirt\/","title":{"rendered":"SITKA Core Lightweight Langarmshirt"},"content":{"rendered":"<p>Hergestellt aus demselben feuchtigkeitsableitenden Stoff wie der Core Lightweight Hoody, ist unser Core Lightweight Rundhals-Langarmshirt eine solide Basisschicht. Ob als eigenst\u00e4ndiges Kleidungsst\u00fcck bei hei\u00dfem Wetter oder als Schicht in Ihrem System, das Core Lightweight Rundhals-Shirt wird zu jeder Jahreszeit und bei jeder Aktivit\u00e4t Leistung erbringen. <\/p>\n<p>Gewicht: 144,58 g \/\/ Gr\u00f6\u00dfe L <\/p>\n<p>Material: schnelltrocknender, leichter Komfort-Stretch-Strick (100 % Polyester).<\/p>\n<p>Die Polygiene\u00ae Odor Control Technology neutralisiert sicher Ger\u00fcche, die durch Schwei\u00df entstehen.<\/p>\n","protected":false},"excerpt":{"rendered":"<p>Hergestellt aus demselben feuchtigkeitsableitenden Stoff wie der Core Lightweight Hoody, ist unser Core Lightweight Rundhals-Langarmshirt eine solide Basisschicht. Ob als eigenst\u00e4ndiges Kleidungsst\u00fcck bei hei\u00dfem Wetter oder als Schicht in Ihrem System, das Core Lightweight Rundhals-Shirt wird zu jeder Jahreszeit und bei jeder Aktivit\u00e4t Leistung erbringen. Gewicht: 144,58 g \/\/ Gr\u00f6\u00dfe L Material: schnelltrocknender, leichter Komfort-Stretch-Strick [&#8230;]\n","protected":false},"featured_media":290425,"comment_status":"open","ping_status":"closed","template":"","meta":[],"product_brand":[],"product_cat":[2184,2813],"product_tag":[],"class_list":{"0":"post-290697","1":"product","2":"type-product","3":"status-publish","4":"has-post-thumbnail","6":"product_cat-hemden-kapuzenpullover","7":"product_cat-skjortor-hoodies","9":"first","10":"instock","11":"taxable","12":"shipping-taxable","13":"purchasable","14":"product-type-variable"},"composite_virtual":false,"composite_layout":"","composite_add_to_cart_form_location":"","composite_editable_in_cart":false,"composite_sold_individually_context":"","composite_shop_price_calc":"","composite_components":[],"composite_scenarios":[],"group_of_quantity":0,"min_quantity":0,"max_quantity":"","exclude_order_quantity_value_rules":"no","exclude_category_quantity_rules":"no","combine_variations":"no","exclude_global_add_ons":[],"addons":[],"_links":{"self":[{"href":"https:\/\/www.huntersfriend.eu\/de\/wp-json\/wp\/v2\/product\/290697","targetHints":{"allow":["GET"]}}],"collection":[{"href":"https:\/\/www.huntersfriend.eu\/de\/wp-json\/wp\/v2\/product"}],"about":[{"href":"https:\/\/www.huntersfriend.eu\/de\/wp-json\/wp\/v2\/types\/product"}],"replies":[{"embeddable":true,"href":"https:\/\/www.huntersfriend.eu\/de\/wp-json\/wp\/v2\/comments?post=290697"}],"wp:featuredmedia":[{"embeddable":true,"href":"https:\/\/www.huntersfriend.eu\/de\/wp-json\/wp\/v2\/media\/290425"}],"wp:attachment":[{"href":"https:\/\/www.huntersfriend.eu\/de\/wp-json\/wp\/v2\/media?parent=290697"}],"wp:term":[{"taxonomy":"product_brand","embeddable":true,"href":"https:\/\/www.huntersfriend.eu\/de\/wp-json\/wp\/v2\/product_brand?post=290697"},{"taxonomy":"product_cat","embeddable":true,"href":"https:\/\/www.huntersfriend.eu\/de\/wp-json\/wp\/v2\/product_cat?post=290697"},{"taxonomy":"product_tag","embeddable":true,"href":"https:\/\/www.huntersfriend.eu\/de\/wp-json\/wp\/v2\/product_tag?post=290697"}],"curies":[{"name":"wp","href":"https:\/\/api.w.org\/{rel}","templated":true}]}}