{"id":290681,"date":"2025-07-31T12:00:38","date_gmt":"2025-07-31T10:00:38","guid":{"rendered":"https:\/\/www.huntersfriend.eu\/product\/sitka-endure-hose-subalpin\/"},"modified":"2026-01-29T12:13:00","modified_gmt":"2026-01-29T10:13:00","slug":"sitka-endure-hose-subalpin","status":"publish","type":"product","link":"https:\/\/www.huntersfriend.eu\/de\/produkt\/sitka-endure-hose-subalpin\/","title":{"rendered":"SITKA Endure Hose Subalpin"},"content":{"rendered":"<p>Die Endure Pant wurde f\u00fcr ganzj\u00e4hrigen Komfort und Leistung entwickelt und ist der Ma\u00dfstab f\u00fcr vielseitige Strapazierf\u00e4higkeit. Diese Hose wurde aus einem extrem strapazierf\u00e4higen Doppelgewebe aus Polyester gefertigt und bietet enorme Robustheit ohne zus\u00e4tzliche Reibung und Ger\u00e4uschentwicklung. \u00d6ffnen Sie die H\u00fcftbel\u00fcftungs\u00f6ffnungen mit Rei\u00dfverschluss, um W\u00e4rme abzuleiten, wenn Sie an H\u00f6he gewinnen, und verwenden Sie die internen Netztaschen f\u00fcr Knieschoner, wenn die Jagd auf allen Vieren stattfindet. Das innovative Taschensystem sorgt daf\u00fcr, dass Sie jederzeit schnellen Zugriff auf Wertsachen und kleinere Ausr\u00fcstungsgegenst\u00e4nde haben. Die Kombination aus strapazierf\u00e4higem Komfort und umfassender Funktionalit\u00e4t macht die Endure Pant zum Multitool Ihres Systems.    <\/p>\n<ul class=\"jsx-1027194987 space-y-4 list-disc\">\n<li class=\"jsx-1027194987 remove-marker mt-[24px] md:mt-[60px]\">\n<div class=\"feature_item\">Doppelgewebtes Polyestergewebe vereint Tarnung und Strapazierf\u00e4higkeit<\/div>\n<div class=\"feature_item\">Hand- und Cargotaschen mit Rei\u00dfverschluss bieten sichere Aufbewahrung wichtiger Dinge<\/div>\n<div class=\"feature_item\">Innentasche in der rechten Cargotasche sorgt daf\u00fcr, dass die Ausr\u00fcstung in Reichweite ist<\/div>\n<div class=\"feature_item\">Interne Netztaschen f\u00fcr Knieschoner bieten die M\u00f6glichkeit f\u00fcr zus\u00e4tzlichen Komfort beim Krabbeln<\/div>\n<div class=\"feature_item\">Die verst\u00e4rkte Messertasche bietet eine dauerhafte L\u00f6sung f\u00fcr die Aufbewahrung von Messern<\/div>\n<div class=\"feature_item\">H\u00fcftbel\u00fcftungs\u00f6ffnungen mit Rei\u00dfverschluss erm\u00f6glichen es Ihnen, bei anstrengenden Anstiegen W\u00e4rme abzuleiten<\/div>\n<div class=\"feature_item\">Hosentr\u00e4gerkompatible G\u00fcrtelschlaufen sorgen f\u00fcr die perfekte Passform<\/div>\n<div class=\"feature_item\">Gesamtgewicht 32R: 499 g<\/div>\n<\/li>\n<\/ul>\n","protected":false},"excerpt":{"rendered":"<p>Die Endure Pant wurde f\u00fcr ganzj\u00e4hrigen Komfort und Leistung entwickelt und ist der Ma\u00dfstab f\u00fcr vielseitige Strapazierf\u00e4higkeit. Diese Hose wurde aus einem extrem strapazierf\u00e4higen Doppelgewebe aus Polyester gefertigt und bietet enorme Robustheit ohne zus\u00e4tzliche Reibung und Ger\u00e4uschentwicklung. \u00d6ffnen Sie die H\u00fcftbel\u00fcftungs\u00f6ffnungen mit Rei\u00dfverschluss, um W\u00e4rme abzuleiten, wenn Sie an H\u00f6he gewinnen, und verwenden Sie die [&#8230;]\n","protected":false},"featured_media":290511,"comment_status":"open","ping_status":"closed","template":"","meta":[],"product_brand":[],"product_cat":[2779,1128],"product_tag":[],"class_list":{"0":"post-290681","1":"product","2":"type-product","3":"status-publish","4":"has-post-thumbnail","6":"product_cat-byxor","7":"product_cat-hosen","9":"first","10":"instock","11":"taxable","12":"shipping-taxable","13":"purchasable","14":"product-type-variable"},"composite_virtual":false,"composite_layout":"","composite_add_to_cart_form_location":"","composite_editable_in_cart":false,"composite_sold_individually_context":"","composite_shop_price_calc":"","composite_components":[],"composite_scenarios":[],"group_of_quantity":0,"min_quantity":0,"max_quantity":"","exclude_order_quantity_value_rules":"no","exclude_category_quantity_rules":"no","combine_variations":"no","exclude_global_add_ons":[],"addons":[],"_links":{"self":[{"href":"https:\/\/www.huntersfriend.eu\/de\/wp-json\/wp\/v2\/product\/290681","targetHints":{"allow":["GET"]}}],"collection":[{"href":"https:\/\/www.huntersfriend.eu\/de\/wp-json\/wp\/v2\/product"}],"about":[{"href":"https:\/\/www.huntersfriend.eu\/de\/wp-json\/wp\/v2\/types\/product"}],"replies":[{"embeddable":true,"href":"https:\/\/www.huntersfriend.eu\/de\/wp-json\/wp\/v2\/comments?post=290681"}],"wp:featuredmedia":[{"embeddable":true,"href":"https:\/\/www.huntersfriend.eu\/de\/wp-json\/wp\/v2\/media\/290511"}],"wp:attachment":[{"href":"https:\/\/www.huntersfriend.eu\/de\/wp-json\/wp\/v2\/media?parent=290681"}],"wp:term":[{"taxonomy":"product_brand","embeddable":true,"href":"https:\/\/www.huntersfriend.eu\/de\/wp-json\/wp\/v2\/product_brand?post=290681"},{"taxonomy":"product_cat","embeddable":true,"href":"https:\/\/www.huntersfriend.eu\/de\/wp-json\/wp\/v2\/product_cat?post=290681"},{"taxonomy":"product_tag","embeddable":true,"href":"https:\/\/www.huntersfriend.eu\/de\/wp-json\/wp\/v2\/product_tag?post=290681"}],"curies":[{"name":"wp","href":"https:\/\/api.w.org\/{rel}","templated":true}]}}