{"id":290665,"date":"2025-07-31T12:00:36","date_gmt":"2025-07-31T10:00:36","guid":{"rendered":"https:\/\/www.huntersfriend.eu\/product\/sitka-ambient-75-hoodie\/"},"modified":"2026-01-29T12:12:57","modified_gmt":"2026-01-29T10:12:57","slug":"sitka-ambient-75-hoodie","status":"publish","type":"product","link":"https:\/\/www.huntersfriend.eu\/de\/produkt\/sitka-ambient-75-hoodie\/","title":{"rendered":"SITKA Ambient 75 Hoodie"},"content":{"rendered":"<p>Als leichteste Option unserer Ambient-Linie aktiver Isolierung ist der Ambient 75 Hoodie darauf ausgelegt, atmungsaktiv zu sein, wenn Sie sich intensiv bewegen, und Sie warm zu halten, w\u00e4hrend Sie verschnaufen. Er ist mit 75g Primaloft Evolve Aktiv-Isolierung und Polartec Stretch-Gewebe im Body-Mapping-Verfahren ausgestattet, um sich ger\u00e4uschlos mit Ihnen zu bewegen. Das 20D Ripstop-Obermaterial sorgt daf\u00fcr, dass Sie in jeder Situation gesch\u00fctzt sind. <\/p>\n<p>75g Primaloft Evolve Aktiv-Isolierung an Brust und Armen<\/p>\n<p>Polartec Stretch-Gewebe f\u00fcr Bewegungsfreiheit und Atmungsaktivit\u00e4t unter den Armen und an den Seiten<\/p>\n<p>Body-Mapping-Design f\u00fcr optimale Thermoregulation und Beweglichkeit<\/p>\n<p>Strapazierf\u00e4higes 20D Ripstop-Nylon-Obermaterial<\/p>\n<p>Dauerhaft wasserabweisende Beschichtung weist leichten Niederschlag ab<\/p>\n<p>Rei\u00dfverschluss-Brusttasche<\/p>\n","protected":false},"excerpt":{"rendered":"<p>Als leichteste Option unserer Ambient-Linie aktiver Isolierung ist der Ambient 75 Hoodie darauf ausgelegt, atmungsaktiv zu sein, wenn Sie sich intensiv bewegen, und Sie warm zu halten, w\u00e4hrend Sie verschnaufen. Er ist mit 75g Primaloft Evolve Aktiv-Isolierung und Polartec Stretch-Gewebe im Body-Mapping-Verfahren ausgestattet, um sich ger\u00e4uschlos mit Ihnen zu bewegen. Das 20D Ripstop-Obermaterial sorgt daf\u00fcr, [&#8230;]\n","protected":false},"featured_media":290402,"comment_status":"open","ping_status":"closed","template":"","meta":[],"product_brand":[],"product_cat":[2184,2813],"product_tag":[],"class_list":{"0":"post-290665","1":"product","2":"type-product","3":"status-publish","4":"has-post-thumbnail","6":"product_cat-hemden-kapuzenpullover","7":"product_cat-skjortor-hoodies","9":"first","10":"instock","11":"taxable","12":"shipping-taxable","13":"purchasable","14":"product-type-variable"},"composite_virtual":false,"composite_layout":"","composite_add_to_cart_form_location":"","composite_editable_in_cart":false,"composite_sold_individually_context":"","composite_shop_price_calc":"","composite_components":[],"composite_scenarios":[],"group_of_quantity":0,"min_quantity":0,"max_quantity":"","exclude_order_quantity_value_rules":"no","exclude_category_quantity_rules":"no","combine_variations":"no","exclude_global_add_ons":[],"addons":[],"_links":{"self":[{"href":"https:\/\/www.huntersfriend.eu\/de\/wp-json\/wp\/v2\/product\/290665","targetHints":{"allow":["GET"]}}],"collection":[{"href":"https:\/\/www.huntersfriend.eu\/de\/wp-json\/wp\/v2\/product"}],"about":[{"href":"https:\/\/www.huntersfriend.eu\/de\/wp-json\/wp\/v2\/types\/product"}],"replies":[{"embeddable":true,"href":"https:\/\/www.huntersfriend.eu\/de\/wp-json\/wp\/v2\/comments?post=290665"}],"wp:featuredmedia":[{"embeddable":true,"href":"https:\/\/www.huntersfriend.eu\/de\/wp-json\/wp\/v2\/media\/290402"}],"wp:attachment":[{"href":"https:\/\/www.huntersfriend.eu\/de\/wp-json\/wp\/v2\/media?parent=290665"}],"wp:term":[{"taxonomy":"product_brand","embeddable":true,"href":"https:\/\/www.huntersfriend.eu\/de\/wp-json\/wp\/v2\/product_brand?post=290665"},{"taxonomy":"product_cat","embeddable":true,"href":"https:\/\/www.huntersfriend.eu\/de\/wp-json\/wp\/v2\/product_cat?post=290665"},{"taxonomy":"product_tag","embeddable":true,"href":"https:\/\/www.huntersfriend.eu\/de\/wp-json\/wp\/v2\/product_tag?post=290665"}],"curies":[{"name":"wp","href":"https:\/\/api.w.org\/{rel}","templated":true}]}}