{"id":290645,"date":"2025-07-31T12:00:36","date_gmt":"2025-07-31T10:00:36","guid":{"rendered":"https:\/\/www.huntersfriend.eu\/product\/sitka-blizzard-gtx-handschuhe\/"},"modified":"2026-01-29T12:12:58","modified_gmt":"2026-01-29T10:12:58","slug":"sitka-blizzard-gtx-handschuhe","status":"publish","type":"product","link":"https:\/\/www.huntersfriend.eu\/de\/produkt\/sitka-blizzard-gtx-handschuhe\/","title":{"rendered":"SITKA Blizzard GTX Handschuhe"},"content":{"rendered":"<p>Halten Sie Ihre H\u00e4nde trocken, warm und einsatzbereit, selbst bei den schlimmsten St\u00fcrmen der sp\u00e4ten Saison, dank einer fortschrittlichen Kombination aus einer 100 % wasserdichten, atmungsaktiven GORE-TEX-Membran und PrimaLoft\u00ae Gold-Isolierung. Der Blizzard GTX Handschuh verf\u00fcgt \u00fcber eine Stretch-Polyester-Au\u00dfenh\u00fclle mit einer k\u00fcrzeren Stulpe, die unter der Jackenmanschette verstaut werden kann, um zus\u00e4tzlichen Wetterschutz zu bieten. Synthetische Lederflicken auf der Handfl\u00e4che und den Fingern erh\u00f6hen die Griffigkeit.  <\/p>\n<p>Das atmungsaktive GORE-TEX-Futter h\u00e4lt Ihre H\u00e4nde trocken<\/p>\n<p>Primaloft Gold-Isolierung mit Cross Core-Technologie<\/p>\n<p>Erh\u00f6hte Fingerfertigkeit durch eine Stretch-Polyester-Au\u00dfenh\u00fclle<\/p>\n<p>Robuste Handfl\u00e4che und Finger aus synthetischem Leder mit zus\u00e4tzlichen Grip-Patches<\/p>\n<p>Verstellbarer Handgelenkverschluss<\/p>\n<p>206 g<\/p>\n","protected":false},"excerpt":{"rendered":"<p>Halten Sie Ihre H\u00e4nde trocken, warm und einsatzbereit, selbst bei den schlimmsten St\u00fcrmen der sp\u00e4ten Saison, dank einer fortschrittlichen Kombination aus einer 100 % wasserdichten, atmungsaktiven GORE-TEX-Membran und PrimaLoft\u00ae Gold-Isolierung. Der Blizzard GTX Handschuh verf\u00fcgt \u00fcber eine Stretch-Polyester-Au\u00dfenh\u00fclle mit einer k\u00fcrzeren Stulpe, die unter der Jackenmanschette verstaut werden kann, um zus\u00e4tzlichen Wetterschutz zu bieten. Synthetische [&#8230;]\n","protected":false},"featured_media":290438,"comment_status":"open","ping_status":"closed","template":"","meta":[],"product_brand":[],"product_cat":[2809,1382],"product_tag":[],"class_list":{"0":"post-290645","1":"product","2":"type-product","3":"status-publish","4":"has-post-thumbnail","6":"product_cat-handskar","7":"product_cat-handschuhe","9":"first","10":"instock","11":"taxable","12":"shipping-taxable","13":"purchasable","14":"product-type-variable"},"composite_virtual":false,"composite_layout":"","composite_add_to_cart_form_location":"","composite_editable_in_cart":false,"composite_sold_individually_context":"","composite_shop_price_calc":"","composite_components":[],"composite_scenarios":[],"group_of_quantity":0,"min_quantity":0,"max_quantity":"","exclude_order_quantity_value_rules":"no","exclude_category_quantity_rules":"no","combine_variations":"no","exclude_global_add_ons":[],"addons":[],"_links":{"self":[{"href":"https:\/\/www.huntersfriend.eu\/de\/wp-json\/wp\/v2\/product\/290645","targetHints":{"allow":["GET"]}}],"collection":[{"href":"https:\/\/www.huntersfriend.eu\/de\/wp-json\/wp\/v2\/product"}],"about":[{"href":"https:\/\/www.huntersfriend.eu\/de\/wp-json\/wp\/v2\/types\/product"}],"replies":[{"embeddable":true,"href":"https:\/\/www.huntersfriend.eu\/de\/wp-json\/wp\/v2\/comments?post=290645"}],"wp:featuredmedia":[{"embeddable":true,"href":"https:\/\/www.huntersfriend.eu\/de\/wp-json\/wp\/v2\/media\/290438"}],"wp:attachment":[{"href":"https:\/\/www.huntersfriend.eu\/de\/wp-json\/wp\/v2\/media?parent=290645"}],"wp:term":[{"taxonomy":"product_brand","embeddable":true,"href":"https:\/\/www.huntersfriend.eu\/de\/wp-json\/wp\/v2\/product_brand?post=290645"},{"taxonomy":"product_cat","embeddable":true,"href":"https:\/\/www.huntersfriend.eu\/de\/wp-json\/wp\/v2\/product_cat?post=290645"},{"taxonomy":"product_tag","embeddable":true,"href":"https:\/\/www.huntersfriend.eu\/de\/wp-json\/wp\/v2\/product_tag?post=290645"}],"curies":[{"name":"wp","href":"https:\/\/api.w.org\/{rel}","templated":true}]}}