{"id":290635,"date":"2025-07-31T12:00:24","date_gmt":"2025-07-31T10:00:24","guid":{"rendered":"https:\/\/www.huntersfriend.eu\/product\/sitka-ambient-100-kapuzenjacke\/"},"modified":"2025-11-04T16:04:41","modified_gmt":"2025-11-04T14:04:41","slug":"sitka-ambient-100-kapuzenjacke","status":"publish","type":"product","link":"https:\/\/www.huntersfriend.eu\/de\/produkt\/sitka-ambient-100-kapuzenjacke\/","title":{"rendered":"SITKA ambient 100 Kapuzenjacke"},"content":{"rendered":"<p>Als unverzichtbare aktive Isolationsschicht in jedem System haben wir diese Kapuzenjacke mit Primaloft Evolve entwickelt, um die Atmungsaktivit\u00e4t zu maximieren, wenn Sie in Bewegung sind, und die W\u00e4rme zu speichern, sobald Sie Ihr Tempo verlangsamt haben. Mit einer strapazierf\u00e4higen 20D Ripstop-Nylon-Au\u00dfenseite h\u00e4lt sie dichtem Gestr\u00fcpp stand, und eine dauerhaft wasserabweisende Ausr\u00fcstung h\u00e4lt leichten Niederschlag ab und verhindert ein Durchn\u00e4ssen. Mit einem durchgehenden Rei\u00dfverschluss und Handtaschen ist dieses Kleidungsst\u00fcck ein Muss f\u00fcr den J\u00e4ger, der bei k\u00fchlem und kaltem Wetter unterwegs ist.  <\/p>\n<p>100 g Primaloft Evolve Aktiv-Isolation ist atmungsaktiv und speichert gleichzeitig W\u00e4rme<\/p>\n<p>20D Ripstop-Nylon-Au\u00dfenseite erh\u00f6ht die Strapazierf\u00e4higkeit<\/p>\n<p>Dauerhaft wasserabweisende Ausr\u00fcstung weist leichten Regen und Schnee ab<\/p>\n<p>4-Wege-Stretch erh\u00f6ht die Bewegungsfreiheit<\/p>\n<p>Brust- und Handtaschen mit Rei\u00dfverschluss<\/p>\n<p>Geformte Kapuze f\u00fcr eine stromlinienf\u00f6rmige Passform ohne Beeintr\u00e4chtigung der Sicht<\/p>\n<p>Durchgehender Rei\u00dfverschluss<\/p>\n<p>&nbsp;<\/p>\n","protected":false},"excerpt":{"rendered":"<p>Als unverzichtbare aktive Isolationsschicht in jedem System haben wir diese Kapuzenjacke mit Primaloft Evolve entwickelt, um die Atmungsaktivit\u00e4t zu maximieren, wenn Sie in Bewegung sind, und die W\u00e4rme zu speichern, sobald Sie Ihr Tempo verlangsamt haben. Mit einer strapazierf\u00e4higen 20D Ripstop-Nylon-Au\u00dfenseite h\u00e4lt sie dichtem Gestr\u00fcpp stand, und eine dauerhaft wasserabweisende Ausr\u00fcstung h\u00e4lt leichten Niederschlag ab [&#8230;]\n","protected":false},"featured_media":290153,"comment_status":"open","ping_status":"closed","template":"","meta":[],"product_brand":[],"product_cat":[2741],"product_tag":[],"class_list":{"0":"post-290635","1":"product","2":"type-product","3":"status-publish","4":"has-post-thumbnail","6":"product_cat-jackor","8":"first","9":"instock","10":"taxable","11":"shipping-taxable","12":"purchasable","13":"product-type-variable"},"composite_virtual":false,"composite_layout":"","composite_add_to_cart_form_location":"","composite_editable_in_cart":false,"composite_sold_individually_context":"","composite_shop_price_calc":"","composite_components":[],"composite_scenarios":[],"group_of_quantity":0,"min_quantity":0,"max_quantity":"","exclude_order_quantity_value_rules":"no","exclude_category_quantity_rules":"no","combine_variations":"no","exclude_global_add_ons":[],"addons":[],"_links":{"self":[{"href":"https:\/\/www.huntersfriend.eu\/de\/wp-json\/wp\/v2\/product\/290635","targetHints":{"allow":["GET"]}}],"collection":[{"href":"https:\/\/www.huntersfriend.eu\/de\/wp-json\/wp\/v2\/product"}],"about":[{"href":"https:\/\/www.huntersfriend.eu\/de\/wp-json\/wp\/v2\/types\/product"}],"replies":[{"embeddable":true,"href":"https:\/\/www.huntersfriend.eu\/de\/wp-json\/wp\/v2\/comments?post=290635"}],"wp:featuredmedia":[{"embeddable":true,"href":"https:\/\/www.huntersfriend.eu\/de\/wp-json\/wp\/v2\/media\/290153"}],"wp:attachment":[{"href":"https:\/\/www.huntersfriend.eu\/de\/wp-json\/wp\/v2\/media?parent=290635"}],"wp:term":[{"taxonomy":"product_brand","embeddable":true,"href":"https:\/\/www.huntersfriend.eu\/de\/wp-json\/wp\/v2\/product_brand?post=290635"},{"taxonomy":"product_cat","embeddable":true,"href":"https:\/\/www.huntersfriend.eu\/de\/wp-json\/wp\/v2\/product_cat?post=290635"},{"taxonomy":"product_tag","embeddable":true,"href":"https:\/\/www.huntersfriend.eu\/de\/wp-json\/wp\/v2\/product_tag?post=290635"}],"curies":[{"name":"wp","href":"https:\/\/api.w.org\/{rel}","templated":true}]}}