{"id":290621,"date":"2025-07-31T12:00:24","date_gmt":"2025-07-31T10:00:24","guid":{"rendered":"https:\/\/www.huntersfriend.eu\/product\/sitka-ambient-100-jacka-med-huva\/"},"modified":"2026-01-29T12:12:50","modified_gmt":"2026-01-29T10:12:50","slug":"sitka-ambient-100-jacka-med-huva","status":"publish","type":"product","link":"https:\/\/www.huntersfriend.eu\/de\/produkt\/sitka-ambient-100-jacka-med-huva\/","title":{"rendered":"SITKA ambient 100 jacka med huva"},"content":{"rendered":"<p>Som en h\u00f6rnsten i alla aktiva isoleringssystem har vi byggt den h\u00e4r jackan med huva med Primaloft Evolve f\u00f6r att maximera andningsf\u00f6rm\u00e5gan n\u00e4r du \u00e4r i r\u00f6relse och beh\u00e5lla v\u00e4rmen n\u00e4r du saktar ner. Med en slitstark 20D Ripstop-nylon framtill, t\u00e5l den tjocka buskar, och en slitstark vattenavvisande finish skyddar mot l\u00e4tt nederb\u00f6rd och f\u00f6rhindrar att den blir bl\u00f6t. Med en full\u00e4ngdsdragkedja fram och handfickor \u00e4r den h\u00e4r ett m\u00e5ste f\u00f6r j\u00e4garen i r\u00f6relse i svalt och kallt v\u00e4der.  <\/p>\n<p>100 g Primaloft Evolve aktiv isolering andas samtidigt som den beh\u00e5ller v\u00e4rmen<\/p>\n<p>20D Ripstop Nylon framtill f\u00f6rb\u00e4ttrar h\u00e5llbarheten<\/p>\n<p>Slitstark vattenavvisande finish st\u00f6ter bort l\u00e4tt regn och sn\u00f6<\/p>\n<p>4-v\u00e4gsstretch f\u00f6rb\u00e4ttrar r\u00f6rligheten<\/p>\n<p>Br\u00f6st- och handfickor med dragkedja<\/p>\n<p>Skulpterad huva f\u00f6r en str\u00f6mlinjeformad passform utan att skymma sikten<\/p>\n<p>Full\u00e4ngdsdragkedja fram<\/p>\n<p>&nbsp;<\/p>\n","protected":false},"excerpt":{"rendered":"<p>Som en h\u00f6rnsten i alla aktiva isoleringssystem har vi byggt den h\u00e4r jackan med huva med Primaloft Evolve f\u00f6r att maximera andningsf\u00f6rm\u00e5gan n\u00e4r du \u00e4r i r\u00f6relse och beh\u00e5lla v\u00e4rmen n\u00e4r du saktar ner. Med en slitstark 20D Ripstop-nylon framtill, t\u00e5l den tjocka buskar, och en slitstark vattenavvisande finish skyddar mot l\u00e4tt nederb\u00f6rd och f\u00f6rhindrar [&#8230;]\n","protected":false},"featured_media":290155,"comment_status":"open","ping_status":"closed","template":"","meta":[],"product_brand":[],"product_cat":[16],"product_tag":[],"class_list":{"0":"post-290621","1":"product","2":"type-product","3":"status-publish","4":"has-post-thumbnail","6":"product_cat-uncategorized","8":"first","9":"instock","10":"taxable","11":"shipping-taxable","12":"purchasable","13":"product-type-variable"},"composite_virtual":false,"composite_layout":"","composite_add_to_cart_form_location":"","composite_editable_in_cart":false,"composite_sold_individually_context":"","composite_shop_price_calc":"","composite_components":[],"composite_scenarios":[],"group_of_quantity":0,"min_quantity":0,"max_quantity":"","exclude_order_quantity_value_rules":"no","exclude_category_quantity_rules":"no","combine_variations":"no","exclude_global_add_ons":[],"addons":[],"_links":{"self":[{"href":"https:\/\/www.huntersfriend.eu\/de\/wp-json\/wp\/v2\/product\/290621","targetHints":{"allow":["GET"]}}],"collection":[{"href":"https:\/\/www.huntersfriend.eu\/de\/wp-json\/wp\/v2\/product"}],"about":[{"href":"https:\/\/www.huntersfriend.eu\/de\/wp-json\/wp\/v2\/types\/product"}],"replies":[{"embeddable":true,"href":"https:\/\/www.huntersfriend.eu\/de\/wp-json\/wp\/v2\/comments?post=290621"}],"wp:featuredmedia":[{"embeddable":true,"href":"https:\/\/www.huntersfriend.eu\/de\/wp-json\/wp\/v2\/media\/290155"}],"wp:attachment":[{"href":"https:\/\/www.huntersfriend.eu\/de\/wp-json\/wp\/v2\/media?parent=290621"}],"wp:term":[{"taxonomy":"product_brand","embeddable":true,"href":"https:\/\/www.huntersfriend.eu\/de\/wp-json\/wp\/v2\/product_brand?post=290621"},{"taxonomy":"product_cat","embeddable":true,"href":"https:\/\/www.huntersfriend.eu\/de\/wp-json\/wp\/v2\/product_cat?post=290621"},{"taxonomy":"product_tag","embeddable":true,"href":"https:\/\/www.huntersfriend.eu\/de\/wp-json\/wp\/v2\/product_tag?post=290621"}],"curies":[{"name":"wp","href":"https:\/\/api.w.org\/{rel}","templated":true}]}}